{"id":7427,"date":"2022-10-27T13:18:23","date_gmt":"2022-10-27T12:18:23","guid":{"rendered":"https:\/\/lineaunika.jumpgroup.it\/shop\/non%20class\u00e9\/competitive\/"},"modified":"2026-02-16T18:08:41","modified_gmt":"2026-02-16T17:08:41","slug":"competitive","status":"publish","type":"product","link":"https:\/\/unika.sitointest.it\/fr\/shop\/aliments-et-vitamines\/competitive\/","title":{"rendered":"Competitive"},"content":{"rendered":"<h4>Compl\u00e9ment alimentaire pour chevaux<\/h4>\n<p>Competitive est le compl\u00e9ment alimentaire qui se pr\u00e9sente sous la forme d\u2019une seringue, id\u00e9al pour une utilisation avant les comp\u00e9titions de longue dur\u00e9e, comme l\u2019endurance. Competitive essaie d\u2019aider le cheval du point de vue \u00e9nerg\u00e9tique en lui fournissant de l\u2019\u00e9nergie pr\u00eate \u00e0 l\u2019emploi \u00e0 utiliser pendant la course. Competitive est compos\u00e9 d\u2019acides amin\u00e9s \u00e0 cha\u00eene ramifi\u00e9e, L-carnitine, L-lysine et vitamine E, tr\u00e8s importantes pour les chevaux qui pratiquent des activit\u00e9s sportives.<\/p>\n<h4>Quand l\u2019utiliser<\/h4>\n<p>Competitive est id\u00e9al pour procurer \u00e0 votre cheval de l\u2019\u00e9nergie pour les comp\u00e9titions de longue dur\u00e9e, comme l\u2019endurance, et un apport suppl\u00e9mentaire en vitamine E.<\/p>\n<h4>Propri\u00e9t\u00e9s de ses \u00e9l\u00e9ments<\/h4>\n<p>Les acides amin\u00e9s \u00e0 cha\u00eene ramifi\u00e9e (valine, leucine et isoleucine) ont un effet \u00e9nergisant de moyenne \u00e0 longue dur\u00e9e, adapt\u00e9 par exemple aux courses de longue dur\u00e9e comme l\u2019endurance et le concours complet d\u2019\u00e9quitation. Dans le processus de production d\u2019\u00e9nergie, la L-carnitine est charg\u00e9e de transporter les acides gras dans les mitochondries, en acc\u00e9l\u00e9rant ainsi leur transformation. La carnitine, appel\u00e9e chargeur en glycog\u00e8ne, est largement utilis\u00e9e dans les protocoles de pr\u00e9paration des chevaux de comp\u00e9tition, notamment aux \u00c9tats-Unis. La vitamine E, en raison de sa fonction antioxydante, est utile dans les blocages musculaires.<\/p>\n<h4>Mode d\u2019emploi<\/h4>\n<p>Utiliser la totalit\u00e9 de la seringue de Competitive 3 heures avant une comp\u00e9tition et aussi souvent que n\u00e9cessaire pendant les contr\u00f4les v\u00e9t\u00e9rinaires.<\/p>\n<p>&nbsp;<\/p>\n<p>Poids net : 100 g<\/p>\n<p><em>(Chaque organisme \u00e9tant sp\u00e9cifique, il est toujours conseill\u00e9 de tester les nouveaux aliments en les introduisant progressivement dans l\u2019alimentation du cheval pour en \u00e9valuer la tol\u00e9rance).<\/em><\/p>\n<p><strong><em>Nous proc\u00e9dons \u00e0 un examen des \u00e9tiquettes. Si vous souhaitez recevoir l&#8217;\u00e9tiquette avant la vente, nous vous demandons de nous envoyer un e-mail \u00e0 l&#8217;adresse suivante : info@lineaunika.it . Nous nous excusons pour la g\u00eane occasionn\u00e9e.<\/em><\/strong><\/p>\n","protected":false},"excerpt":{"rendered":"<p>\u2714\ufe0f Seringue monodose pr\u00eate \u00e0 l&#8217;emploi<br \/>\n\u2714\ufe0f Id\u00e9al pour les comp\u00e9titions longues, comme l&#8217;endurance<br \/>\n\u2714\ufe0f Action \u00e9nerg\u00e9tique moyenne-longue dur\u00e9e<\/p>\n","protected":false},"featured_media":20802,"template":"","meta":{"_acf_changed":false,"_joinchat":[]},"product_brand":[],"product_cat":[444],"product_tag":[464,480,484,488],"class_list":{"0":"post-7427","1":"product","2":"type-product","3":"status-publish","4":"has-post-thumbnail","6":"product_cat-aliments-et-vitamines","7":"product_tag-endurance-fr","8":"product_tag-energie","9":"product_tag-muscles-fr","10":"product_tag-pas-de-dopage","12":"first","13":"instock","14":"taxable","15":"shipping-taxable","16":"purchasable","17":"product-type-simple"},"acf":[],"_links":{"self":[{"href":"https:\/\/unika.sitointest.it\/fr\/wp-json\/wp\/v2\/product\/7427","targetHints":{"allow":["GET"]}}],"collection":[{"href":"https:\/\/unika.sitointest.it\/fr\/wp-json\/wp\/v2\/product"}],"about":[{"href":"https:\/\/unika.sitointest.it\/fr\/wp-json\/wp\/v2\/types\/product"}],"version-history":[{"count":5,"href":"https:\/\/unika.sitointest.it\/fr\/wp-json\/wp\/v2\/product\/7427\/revisions"}],"predecessor-version":[{"id":27864,"href":"https:\/\/unika.sitointest.it\/fr\/wp-json\/wp\/v2\/product\/7427\/revisions\/27864"}],"wp:featuredmedia":[{"embeddable":true,"href":"https:\/\/unika.sitointest.it\/fr\/wp-json\/wp\/v2\/media\/20802"}],"wp:attachment":[{"href":"https:\/\/unika.sitointest.it\/fr\/wp-json\/wp\/v2\/media?parent=7427"}],"wp:term":[{"taxonomy":"product_brand","embeddable":true,"href":"https:\/\/unika.sitointest.it\/fr\/wp-json\/wp\/v2\/product_brand?post=7427"},{"taxonomy":"product_cat","embeddable":true,"href":"https:\/\/unika.sitointest.it\/fr\/wp-json\/wp\/v2\/product_cat?post=7427"},{"taxonomy":"product_tag","embeddable":true,"href":"https:\/\/unika.sitointest.it\/fr\/wp-json\/wp\/v2\/product_tag?post=7427"}],"curies":[{"name":"wp","href":"https:\/\/api.w.org\/{rel}","templated":true}]}}