{"id":7394,"date":"2022-10-27T13:02:16","date_gmt":"2022-10-27T12:02:16","guid":{"rendered":"https:\/\/lineaunika.jumpgroup.it\/shop\/non%20class\u00e9\/adeno-booster\/"},"modified":"2026-02-16T18:08:31","modified_gmt":"2026-02-16T17:08:31","slug":"adeno-booster","status":"publish","type":"product","link":"https:\/\/unika.sitointest.it\/fr\/shop\/aliments-et-vitamines\/adeno-booster\/","title":{"rendered":"Adeno Booster"},"content":{"rendered":"<h4>Compl\u00e9ment alimentaire pour chevaux<\/h4>\n<p>Adeno Booster est un compl\u00e9ment alimentaire qui se pr\u00e9sente sous la forme d\u2019une seringue, \u00e0 prendre avant la course pour aider le cheval \u00e0 endurer les efforts \u00e0 fournir durant la comp\u00e9tition. Adeno Booster contient des nucl\u00e9otides et constitue un alli\u00e9 pr\u00e9cieux pour tous les chevaux qui ont besoin d\u2019un soutien \u00e9nerg\u00e9tique pour affronter au mieux les comp\u00e9titions.<\/p>\n<h4>Quand l\u2019utiliser<\/h4>\n<p>Les principales disciplines n\u00e9cessitant Adeno Booster sont le saut d\u2019obstacles, le dressage et le concours complet, disciplines pour lesquelles les performances athl\u00e9tiques n\u00e9cessitent une \u00e9nergie pr\u00eate \u00e0 l\u2019emploi.<\/p>\n<h4>Mode d\u2019emploi<\/h4>\n<p>Utiliser une seringue d\u2019Adeno Booster une heure avant la comp\u00e9tition. Pour le saut d\u2019obstacles, une seringue d\u2019Adeno Booster peut \u00e9galement \u00eatre utilis\u00e9e entre la premi\u00e8re manche et le barrage.<\/p>\n<p>&nbsp;<\/p>\n<p>Poids net : 30 g<\/p>\n<p><em>(Chaque organisme \u00e9tant sp\u00e9cifique, il est toujours conseill\u00e9 de tester les nouveaux aliments en les introduisant progressivement dans l\u2019alimentation du cheval pour en \u00e9valuer la tol\u00e9rance).<\/em><\/p>\n<p><em><strong>Nous proc\u00e9dons \u00e0 un examen des \u00e9tiquettes. Si vous souhaitez recevoir l&#8217;\u00e9tiquette avant la vente, nous vous demandons de nous envoyer un e-mail \u00e0 l&#8217;adresse suivante : info@lineaunika.it . Nous nous excusons pour la g\u00eane occasionn\u00e9e.<\/strong><\/em><\/p>\n","protected":false},"excerpt":{"rendered":"<p>\u2714\ufe0f Seringue monodose pr\u00eate \u00e0 l&#8217;emploi<br \/>\n\u2714\ufe0f Convient \u00e0 toutes les disciplines<br \/>\n\u2714\ufe0f Avec des mati\u00e8res premi\u00e8res rapidement assimilables<\/p>\n","protected":false},"featured_media":21574,"template":"","meta":{"_acf_changed":false,"_joinchat":[]},"product_brand":[],"product_cat":[444],"product_tag":[476,468,464,480,472,484,488,460],"class_list":{"0":"post-7394","1":"product","2":"type-product","3":"status-publish","4":"has-post-thumbnail","6":"product_cat-aliments-et-vitamines","7":"product_tag-cheval-de-course","8":"product_tag-dressage-fr","9":"product_tag-endurance-fr","10":"product_tag-energie","11":"product_tag-equitation-western","12":"product_tag-muscles-fr","13":"product_tag-pas-de-dopage","14":"product_tag-saut-dobstacles","16":"first","17":"instock","18":"taxable","19":"shipping-taxable","20":"purchasable","21":"product-type-simple"},"acf":[],"_links":{"self":[{"href":"https:\/\/unika.sitointest.it\/fr\/wp-json\/wp\/v2\/product\/7394","targetHints":{"allow":["GET"]}}],"collection":[{"href":"https:\/\/unika.sitointest.it\/fr\/wp-json\/wp\/v2\/product"}],"about":[{"href":"https:\/\/unika.sitointest.it\/fr\/wp-json\/wp\/v2\/types\/product"}],"version-history":[{"count":5,"href":"https:\/\/unika.sitointest.it\/fr\/wp-json\/wp\/v2\/product\/7394\/revisions"}],"predecessor-version":[{"id":27859,"href":"https:\/\/unika.sitointest.it\/fr\/wp-json\/wp\/v2\/product\/7394\/revisions\/27859"}],"wp:featuredmedia":[{"embeddable":true,"href":"https:\/\/unika.sitointest.it\/fr\/wp-json\/wp\/v2\/media\/21574"}],"wp:attachment":[{"href":"https:\/\/unika.sitointest.it\/fr\/wp-json\/wp\/v2\/media?parent=7394"}],"wp:term":[{"taxonomy":"product_brand","embeddable":true,"href":"https:\/\/unika.sitointest.it\/fr\/wp-json\/wp\/v2\/product_brand?post=7394"},{"taxonomy":"product_cat","embeddable":true,"href":"https:\/\/unika.sitointest.it\/fr\/wp-json\/wp\/v2\/product_cat?post=7394"},{"taxonomy":"product_tag","embeddable":true,"href":"https:\/\/unika.sitointest.it\/fr\/wp-json\/wp\/v2\/product_tag?post=7394"}],"curies":[{"name":"wp","href":"https:\/\/api.w.org\/{rel}","templated":true}]}}