{"id":16310,"date":"2023-07-17T05:34:17","date_gmt":"2023-07-17T04:34:17","guid":{"rendered":"https:\/\/www.lineaunika.it\/?post_type=product&#038;p=16310"},"modified":"2026-02-16T18:09:12","modified_gmt":"2026-02-16T17:09:12","slug":"pro-drink","status":"publish","type":"product","link":"https:\/\/unika.sitointest.it\/fr\/shop\/aliments-et-vitamines\/pro-drink\/","title":{"rendered":"Pro Drink"},"content":{"rendered":"<h4>Compl\u00e9ment alimentaire pour chevaux<\/h4>\n<p>Pro Drink est l\u2019aliment compl\u00e9mentaire con\u00e7u pour g\u00e9n\u00e9rer la sensation de soif chez le cheval athl\u00e8te, il est donc indiqu\u00e9 pour am\u00e9liorer l\u2019\u00e9tat d\u2019hydratation imm\u00e9diatement apr\u00e8s l\u2019effort physique. Pro Drink contient des mati\u00e8res premi\u00e8res tr\u00e8s app\u00e9tissantes, qui, dissoutes dans l\u2019eau, cr\u00e9ent chez le cheval le d\u00e9sir de boire avec avidit\u00e9.<\/p>\n<h4>Pourquoi utiliser Pro Drink?<\/h4>\n<p>1. <strong>Effet \u00e9nergisant<\/strong> li\u00e9 \u00e0 la pr\u00e9sence d\u2019acides amin\u00e9s essentiels, id\u00e9al \u00e0 utiliser 3-4 heures avant une comp\u00e9tition.<br \/>\n2.<strong>Effet hydratant<\/strong> li\u00e9 \u00e0 la grande quantit\u00e9 d\u2019eau qui est ing\u00e9r\u00e9e par le cheval, gr\u00e2ce \u00e0 la grande app\u00e9tence de Pro Drink.<br \/>\n3.<strong>Bien-\u00eatre intestinal.<\/strong> Les grandes quantit\u00e9s d\u2019eau ing\u00e9r\u00e9es favorisent un meilleur transit f\u00e9cal et l\u2019\u00e9tablissement d\u2019une flore intestinale correcte. Pro drink est le produit id\u00e9al pour les chevaux qui ont subi des op\u00e9rations chirurgicales du syst\u00e8me digestif.<\/p>\n<h4>Quand l\u2019utiliser :<\/h4>\n<p>Pro Drink est recommand\u00e9:<br \/>\n\u2022 Pour les chevaux qui transpirent beaucoup<br \/>\n\u2022 Pendant la p\u00e9riode estivale, lorsque les temp\u00e9ratures sont plus \u00e9lev\u00e9es<br \/>\n\u2022 Pour les chevaux ayant des probl\u00e8mes de transit intestinal.<\/p>\n<h4>Mode d\u2019emploi:<\/h4>\n<p>Utiliser 500 g de Pro Drink dissous dans 5-10 litres d\u2019eau, m\u00e9langer convenablement pour favoriser la dissolution compl\u00e8te de la poudre dans l\u2019eau.<br \/>\nP\u00e9riode d\u2019utilisation recommand\u00e9e\u00a0: Imm\u00e9diatement apr\u00e8s l\u2019effort physique.<\/p>\n<p>&nbsp;<\/p>\n<p>Poids net : 10 kg<\/p>\n<p><em>(Chaque organisme \u00e9tant sp\u00e9cifique, il est toujours conseill\u00e9 de tester les nouveaux aliments en les introduisant progressivement dans l\u2019alimentation du cheval pour en \u00e9valuer la tol\u00e9rance).<\/em><\/p>\n<p><em><strong>Nous proc\u00e9dons \u00e0 un examen des \u00e9tiquettes. Si vous souhaitez recevoir l&#8217;\u00e9tiquette avant la vente, nous vous demandons de nous envoyer un e-mail \u00e0 l&#8217;adresse suivante : info@lineaunika.it . Nous nous excusons pour la g\u00eane occasionn\u00e9e.<\/strong><\/em><\/p>\n","protected":false},"excerpt":{"rendered":"<p>\u2714\ufe0f Doseur pratique \u00e0 l\u2019int\u00e9rieur de l\u2019emballage<br \/>\n\u2714\ufe0f Id\u00e9al pour cr\u00e9er le sens de la soif dans le cheval d\u2019athl\u00e8te<br \/>\n\u2714\ufe0f Facile \u00e0 dissoudre dans l\u2019eau<\/p>\n","protected":false},"featured_media":21763,"template":"","meta":{"_acf_changed":false,"_joinchat":[]},"product_brand":[],"product_cat":[444],"product_tag":[464,480,548,484,460,512,532],"class_list":{"0":"post-16310","1":"product","2":"type-product","3":"status-publish","4":"has-post-thumbnail","6":"product_cat-aliments-et-vitamines","7":"product_tag-endurance-fr","8":"product_tag-energie","9":"product_tag-ete","10":"product_tag-muscles-fr","11":"product_tag-saut-dobstacles","12":"product_tag-trekking-fr","13":"product_tag-vitamines-et-electrolytes","15":"first","16":"instock","17":"taxable","18":"shipping-taxable","19":"purchasable","20":"product-type-simple"},"acf":[],"_links":{"self":[{"href":"https:\/\/unika.sitointest.it\/fr\/wp-json\/wp\/v2\/product\/16310","targetHints":{"allow":["GET"]}}],"collection":[{"href":"https:\/\/unika.sitointest.it\/fr\/wp-json\/wp\/v2\/product"}],"about":[{"href":"https:\/\/unika.sitointest.it\/fr\/wp-json\/wp\/v2\/types\/product"}],"version-history":[{"count":4,"href":"https:\/\/unika.sitointest.it\/fr\/wp-json\/wp\/v2\/product\/16310\/revisions"}],"predecessor-version":[{"id":27894,"href":"https:\/\/unika.sitointest.it\/fr\/wp-json\/wp\/v2\/product\/16310\/revisions\/27894"}],"wp:featuredmedia":[{"embeddable":true,"href":"https:\/\/unika.sitointest.it\/fr\/wp-json\/wp\/v2\/media\/21763"}],"wp:attachment":[{"href":"https:\/\/unika.sitointest.it\/fr\/wp-json\/wp\/v2\/media?parent=16310"}],"wp:term":[{"taxonomy":"product_brand","embeddable":true,"href":"https:\/\/unika.sitointest.it\/fr\/wp-json\/wp\/v2\/product_brand?post=16310"},{"taxonomy":"product_cat","embeddable":true,"href":"https:\/\/unika.sitointest.it\/fr\/wp-json\/wp\/v2\/product_cat?post=16310"},{"taxonomy":"product_tag","embeddable":true,"href":"https:\/\/unika.sitointest.it\/fr\/wp-json\/wp\/v2\/product_tag?post=16310"}],"curies":[{"name":"wp","href":"https:\/\/api.w.org\/{rel}","templated":true}]}}