{"id":14579,"date":"2023-03-28T06:48:00","date_gmt":"2023-03-28T06:48:00","guid":{"rendered":"https:\/\/www.lineaunika.it\/?post_type=product&#038;p=14579"},"modified":"2026-02-16T18:09:25","modified_gmt":"2026-02-16T17:09:25","slug":"unika-balls-endurance","status":"publish","type":"product","link":"https:\/\/unika.sitointest.it\/fr\/shop\/aliments-et-vitamines\/unika-balls-endurance\/","title":{"rendered":"Unika Balls Endurance"},"content":{"rendered":"<p><em><strong>Nous proc\u00e9dons \u00e0 un examen des \u00e9tiquettes. Si vous souhaitez recevoir l&#8217;\u00e9tiquette avant la vente, nous vous demandons de nous envoyer un e-mail \u00e0 l&#8217;adresse suivante : info@lineaunika.it . Nous nous excusons pour la g\u00eane occasionn\u00e9e.<\/strong><\/em><\/p>\n<h4>Compl\u00e9ment alimentaire pour chevaux<\/h4>\n<p>Unika Balls : amusement et sant\u00e9 pour vos chevaux.<\/p>\n<p>Unika a mis au point un produit totalement nouveau qui bouleverse et r\u00e9nove le concept du compl\u00e9ment alimentaire : il s\u2019agit des Unika Balls, qui repr\u00e9sentent bien plus qu\u2019un simple passe-temps pour les chevaux. Unika Balls se pr\u00e9sente sous la forme d\u2019une sph\u00e8re avec une corde en fibres naturelles qui peut \u00eatre suspendue dans le box ou la remorque pour que le cheval puisse y acc\u00e9der tout au long de la journ\u00e9e. Sa fonction n\u2019est pas seulement de divertir le cheval, mais aussi d\u2019ajouter des substances importantes telles que des plantes officinales, des \u00e9lectrolytes, des vitamines, des min\u00e9raux et autres substances, \u00e0 son alimentation quotidienne d\u2019une mani\u00e8re totalement in\u00e9dite. Nous sommes plut\u00f4t habitu\u00e9s aux aliments compl\u00e9mentaires sous forme de poudre ou de liquide que l\u2019on ajoute \u00e0 la ration quotidienne dans la mangeoire, mais Unika Balls chamboule compl\u00e8tement ce concept, du fait qu\u2019elle est suspendue !<\/p>\n<p>Unika Balls Endurance a \u00e9t\u00e9 formul\u00e9 pour r\u00e9pondre aux exigences du cheval d&#8217;endurance agoniste en termes de :<\/p>\n<p>&#8211; \u00c9nergie rapidement disponible<br \/>\n&#8211; \u00c9lectrolytes parfaitement solubles dans l&#8217;eau<br \/>\n&#8211; Acides amin\u00e9s utiles au bien-\u00eatre physiologique des muscles<\/p>\n<p>Unika Balls Endurance contient une teneur \u00e9lev\u00e9e en mati\u00e8res premi\u00e8res grasses, notamment la farine de riz, naturellement riche en gamma oryzanol, une substance connue pour stimuler la croissance des muscles \u00e0 l&#8217;effort. L\u2019\u00e9nergie apport\u00e9e par les mati\u00e8res premi\u00e8res grasses est disponible rapidement et contribue \u00e9galement \u00e0 maintenir le cheval bien hydrat\u00e9 lors des comp\u00e9titions. Les \u00e9lectrolytes, enti\u00e8rement solubles dans l&#8217;eau, \u00e9quilibrent les pertes de sels excessives dues \u00e0 la transpiration. Le magn\u00e9sium r\u00e9duit particuli\u00e8rement l\u2019incidence du ph\u00e9nom\u00e8ne appel\u00e9 \u00ab Flutter \u00bb chez les chevaux fatigu\u00e9s. Les acides amin\u00e9s contribuent \u00e0 r\u00e9duire la quantit\u00e9 d&#8217;acide lactique musculaire, favorisant la motilit\u00e9 intestinale.<\/p>\n<h4>Mode d&#8217;emploi<\/h4>\n<p>Accrocher Unika Balls Endurance dans le box et la laisser \u00e0 la disposition du cheval.<\/p>\n<p>Unika Balls pr\u00e9sentent \u00e9galement d\u2019autres caract\u00e9ristiques importantes : elles sont artisanales, fabriqu\u00e9es en Italie, compos\u00e9es \u00e0 93 % d\u2019ingr\u00e9dients v\u00e9g\u00e9taux, garanties sans c\u00e9r\u00e9ales, ni sucres, et riches en mati\u00e8res premi\u00e8res nobles comme le soja et le riz. C\u2019est pr\u00e9cis\u00e9ment la raison pour laquelle elles conviennent \u00e9galement aux chevaux intol\u00e9rants aux c\u00e9r\u00e9ales ou suivant un r\u00e9gime \u00e0 faible indice glyc\u00e9mique et aux chevaux de comp\u00e9tition qui fournissent un effort musculaire important et pour lesquels l\u2019apport en sucres est fortement d\u00e9conseill\u00e9 car il favoriserait la production d\u2019acide lactique.<\/p>\n<p>&nbsp;<\/p>\n<p>Poids net : 1,8 kg<\/p>\n<p><em>(Chaque organisme \u00e9tant sp\u00e9cifique, il est toujours conseill\u00e9 de tester les nouveaux aliments en les introduisant progressivement dans l\u2019alimentation du cheval pour en \u00e9valuer la tol\u00e9rance).<\/em><\/p>\n","protected":false},"excerpt":{"rendered":"<p>Unika Balls Endurance a \u00e9t\u00e9 formul\u00e9 pour r\u00e9pondre aux exigences du cheval d&#8217;endurance agoniste.<\/p>\n<p>\u2714\ufe0f \u00c9nergie facilement disponible<br \/>\n\u2714\ufe0f \u00c9lectrolytes parfaitement solubles dans l\u2019eau<br \/>\n\u2714\ufe0f Acides amin\u00e9s utiles au bien-\u00eatre physiologique des muscles<\/p>\n","protected":false},"featured_media":26743,"template":"","meta":{"_acf_changed":false,"_joinchat":[]},"product_brand":[],"product_cat":[444],"product_tag":[464,548,586,532],"class_list":{"0":"post-14579","1":"product","2":"type-product","3":"status-publish","4":"has-post-thumbnail","6":"product_cat-aliments-et-vitamines","7":"product_tag-endurance-fr","8":"product_tag-ete","9":"product_tag-unika-balls-fr","10":"product_tag-vitamines-et-electrolytes","12":"first","13":"instock","14":"taxable","15":"shipping-taxable","16":"purchasable","17":"product-type-simple"},"acf":[],"_links":{"self":[{"href":"https:\/\/unika.sitointest.it\/fr\/wp-json\/wp\/v2\/product\/14579","targetHints":{"allow":["GET"]}}],"collection":[{"href":"https:\/\/unika.sitointest.it\/fr\/wp-json\/wp\/v2\/product"}],"about":[{"href":"https:\/\/unika.sitointest.it\/fr\/wp-json\/wp\/v2\/types\/product"}],"version-history":[{"count":3,"href":"https:\/\/unika.sitointest.it\/fr\/wp-json\/wp\/v2\/product\/14579\/revisions"}],"predecessor-version":[{"id":27901,"href":"https:\/\/unika.sitointest.it\/fr\/wp-json\/wp\/v2\/product\/14579\/revisions\/27901"}],"wp:featuredmedia":[{"embeddable":true,"href":"https:\/\/unika.sitointest.it\/fr\/wp-json\/wp\/v2\/media\/26743"}],"wp:attachment":[{"href":"https:\/\/unika.sitointest.it\/fr\/wp-json\/wp\/v2\/media?parent=14579"}],"wp:term":[{"taxonomy":"product_brand","embeddable":true,"href":"https:\/\/unika.sitointest.it\/fr\/wp-json\/wp\/v2\/product_brand?post=14579"},{"taxonomy":"product_cat","embeddable":true,"href":"https:\/\/unika.sitointest.it\/fr\/wp-json\/wp\/v2\/product_cat?post=14579"},{"taxonomy":"product_tag","embeddable":true,"href":"https:\/\/unika.sitointest.it\/fr\/wp-json\/wp\/v2\/product_tag?post=14579"}],"curies":[{"name":"wp","href":"https:\/\/api.w.org\/{rel}","templated":true}]}}