{"id":14500,"date":"2023-03-17T14:34:14","date_gmt":"2023-03-17T13:34:14","guid":{"rendered":"https:\/\/www.lineaunika.it\/shop\/non%20class\u00e9\/lactibel\/"},"modified":"2025-06-04T13:21:30","modified_gmt":"2025-06-04T12:21:30","slug":"lactibel","status":"publish","type":"product","link":"https:\/\/unika.sitointest.it\/fr\/shop\/aliments-et-vitamines\/lactibel\/","title":{"rendered":"Lactibel"},"content":{"rendered":"<p>Lactibel est un lait en poudre pour poulains, recommand\u00e9 aussi bien en cas de faible production de lait maternel qu&#8217;en cas de poulains orphelins.<\/p>\n<h4>Propri\u00e9t\u00e9s de ses composants<\/h4>\n<p>Lactibel est enrichi en prot\u00e9ines de lactos\u00e9rum et est un aliment dot\u00e9 d\u2019excellente app\u00e9tence, d\u2019une haute digestibilit\u00e9, est riche en oligo\u00e9l\u00e9ments et vitamines qui favorisent la croissance correcte du poulain.<\/p>\n<h4>Mode d\u2019emploi<\/h4>\n<p>Il est recommand\u00e9 d&#8217;utiliser le produit en suivant scrupuleusement les instructions figurant sur le sch\u00e9ma \u00e0 l&#8217;int\u00e9rieur de l&#8217;emballage. \u00c0 l&#8217;int\u00e9rieur du seau, vous trouverez une petite cuill\u00e8re-doseuse et un gobelet-doseur. La cuill\u00e8re pleine contient 20 g de produit. Le gobelet rempli \u00e0 ras bord contient 130 g de produit. Veillez \u00e0 bien refermer l&#8217;emballage apr\u00e8s chaque utilisation.<\/p>\n<p>&nbsp;<\/p>\n<p>Poids net : 5 kg<\/p>\n<p><em>(Chaque organisme \u00e9tant sp\u00e9cifique, il est toujours conseill\u00e9 de tester les nouveaux aliments en les introduisant progressivement dans l\u2019alimentation du cheval pour en \u00e9valuer la tol\u00e9rance).<\/em><\/p>\n<p><em><strong>Nous proc\u00e9dons \u00e0 un examen des \u00e9tiquettes. Si vous souhaitez recevoir l\u2019\u00e9tiquette avant la vente, nous vous demandons de nous envoyer un e-mail \u00e0 l\u2019adresse suivante : info@lineaunika.it . Nous nous excusons pour la g\u00eane occasionn\u00e9e.<\/strong><\/em><\/p>\n","protected":false},"excerpt":{"rendered":"<p>\u2714\ufe0f Doseurs pratiques \u00e0 l&#8217;int\u00e9rieur de l&#8217;emballage<br \/>\n\u2714\ufe0f Id\u00e9al pour le bon d\u00e9veloppement du poulain<br \/>\n\u2714\ufe0f Formule facilement soluble dans l&#8217;eau<\/p>\n","protected":false},"featured_media":21484,"template":"","meta":{"_acf_changed":false,"_joinchat":[]},"product_brand":[],"product_cat":[444],"product_tag":[678,520,504],"class_list":{"0":"post-14500","1":"product","2":"type-product","3":"status-publish","4":"has-post-thumbnail","6":"product_cat-aliments-et-vitamines","7":"product_tag-articulations","8":"product_tag-elevage-de-chevaux","9":"product_tag-juments-et-poulains","11":"first","12":"instock","13":"taxable","14":"shipping-taxable","15":"purchasable","16":"product-type-simple"},"acf":[],"_links":{"self":[{"href":"https:\/\/unika.sitointest.it\/fr\/wp-json\/wp\/v2\/product\/14500","targetHints":{"allow":["GET"]}}],"collection":[{"href":"https:\/\/unika.sitointest.it\/fr\/wp-json\/wp\/v2\/product"}],"about":[{"href":"https:\/\/unika.sitointest.it\/fr\/wp-json\/wp\/v2\/types\/product"}],"version-history":[{"count":6,"href":"https:\/\/unika.sitointest.it\/fr\/wp-json\/wp\/v2\/product\/14500\/revisions"}],"predecessor-version":[{"id":27884,"href":"https:\/\/unika.sitointest.it\/fr\/wp-json\/wp\/v2\/product\/14500\/revisions\/27884"}],"wp:featuredmedia":[{"embeddable":true,"href":"https:\/\/unika.sitointest.it\/fr\/wp-json\/wp\/v2\/media\/21484"}],"wp:attachment":[{"href":"https:\/\/unika.sitointest.it\/fr\/wp-json\/wp\/v2\/media?parent=14500"}],"wp:term":[{"taxonomy":"product_brand","embeddable":true,"href":"https:\/\/unika.sitointest.it\/fr\/wp-json\/wp\/v2\/product_brand?post=14500"},{"taxonomy":"product_cat","embeddable":true,"href":"https:\/\/unika.sitointest.it\/fr\/wp-json\/wp\/v2\/product_cat?post=14500"},{"taxonomy":"product_tag","embeddable":true,"href":"https:\/\/unika.sitointest.it\/fr\/wp-json\/wp\/v2\/product_tag?post=14500"}],"curies":[{"name":"wp","href":"https:\/\/api.w.org\/{rel}","templated":true}]}}