{"id":14468,"date":"2023-03-17T14:07:56","date_gmt":"2023-03-17T14:07:56","guid":{"rendered":"https:\/\/www.lineaunika.it\/shop\/non%20class\u00e9\/unika-daily\/"},"modified":"2023-06-14T10:48:06","modified_gmt":"2023-06-14T10:48:06","slug":"unika-daily","status":"publish","type":"product","link":"https:\/\/unika.sitointest.it\/fr\/shop\/aliments-et-vitamines\/unika-daily\/","title":{"rendered":"Unika Daily"},"content":{"rendered":"<p><em><strong>Nous proc\u00e9dons \u00e0 un examen des \u00e9tiquettes. Si vous souhaitez recevoir l&#8217;\u00e9tiquette avant la vente, nous vous demandons de nous envoyer un e-mail \u00e0 l&#8217;adresse suivante : info@lineaunika.it . Nous nous excusons pour la g\u00eane occasionn\u00e9e.<\/strong><\/em><\/p>\n<h4>Aliment complet pour chevaux<\/h4>\n<p>Unika Daily est un aliment complet sp\u00e9cialement con\u00e7u pour les chevaux effectuant un travail l\u00e9ger ou moyen, tels que les chevaux de randonn\u00e9es simples ou les chevaux d&#8217;\u00e9cole. En effet, gr\u00e2ce aux mati\u00e8res premi\u00e8res de haute qualit\u00e9 qu&#8217;il contient, Unika Daily est en mesure de fournir aux chevaux l&#8217;\u00e9nergie dont ils ont besoin, sans affecter leur comportement.<\/p>\n<h4>D\u00e9couvrez tous les avantages et la gestion des exp\u00e9ditions de nos aliments, cliquez sur ce <a href=\"https:\/\/media.lineaunika.it\/unika\/uploads\/2023\/06\/ALIMENTS-UNIKA-FR.pdf\">lien<\/a>!<\/h4>\n<p><strong>Mode d\u2019emploi :<\/strong><\/p>\n<p>Utiliser de 2 500 \u00e0 5 000 grammes par jour et par cheval, en fonction de la qualit\u00e9 des fourrages administr\u00e9s et du type d&#8217;entra\u00eenement et d&#8217;activit\u00e9 physique pratiqu\u00e9e.<\/p>\n<p><em>(Chaque organisme \u00e9tant sp\u00e9cifique, il est toujours conseill\u00e9 de tester les nouveaux aliments en les introduisant progressivement dans l\u2019alimentation du cheval pour en \u00e9valuer la tol\u00e9rance).<\/em><\/p>\n","protected":false},"excerpt":{"rendered":"<p>Unika Daily est l&#8217;aliment de base id\u00e9al pour le maintien de la forme physique du cheval.<\/p>\n<p>\u2714\ufe0f Granul\u00e9s de 4 mm pour une mastication facile<br \/>\n\u2714\ufe0f Convient \u00e9galement aux chevaux chauds<br \/>\n\u2714\ufe0f 4 mm pellets for easy chewing<\/p>\n","protected":false},"featured_media":21310,"template":"","meta":{"_acf_changed":false,"_joinchat":[]},"product_brand":[],"product_cat":[444],"product_tag":[744,464,598,610,512],"class_list":{"0":"post-14468","1":"product","2":"type-product","3":"status-publish","4":"has-post-thumbnail","6":"product_cat-aliments-et-vitamines","7":"product_tag-alimente","8":"product_tag-endurance-fr","9":"product_tag-indice-glycemique-bas","10":"product_tag-pas-de-mais-et-de-cereales","11":"product_tag-trekking-fr","12":"product_shipping_class-mangimi","14":"first","15":"instock","16":"taxable","17":"shipping-taxable","18":"purchasable","19":"product-type-variable"},"acf":[],"_links":{"self":[{"href":"https:\/\/unika.sitointest.it\/fr\/wp-json\/wp\/v2\/product\/14468","targetHints":{"allow":["GET"]}}],"collection":[{"href":"https:\/\/unika.sitointest.it\/fr\/wp-json\/wp\/v2\/product"}],"about":[{"href":"https:\/\/unika.sitointest.it\/fr\/wp-json\/wp\/v2\/types\/product"}],"version-history":[{"count":4,"href":"https:\/\/unika.sitointest.it\/fr\/wp-json\/wp\/v2\/product\/14468\/revisions"}],"predecessor-version":[{"id":15560,"href":"https:\/\/unika.sitointest.it\/fr\/wp-json\/wp\/v2\/product\/14468\/revisions\/15560"}],"wp:featuredmedia":[{"embeddable":true,"href":"https:\/\/unika.sitointest.it\/fr\/wp-json\/wp\/v2\/media\/21310"}],"wp:attachment":[{"href":"https:\/\/unika.sitointest.it\/fr\/wp-json\/wp\/v2\/media?parent=14468"}],"wp:term":[{"taxonomy":"product_brand","embeddable":true,"href":"https:\/\/unika.sitointest.it\/fr\/wp-json\/wp\/v2\/product_brand?post=14468"},{"taxonomy":"product_cat","embeddable":true,"href":"https:\/\/unika.sitointest.it\/fr\/wp-json\/wp\/v2\/product_cat?post=14468"},{"taxonomy":"product_tag","embeddable":true,"href":"https:\/\/unika.sitointest.it\/fr\/wp-json\/wp\/v2\/product_tag?post=14468"}],"curies":[{"name":"wp","href":"https:\/\/api.w.org\/{rel}","templated":true}]}}