{"id":12227,"date":"2022-12-05T13:38:52","date_gmt":"2022-12-05T13:38:52","guid":{"rendered":"https:\/\/lineaunika.jumpgroup.it\/shop\/non%20class\u00e9\/unika-cookies-winter-edition\/"},"modified":"2026-02-16T18:09:27","modified_gmt":"2026-02-16T17:09:27","slug":"unika-cookies","status":"publish","type":"product","link":"https:\/\/unika.sitointest.it\/fr\/shop\/aliments-et-vitamines\/unika-cookies\/","title":{"rendered":"Unika Cookies"},"content":{"rendered":"<p>Les Unika Cookies sont les nouveaux biscuits Unika, une friandise d\u00e9licieuse et saine pour votre cheval. Les Unika Cookies ont un index glyc\u00e9mique bas, en effet ils ne contiennent ni sucres ajout\u00e9s ni colorants artificiels.<\/p>\n<p>Dans l&#8217;emballage il y a deux types de biscuits de couleurs diff\u00e9rentes selon leur composition :<br \/>\n&#8211; Biscuits l\u00e9gers : enrichis en \u00e9lectrolytes pour faire le plein de sels min\u00e9raux apr\u00e8s un entra\u00eenement ou toute activit\u00e9.<br \/>\n&#8211; Biscuits noirs : enrichis en r\u00e9glisse et charbon de bois, composants naturels utiles au bien-\u00eatre gastro-intestinal du cheval.<\/p>\n<p>Unika Cookies est la solution id\u00e9ale pour ceux qui veulent g\u00e2ter leur cheval, en veillant toujours \u00e0 choisir un produit sain et \u00e9quilibr\u00e9.<\/p>\n<p>&nbsp;<\/p>\n<p>Nouveau : D\u00e8s aujourd&#8217;hui vous pouvez choisir l&#8217;\u00e9tiquette qui repr\u00e9sente le mieux votre cheval !<\/p>\n<p>Choisissez entre les 4 variantes :<\/p>\n<p>&#8211; The liveliest horse in the stable<br \/>\n&#8211; The cleanest horse in the stable<br \/>\n&#8211; My big hero<br \/>\n&#8211; The sweetest horse in the stable<\/p>\n<p>Poids net : 1 kg<\/p>\n<p>&nbsp;<\/p>\n","protected":false},"excerpt":{"rendered":"<p>Les Unika Cookies sont les nouveaux biscuits Unika, une friandise d\u00e9licieuse et saine pour votre cheval.<\/p>\n<p>&nbsp;<\/p>\n","protected":false},"featured_media":30663,"template":"","meta":{"_acf_changed":false,"_joinchat":[]},"product_brand":[],"product_cat":[444],"product_tag":[476,468,464,492,460,512,532],"class_list":{"0":"post-12227","1":"product","2":"type-product","3":"status-publish","4":"has-post-thumbnail","6":"product_cat-aliments-et-vitamines","7":"product_tag-cheval-de-course","8":"product_tag-dressage-fr","9":"product_tag-endurance-fr","10":"product_tag-estomac-et-intestin","11":"product_tag-saut-dobstacles","12":"product_tag-trekking-fr","13":"product_tag-vitamines-et-electrolytes","15":"first","16":"instock","17":"taxable","18":"shipping-taxable","19":"purchasable","20":"product-type-simple"},"acf":[],"_links":{"self":[{"href":"https:\/\/unika.sitointest.it\/fr\/wp-json\/wp\/v2\/product\/12227","targetHints":{"allow":["GET"]}}],"collection":[{"href":"https:\/\/unika.sitointest.it\/fr\/wp-json\/wp\/v2\/product"}],"about":[{"href":"https:\/\/unika.sitointest.it\/fr\/wp-json\/wp\/v2\/types\/product"}],"version-history":[{"count":4,"href":"https:\/\/unika.sitointest.it\/fr\/wp-json\/wp\/v2\/product\/12227\/revisions"}],"predecessor-version":[{"id":27905,"href":"https:\/\/unika.sitointest.it\/fr\/wp-json\/wp\/v2\/product\/12227\/revisions\/27905"}],"wp:featuredmedia":[{"embeddable":true,"href":"https:\/\/unika.sitointest.it\/fr\/wp-json\/wp\/v2\/media\/30663"}],"wp:attachment":[{"href":"https:\/\/unika.sitointest.it\/fr\/wp-json\/wp\/v2\/media?parent=12227"}],"wp:term":[{"taxonomy":"product_brand","embeddable":true,"href":"https:\/\/unika.sitointest.it\/fr\/wp-json\/wp\/v2\/product_brand?post=12227"},{"taxonomy":"product_cat","embeddable":true,"href":"https:\/\/unika.sitointest.it\/fr\/wp-json\/wp\/v2\/product_cat?post=12227"},{"taxonomy":"product_tag","embeddable":true,"href":"https:\/\/unika.sitointest.it\/fr\/wp-json\/wp\/v2\/product_tag?post=12227"}],"curies":[{"name":"wp","href":"https:\/\/api.w.org\/{rel}","templated":true}]}}