{"id":11739,"date":"2022-11-22T14:26:45","date_gmt":"2022-11-22T14:26:45","guid":{"rendered":"https:\/\/lineaunika.jumpgroup.it\/shop\/non%20class\u00e9\/unicartilage\/"},"modified":"2024-12-16T01:00:17","modified_gmt":"2024-12-16T00:00:17","slug":"unicartilage","status":"publish","type":"product","link":"https:\/\/unika.sitointest.it\/fr\/shop\/aliments-et-vitamines\/unicartilage\/","title":{"rendered":"Unicartilage"},"content":{"rendered":"<h4>Aliment compl\u00e9mentaire pour chevaux<\/h4>\n<p>Unicartilage est un compl\u00e9ment alimentaire en granul\u00e9s pour pr\u00e9server les conditions physiologiques des articulations. Unicartilage est un produit concentr\u00e9 id\u00e9al pour les chevaux de sport dont les articulations doivent \u00eatre surveill\u00e9es. Unicartilage devrait \u00eatre utilis\u00e9 chez tous les chevaux \u00e0 partir de 8 ans. A partir de cet \u00e2ge, le processus de vieillissement des tissus l\u2019emporte sur la production de synovie articulaire qui diminue progressivement.<\/p>\n<h4>Quand l\u2019utiliser<\/h4>\n<p>Unicartilage est un compl\u00e9ment alimentaire en granul\u00e9s id\u00e9al pour :<\/p>\n<p>&#8211; les chevaux ayant besoin d\u2019une aide pour le fonctionnement naturel de leurs articulations<br \/>\n&#8211; les chevaux en pleine activit\u00e9 de comp\u00e9tition<br \/>\n&#8211; les chevaux ayant des besoins sp\u00e9cifiques en compl\u00e9ment alimentaire pour les articulations<br \/>\n&#8211; les chevaux de plus de 8 ans<br \/>\n&#8211; les chevaux n\u00e9cessitant des mouvements articulaires plus fluides<br \/>\n&#8211; les chevaux qui n\u2019aiment pas les compl\u00e9ments alimentaires en poudre<\/p>\n<h4>Propri\u00e9t\u00e9s de ses \u00e9l\u00e9ments<\/h4>\n<p>Unicartilage est un m\u00e9lange exceptionnel des meilleurs produits du march\u00e9 d\u00e9di\u00e9s \u00e0 la sant\u00e9 des articulations : sulfate de chondro\u00eftine, m\u00e9thyl-sulfonyl-m\u00e9thane (MSM), glucosamine, acide hyaluronique et extraits v\u00e9g\u00e9taux.<\/p>\n<h4>Mode d\u2019emploi<\/h4>\n<p>Unicartilage peut \u00eatre utilis\u00e9 dans diff\u00e9rentes quantit\u00e9s, en fonction des besoins sp\u00e9cifiques :<\/p>\n<p>Chevaux dont les articulations sont peu performantes : utiliser 150 g d\u2019Unicartilage par jour, bien m\u00e9lang\u00e9s \u00e0 la ration alimentaire.<br \/>\nPour les chevaux sportifs \u00e0 partir de 14 ans : utiliser 150 g d\u2019Unicartilage par jour, bien m\u00e9lang\u00e9s \u00e0 la ration alimentaire.<br \/>\nPour les chevaux de 8 ans et plus en activit\u00e9 : utiliser 100 g d\u2019Unicartilage par jour, bien m\u00e9lang\u00e9s \u00e0 la ration alimentaire.<br \/>\nPour les poneys : utiliser 80 g d\u2019Unicartilage par jour, bien m\u00e9lang\u00e9s \u00e0 la ration alimentaire.<\/p>\n<p>Unicartilage devra \u00eatre utilis\u00e9 de mani\u00e8re prolong\u00e9e pendant une p\u00e9riode minimale de 30 jours cons\u00e9cutifs, tous les 3 \u00e0 4 mois par an. La mesure contient 100 g de produit.<\/p>\n<p><em>(Chaque organisme \u00e9tant sp\u00e9cifique, il est toujours conseill\u00e9 de tester les nouveaux aliments en les introduisant progressivement dans l\u2019alimentation du cheval pour en \u00e9valuer la tol\u00e9rance).<\/em><\/p>\n<p><em><strong>Nous proc\u00e9dons \u00e0 un examen des \u00e9tiquettes. Si vous souhaitez recevoir l&#8217;\u00e9tiquette avant la vente, nous vous demandons de nous envoyer un e-mail \u00e0 l&#8217;adresse suivante : info@lineaunika.it . Nous nous excusons pour la g\u00eane occasionn\u00e9e.<\/strong><\/em><\/p>\n","protected":false},"excerpt":{"rendered":"<p>\u2714\ufe0f Granul\u00e9s de 4 mm pour une mastication facile<br \/>\n\u2714\ufe0f Id\u00e9al pour les chevaux de sport<br \/>\n\u2714\ufe0f Soutient le bien-\u00eatre naturel des articulations<\/p>\n","protected":false},"featured_media":20886,"template":"","meta":{"_acf_changed":false,"_joinchat":[]},"product_brand":[],"product_cat":[444],"product_tag":[678,468,464,488,460],"class_list":{"0":"post-11739","1":"product","2":"type-product","3":"status-publish","4":"has-post-thumbnail","6":"product_cat-aliments-et-vitamines","7":"product_tag-articulations","8":"product_tag-dressage-fr","9":"product_tag-endurance-fr","10":"product_tag-pas-de-dopage","11":"product_tag-saut-dobstacles","13":"first","14":"instock","15":"taxable","16":"shipping-taxable","17":"purchasable","18":"product-type-variable"},"acf":[],"_links":{"self":[{"href":"https:\/\/unika.sitointest.it\/fr\/wp-json\/wp\/v2\/product\/11739","targetHints":{"allow":["GET"]}}],"collection":[{"href":"https:\/\/unika.sitointest.it\/fr\/wp-json\/wp\/v2\/product"}],"about":[{"href":"https:\/\/unika.sitointest.it\/fr\/wp-json\/wp\/v2\/types\/product"}],"version-history":[{"count":3,"href":"https:\/\/unika.sitointest.it\/fr\/wp-json\/wp\/v2\/product\/11739\/revisions"}],"predecessor-version":[{"id":15631,"href":"https:\/\/unika.sitointest.it\/fr\/wp-json\/wp\/v2\/product\/11739\/revisions\/15631"}],"wp:featuredmedia":[{"embeddable":true,"href":"https:\/\/unika.sitointest.it\/fr\/wp-json\/wp\/v2\/media\/20886"}],"wp:attachment":[{"href":"https:\/\/unika.sitointest.it\/fr\/wp-json\/wp\/v2\/media?parent=11739"}],"wp:term":[{"taxonomy":"product_brand","embeddable":true,"href":"https:\/\/unika.sitointest.it\/fr\/wp-json\/wp\/v2\/product_brand?post=11739"},{"taxonomy":"product_cat","embeddable":true,"href":"https:\/\/unika.sitointest.it\/fr\/wp-json\/wp\/v2\/product_cat?post=11739"},{"taxonomy":"product_tag","embeddable":true,"href":"https:\/\/unika.sitointest.it\/fr\/wp-json\/wp\/v2\/product_tag?post=11739"}],"curies":[{"name":"wp","href":"https:\/\/api.w.org\/{rel}","templated":true}]}}