{"id":11677,"date":"2022-11-22T13:51:56","date_gmt":"2022-11-22T12:51:56","guid":{"rendered":"https:\/\/lineaunika.jumpgroup.it\/shop\/non%20class\u00e9\/uniforce\/"},"modified":"2023-06-16T13:41:35","modified_gmt":"2023-06-16T13:41:35","slug":"uniforce","status":"publish","type":"product","link":"https:\/\/unika.sitointest.it\/fr\/shop\/aliments-et-vitamines\/uniforce\/","title":{"rendered":"Uniforce"},"content":{"rendered":"<h4>Compl\u00e9ment alimentaire destin\u00e9 \u00e0 des fins nutritionnelles sp\u00e9ciales \u2013 Aide \u00e0 la pr\u00e9paration de l\u2019activit\u00e9 sportive et \u00e0 la r\u00e9cup\u00e9ration successive<\/h4>\n<p>Uniforce est un aliment di\u00e9t\u00e9tique compl\u00e9mentaire pour chevaux destin\u00e9 \u00e0 des fins nutritionnelles sp\u00e9ciales, con\u00e7u pour soutenir le cheval dans sa pr\u00e9paration \u00e0 l\u2019activit\u00e9 sportive et \u00e0 sa r\u00e9cup\u00e9ration successive. Uniforce est un compl\u00e9ment alimentaire en granul\u00e9s id\u00e9al pour un apport compl\u00e9mentaire, en acides amin\u00e9s \u00e0 cha\u00eene ramifi\u00e9e, en vitamines, oligo-\u00e9l\u00e9ments et maltodextrines dans l\u2019alimentation de vos champions.<\/p>\n<h4>Quand l\u2019utiliser<\/h4>\n<p>Uniforce est un compl\u00e9ment compl\u00e9mentaire di\u00e9t\u00e9tique destin\u00e9 \u00e0 des fins nutritionnelles sp\u00e9ciales afin d\u2019apporter des \u00e9l\u00e9ments importants \u00e0 la nutrition du cheval de sport. Uniforce est recommand\u00e9 pour :<\/p>\n<p>&#8211; les chevaux de saut d\u2019obstacles en pr\u00e9paration \u00e0 la comp\u00e9tition<br \/>\n&#8211; les chevaux d\u2019endurance en pr\u00e9paration \u00e0 la comp\u00e9tition<br \/>\n&#8211; les chevaux sportifs de l\u2019\u00e9cole Monta Western pour la pr\u00e9paration athl\u00e9tique<br \/>\n&#8211; les chevaux de dressage pour la pr\u00e9paration athl\u00e9tique<br \/>\n&#8211; les chevaux participant \u00e0 un concours complet pour la pr\u00e9paration athl\u00e9tique<br \/>\n&#8211; les chevaux qui n\u2019aiment pas les compl\u00e9ments alimentaires en poudre<\/p>\n<h4>Propri\u00e9t\u00e9s de ses \u00e9l\u00e9ments<\/h4>\n<p>Uniforce apporte une juste dose de vitamine E et de s\u00e9l\u00e9nium importantes pour la pr\u00e9paration athl\u00e9tique du cheval de comp\u00e9tition. Uniforce apporte \u00e9galement des acides amin\u00e9s essentiels dans l\u2019alimentation quotidienne du cheval de sport. Il inclut \u00e9galement de la vitamine C et de la maltodextrine pour aider l\u2019organisme \u00e0 suivre l\u2019entra\u00eenement athl\u00e9tique.<\/p>\n<h4>Mode d\u2019emploi<\/h4>\n<p>Bien m\u00e9langer 500 g d\u2019Uniforce par cheval et par jour \u00e0 la ration quotidienne. La quantit\u00e9 peut \u00e9galement \u00eatre prise en deux fois le m\u00eame jour.<\/p>\n<p><em>(Chaque organisme \u00e9tant sp\u00e9cifique, il est toujours conseill\u00e9 de tester les nouveaux aliments en les introduisant progressivement dans l\u2019alimentation du cheval pour en \u00e9valuer la tol\u00e9rance).<\/em><\/p>\n<p><em><strong>Nous proc\u00e9dons \u00e0 un examen des \u00e9tiquettes. Si vous souhaitez recevoir l&#8217;\u00e9tiquette avant la vente, nous vous demandons de nous envoyer un e-mail \u00e0 l&#8217;adresse suivante : info@lineaunika.it . Nous nous excusons pour la g\u00eane occasionn\u00e9e.<\/strong><\/em><\/p>\n","protected":false},"excerpt":{"rendered":"<p>\u2714\ufe0f Granul\u00e9s de 4 mm pour une mastication facile<br \/>\n\u2714\ufe0f Riche en acides amin\u00e9s ramifi\u00e9s<br \/>\n\u2714\ufe0f Particuli\u00e8rement adapt\u00e9 aux chevaux de comp\u00e9tition<\/p>\n","protected":false},"featured_media":21302,"template":"","meta":{"_acf_changed":false,"_joinchat":[]},"product_brand":[],"product_cat":[444],"product_tag":[468,480,472,484,488,460],"class_list":{"0":"post-11677","1":"product","2":"type-product","3":"status-publish","4":"has-post-thumbnail","6":"product_cat-aliments-et-vitamines","7":"product_tag-dressage-fr","8":"product_tag-energie","9":"product_tag-equitation-western","10":"product_tag-muscles-fr","11":"product_tag-pas-de-dopage","12":"product_tag-saut-dobstacles","13":"product_shipping_class-mangimi","15":"first","16":"outofstock","17":"taxable","18":"shipping-taxable","19":"purchasable","20":"product-type-variable"},"acf":[],"_links":{"self":[{"href":"https:\/\/unika.sitointest.it\/fr\/wp-json\/wp\/v2\/product\/11677","targetHints":{"allow":["GET"]}}],"collection":[{"href":"https:\/\/unika.sitointest.it\/fr\/wp-json\/wp\/v2\/product"}],"about":[{"href":"https:\/\/unika.sitointest.it\/fr\/wp-json\/wp\/v2\/types\/product"}],"version-history":[{"count":3,"href":"https:\/\/unika.sitointest.it\/fr\/wp-json\/wp\/v2\/product\/11677\/revisions"}],"predecessor-version":[{"id":15634,"href":"https:\/\/unika.sitointest.it\/fr\/wp-json\/wp\/v2\/product\/11677\/revisions\/15634"}],"wp:featuredmedia":[{"embeddable":true,"href":"https:\/\/unika.sitointest.it\/fr\/wp-json\/wp\/v2\/media\/21302"}],"wp:attachment":[{"href":"https:\/\/unika.sitointest.it\/fr\/wp-json\/wp\/v2\/media?parent=11677"}],"wp:term":[{"taxonomy":"product_brand","embeddable":true,"href":"https:\/\/unika.sitointest.it\/fr\/wp-json\/wp\/v2\/product_brand?post=11677"},{"taxonomy":"product_cat","embeddable":true,"href":"https:\/\/unika.sitointest.it\/fr\/wp-json\/wp\/v2\/product_cat?post=11677"},{"taxonomy":"product_tag","embeddable":true,"href":"https:\/\/unika.sitointest.it\/fr\/wp-json\/wp\/v2\/product_tag?post=11677"}],"curies":[{"name":"wp","href":"https:\/\/api.w.org\/{rel}","templated":true}]}}