{"id":11581,"date":"2022-11-22T11:58:07","date_gmt":"2022-11-22T11:58:07","guid":{"rendered":"https:\/\/lineaunika.jumpgroup.it\/shop\/non%20class\u00e9\/sapone-da-cuoio\/"},"modified":"2023-06-16T13:46:52","modified_gmt":"2023-06-16T13:46:52","slug":"sapone-da-cuoio","status":"publish","type":"product","link":"https:\/\/unika.sitointest.it\/fr\/shop\/produits-pour-le-cuir\/sapone-da-cuoio\/","title":{"rendered":"Sapone da cuoio"},"content":{"rendered":"<p>Sapone da cuoio est un m\u00e9lange de produits adapt\u00e9s au nettoyage du cuir, qui est particuli\u00e8rement d\u00e9licat. Gr\u00e2ce \u00e0 la concentration \u00e9lev\u00e9e de glyc\u00e9rine, Sapone da cuoio ne s\u00e8che pas les harnais mais, au contraire, il les rend souples et hydrat\u00e9s. De plus, il \u00e9limine la salet\u00e9 et la poussi\u00e8re s\u2019accumulant entre les coutures des harnais. Sapone da cuoio n\u2019est pas un produit agressif puisqu\u2019il ne contient pas de sels d\u2019ammonium qui, au passer du temps, s\u00e8chent et d\u00e9shydratent le cuir. \u00c0 usage externe uniquement.<\/p>\n<h4>Quand l\u2019utiliser<\/h4>\n<p>Sapone da cuoio est id\u00e9al pour ceux voulant obtenir un nettoyage excellent de leurs harnais en cuir.<\/p>\n<h4>Mode d\u2019emploi<\/h4>\n<p>Vaporiser une petite quantit\u00e9 de Sapone da cuoio directement sur la zone \u00e0 traiter et distribuer le produit uniform\u00e9ment \u00e0 l\u2019aide d\u2019une \u00e9ponge ou d\u2019un chiffon. L\u2019effet de Sapone da cuoio dure pendant plusieurs jours.<\/p>\n<p><em><strong>Nous proc\u00e9dons \u00e0 un examen des \u00e9tiquettes. Si vous souhaitez recevoir l&#8217;\u00e9tiquette avant la vente, nous vous demandons de nous envoyer un e-mail \u00e0 l&#8217;adresse suivante : info@lineaunika.it . Nous nous excusons pour la g\u00eane occasionn\u00e9e.<\/strong><\/em><\/p>\n","protected":false},"excerpt":{"rendered":"<p>\u2714\ufe0fAvec vaporisateur pratique.<br \/>\n\u2714\ufe0fFormule douce sur le cuir<br \/>\n\u2714\ufe0fNettoie sans s\u00e9cher<br \/>\n\u2714\ufe0fAdditionn\u00e9 d\u2019huile de coco et de lanoline<\/p>\n","protected":false},"featured_media":21336,"template":"","meta":{"_acf_changed":false,"_joinchat":[]},"product_brand":[],"product_cat":[447],"product_tag":[674],"class_list":{"0":"post-11581","1":"product","2":"type-product","3":"status-publish","4":"has-post-thumbnail","6":"product_cat-produits-pour-le-cuir","7":"product_tag-selles-et-harnais","9":"first","10":"instock","11":"taxable","12":"shipping-taxable","13":"purchasable","14":"product-type-variable"},"acf":[],"_links":{"self":[{"href":"https:\/\/unika.sitointest.it\/fr\/wp-json\/wp\/v2\/product\/11581","targetHints":{"allow":["GET"]}}],"collection":[{"href":"https:\/\/unika.sitointest.it\/fr\/wp-json\/wp\/v2\/product"}],"about":[{"href":"https:\/\/unika.sitointest.it\/fr\/wp-json\/wp\/v2\/types\/product"}],"version-history":[{"count":2,"href":"https:\/\/unika.sitointest.it\/fr\/wp-json\/wp\/v2\/product\/11581\/revisions"}],"predecessor-version":[{"id":15637,"href":"https:\/\/unika.sitointest.it\/fr\/wp-json\/wp\/v2\/product\/11581\/revisions\/15637"}],"wp:featuredmedia":[{"embeddable":true,"href":"https:\/\/unika.sitointest.it\/fr\/wp-json\/wp\/v2\/media\/21336"}],"wp:attachment":[{"href":"https:\/\/unika.sitointest.it\/fr\/wp-json\/wp\/v2\/media?parent=11581"}],"wp:term":[{"taxonomy":"product_brand","embeddable":true,"href":"https:\/\/unika.sitointest.it\/fr\/wp-json\/wp\/v2\/product_brand?post=11581"},{"taxonomy":"product_cat","embeddable":true,"href":"https:\/\/unika.sitointest.it\/fr\/wp-json\/wp\/v2\/product_cat?post=11581"},{"taxonomy":"product_tag","embeddable":true,"href":"https:\/\/unika.sitointest.it\/fr\/wp-json\/wp\/v2\/product_tag?post=11581"}],"curies":[{"name":"wp","href":"https:\/\/api.w.org\/{rel}","templated":true}]}}