{"id":11554,"date":"2022-11-22T11:44:16","date_gmt":"2022-11-22T10:44:16","guid":{"rendered":"https:\/\/lineaunika.jumpgroup.it\/shop\/non%20class\u00e9\/olio-da-cuoio\/"},"modified":"2023-06-16T13:49:40","modified_gmt":"2023-06-16T13:49:40","slug":"olio-da-cuoio","status":"publish","type":"product","link":"https:\/\/unika.sitointest.it\/fr\/shop\/produits-pour-le-cuir\/olio-da-cuoio\/","title":{"rendered":"Olio da Cuoio"},"content":{"rendered":"<p>Olio da cuoio est un m\u00e9lange d\u2019huiles v\u00e9g\u00e9tales capables de nourrir et de faire briller le harnais et d\u2019assurer une parfaite perm\u00e9abilit\u00e9 au sein des pores du cuir. Olio da cuoio est, donc, un v\u00e9ritable traitement anti-\u00e2ge pour votre cuir, rendant ainsi les harnais plus brillants et plus r\u00e9sistants \u00e0 l\u2019eau, \u00e0 la poussi\u00e8re et aux savons synth\u00e9tiques. \u00c0 usage externe uniquement.<\/p>\n<h4>Quand l\u2019utiliser<\/h4>\n<p>Olio da cuoio est l\u2019huile sp\u00e9cifique pour ceux qui veulent donner plus de brillance et de nutrition \u00e0 leurs harnais en cuir.<\/p>\n<h4>Mode d\u2019emploi<\/h4>\n<p>Nettoyez et faites s\u00e9cher la zone du cuir que vous souhaitez traiter. Versez Olio da cuoio sur un chiffon propre et frottez-le sur la zone \u00e0 traiter. Olio da cuoio peut \u00eatre dilu\u00e9e \u00e0 50% avec Sapone da cuoio nettoyer et faire briller le cuir en m\u00eame temps.<\/p>\n<p><em><strong>Nous proc\u00e9dons \u00e0 un examen des \u00e9tiquettes. Si vous souhaitez recevoir l&#8217;\u00e9tiquette avant la vente, nous vous demandons de nous envoyer un e-mail \u00e0 l&#8217;adresse suivante : info@lineaunika.it . Nous nous excusons pour la g\u00eane occasionn\u00e9e.<\/strong><\/em><\/p>\n","protected":false},"excerpt":{"rendered":"<p>\u2714\ufe0fNe laisse aucun r\u00e9sidu<br \/>\n\u2714\ufe0fAvec des huiles d\u2019origine v\u00e9g\u00e9tale<br \/>\n\u2714\ufe0fHydrate et prot\u00e8ge<\/p>\n","protected":false},"featured_media":21328,"template":"","meta":{"_acf_changed":false,"_joinchat":[]},"product_brand":[],"product_cat":[447],"product_tag":[674],"class_list":{"0":"post-11554","1":"product","2":"type-product","3":"status-publish","4":"has-post-thumbnail","6":"product_cat-produits-pour-le-cuir","7":"product_tag-selles-et-harnais","9":"first","10":"instock","11":"taxable","12":"shipping-taxable","13":"purchasable","14":"product-type-variable"},"acf":[],"_links":{"self":[{"href":"https:\/\/unika.sitointest.it\/fr\/wp-json\/wp\/v2\/product\/11554","targetHints":{"allow":["GET"]}}],"collection":[{"href":"https:\/\/unika.sitointest.it\/fr\/wp-json\/wp\/v2\/product"}],"about":[{"href":"https:\/\/unika.sitointest.it\/fr\/wp-json\/wp\/v2\/types\/product"}],"version-history":[{"count":2,"href":"https:\/\/unika.sitointest.it\/fr\/wp-json\/wp\/v2\/product\/11554\/revisions"}],"predecessor-version":[{"id":15640,"href":"https:\/\/unika.sitointest.it\/fr\/wp-json\/wp\/v2\/product\/11554\/revisions\/15640"}],"wp:featuredmedia":[{"embeddable":true,"href":"https:\/\/unika.sitointest.it\/fr\/wp-json\/wp\/v2\/media\/21328"}],"wp:attachment":[{"href":"https:\/\/unika.sitointest.it\/fr\/wp-json\/wp\/v2\/media?parent=11554"}],"wp:term":[{"taxonomy":"product_brand","embeddable":true,"href":"https:\/\/unika.sitointest.it\/fr\/wp-json\/wp\/v2\/product_brand?post=11554"},{"taxonomy":"product_cat","embeddable":true,"href":"https:\/\/unika.sitointest.it\/fr\/wp-json\/wp\/v2\/product_cat?post=11554"},{"taxonomy":"product_tag","embeddable":true,"href":"https:\/\/unika.sitointest.it\/fr\/wp-json\/wp\/v2\/product_tag?post=11554"}],"curies":[{"name":"wp","href":"https:\/\/api.w.org\/{rel}","templated":true}]}}