{"id":11534,"date":"2022-11-22T11:36:53","date_gmt":"2022-11-22T10:36:53","guid":{"rendered":"https:\/\/lineaunika.jumpgroup.it\/shop\/non%20class\u00e9\/grasso-da-cuoio\/"},"modified":"2025-06-04T13:19:14","modified_gmt":"2025-06-04T12:19:14","slug":"grasso-da-cuoio","status":"publish","type":"product","link":"https:\/\/unika.sitointest.it\/fr\/shop\/produits-pour-le-cuir\/grasso-da-cuoio\/","title":{"rendered":"Grasso da cuoio"},"content":{"rendered":"<p>Grasso da cuoio est le produit id\u00e9al pour ceux voulant prot\u00e9ger leurs harnais, leurs selles et tout autre \u00e9l\u00e9ment en cuir de la poussi\u00e8re et de l\u2019action vieillissante tu temps. Il s\u2019agit d\u2019un produit \u00e0 la senteur de miel, qui est formul\u00e9 avec des mati\u00e8res premi\u00e8res de tr\u00e8s haute qualit\u00e9. Grasso da cuoio a une double action : il aide \u00e0 faire en sorte que les harnais et le selles restent impr\u00e9gn\u00e9s de substances nutritives am\u00e9liorant la r\u00e9sistance de ces objets \u00e0 la poussi\u00e8re et, en m\u00eame temps, il rend le cuir lucide et soyeux sans le rendre huileux. Grasso da cuoio ne contient pas de silicones ; il contient seulement des produits naturels, tels que la cire d\u2019abeille, la panne et l\u2019huile de coco. Utiliser Grasso da cuoio r\u00e9guli\u00e8rement pour \u00e9viter la formation de fissures dangereuses dans le cuir et pour p\u00e9n\u00e9trer m\u00eame dans les coutures les plus fines, en \u00e9vitant, ainsi, qu\u2019elles s\u00e8chent et en prolongeant la vie des produits en cuir. \u00c0 usage externe uniquement.<\/p>\n<h4>Quand l\u2019utiliser<\/h4>\n<p>Grasso da cuoio est le produit id\u00e9al pour ceux qui d\u00e9sirent un produit nourrissant leurs harnais en cuir sans les rendre huileux.<\/p>\n<h4>Mode d\u2019emploi<\/h4>\n<p>Nettoyer les harnais en cuir et ensuite appliquer Grasso da cuoio \u00e0 l\u2019aide d\u2019un chiffon.<\/p>\n<p>&nbsp;<\/p>\n<p>Poids net : 500 g<\/p>\n<p><em><strong>Nous proc\u00e9dons \u00e0 un examen des \u00e9tiquettes. Si vous souhaitez recevoir l&#8217;\u00e9tiquette avant la vente, nous vous demandons de nous envoyer un e-mail \u00e0 l&#8217;adresse suivante : info@lineaunika.it . Nous nous excusons pour la g\u00eane occasionn\u00e9e.<\/strong><\/em><\/p>\n","protected":false},"excerpt":{"rendered":"<p>\u2714\ufe0f Facile \u00e0 tartiner<br \/>\n\u2714\ufe0f Avec des graisses d\u2019origine animale et v\u00e9g\u00e9tale<br \/>\n\u2714\ufe0f Hydrate et prot\u00e8ge<\/p>\n","protected":false},"featured_media":21322,"template":"","meta":{"_acf_changed":false,"_joinchat":[]},"product_brand":[],"product_cat":[447],"product_tag":[674],"class_list":{"0":"post-11534","1":"product","2":"type-product","3":"status-publish","4":"has-post-thumbnail","6":"product_cat-produits-pour-le-cuir","7":"product_tag-selles-et-harnais","9":"first","10":"instock","11":"taxable","12":"shipping-taxable","13":"purchasable","14":"product-type-simple"},"acf":[],"_links":{"self":[{"href":"https:\/\/unika.sitointest.it\/fr\/wp-json\/wp\/v2\/product\/11534","targetHints":{"allow":["GET"]}}],"collection":[{"href":"https:\/\/unika.sitointest.it\/fr\/wp-json\/wp\/v2\/product"}],"about":[{"href":"https:\/\/unika.sitointest.it\/fr\/wp-json\/wp\/v2\/types\/product"}],"version-history":[{"count":3,"href":"https:\/\/unika.sitointest.it\/fr\/wp-json\/wp\/v2\/product\/11534\/revisions"}],"predecessor-version":[{"id":27881,"href":"https:\/\/unika.sitointest.it\/fr\/wp-json\/wp\/v2\/product\/11534\/revisions\/27881"}],"wp:featuredmedia":[{"embeddable":true,"href":"https:\/\/unika.sitointest.it\/fr\/wp-json\/wp\/v2\/media\/21322"}],"wp:attachment":[{"href":"https:\/\/unika.sitointest.it\/fr\/wp-json\/wp\/v2\/media?parent=11534"}],"wp:term":[{"taxonomy":"product_brand","embeddable":true,"href":"https:\/\/unika.sitointest.it\/fr\/wp-json\/wp\/v2\/product_brand?post=11534"},{"taxonomy":"product_cat","embeddable":true,"href":"https:\/\/unika.sitointest.it\/fr\/wp-json\/wp\/v2\/product_cat?post=11534"},{"taxonomy":"product_tag","embeddable":true,"href":"https:\/\/unika.sitointest.it\/fr\/wp-json\/wp\/v2\/product_tag?post=11534"}],"curies":[{"name":"wp","href":"https:\/\/api.w.org\/{rel}","templated":true}]}}