{"id":11512,"date":"2022-11-22T11:24:24","date_gmt":"2022-11-22T10:24:24","guid":{"rendered":"https:\/\/lineaunika.jumpgroup.it\/shop\/non%20class\u00e9\/tendon-gel\/"},"modified":"2026-02-16T18:09:22","modified_gmt":"2026-02-16T17:09:22","slug":"tendon-gel","status":"publish","type":"product","link":"https:\/\/unika.sitointest.it\/fr\/shop\/hygiene-et-soins-des-chevaux\/tendon-gel\/","title":{"rendered":"Tendon Gel"},"content":{"rendered":"<p>Tendon Gel est la derni\u00e8re r\u00e9volution d\u2019Unika dans le monde des gels pour articulations et plus particuli\u00e8rement pour tendons. Tendon Gel est un gel \u00e0 base d\u2019Arnica montana qui, en synergie avec l\u2019huile de tournesol ozon\u00e9e, cr\u00e9e un m\u00e9lange sp\u00e9cial pour maintenir les articulations du cheval en parfaites conditions de sant\u00e9, et prend particuli\u00e8rement soin des tendons.<br \/>\nTendon Gel est un alli\u00e9 pr\u00e9cieux pour les chevaux en comp\u00e9tition et \u00e0 l\u2019entra\u00eenement. Facile \u00e0 appliquer, il ne laisse aucun r\u00e9sidu.<\/p>\n<h4>Quand l\u2019utiliser<\/h4>\n<p>Tendon Gel est un gel \u00e0 utiliser id\u00e9alement :<\/p>\n<p>&#8211; avant un voyage pour pr\u00e9server les articulations pendant le transport<br \/>\n&#8211; en gel de massage pour les ost\u00e9opathes, les massoth\u00e9rapeutes et les chiropraticiens v\u00e9t\u00e9rinaires<br \/>\n&#8211; apr\u00e8s l\u2019entra\u00eenement pour revigorer les tendons<br \/>\n&#8211; apr\u00e8s la comp\u00e9tition, pour reposer et soulager les articulations<\/p>\n<h4>Propri\u00e9t\u00e9s de ses \u00e9l\u00e9ments<\/h4>\n<p>L\u2019huile de tournesol ozon\u00e9e et l\u2019Arnica montana sont d\u2019excellents alli\u00e9s pour la sant\u00e9 des articulations. L\u2019huile ozon\u00e9e apporte de l\u2019ozone, car l\u2019ozone se stabilise dans la matrice de l\u2019huile v\u00e9g\u00e9tale. L\u2019huile ozon\u00e9e stimule les tissus pour qu\u2019ils r\u00e9agissent mieux aux sollicitations, en aidant naturellement les articulations \u00e0 redevenir actives et souples apr\u00e8s un travail intense.<br \/>\nL\u2019Arnica montana, bien connue en m\u00e9decine populaire traditionnelle et phytoth\u00e9rapie, poss\u00e8de des qualit\u00e9s exceptionnelles pour renforcer les articulations soumises \u00e0 des contraintes.<\/p>\n<h4>Mode d\u2019emploi<\/h4>\n<p>Appliquer Tendon Gel sur les articulations, en prenant soin de masser pour permettre l\u2019absorption. Ensuite, Tendon Gel peut \u00eatre recouvert d\u2019une bande, mais ce n\u2019est pas obligatoire, en fonction des habitudes de l\u2019\u00e9curie et des besoins sp\u00e9cifiques du cheval.<\/p>\n<p><em>(Chaque organisme \u00e9tant sp\u00e9cifique, nous vous conseillons de l\u2019essayer d\u2019abord sur une petite surface).<\/em><\/p>\n<p><em><strong>Nous proc\u00e9dons \u00e0 un examen des \u00e9tiquettes. Si vous souhaitez recevoir l&#8217;\u00e9tiquette avant la vente, nous vous demandons de nous envoyer un e-mail \u00e0 l&#8217;adresse suivante : info@lineaunika.it . Nous nous excusons pour la g\u00eane occasionn\u00e9e.<\/strong><\/em><\/p>\n","protected":false},"excerpt":{"rendered":"<p>\u2714\ufe0f Facile \u00e0 \u00e9taler<br \/>\n\u2714\ufe0fA l&#8217;Arnica et \u00e0 l&#8217;huile ozon\u00e9e<br \/>\n\u2714\ufe0f Id\u00e9al pour les tendons<\/p>\n","protected":false},"featured_media":21195,"template":"","meta":{"_acf_changed":false,"_joinchat":[]},"product_brand":[],"product_cat":[450],"product_tag":[638,678,468,464,642,460,626],"class_list":{"0":"post-11512","1":"product","2":"type-product","3":"status-publish","4":"has-post-thumbnail","6":"product_cat-hygiene-et-soins-des-chevaux","7":"product_tag-arnica-fr","8":"product_tag-articulations","9":"product_tag-dressage-fr","10":"product_tag-endurance-fr","11":"product_tag-gels-cremes-et-argiles","12":"product_tag-saut-dobstacles","13":"product_tag-tendons-fr","15":"first","16":"outofstock","17":"taxable","18":"shipping-taxable","19":"purchasable","20":"product-type-variable"},"acf":[],"_links":{"self":[{"href":"https:\/\/unika.sitointest.it\/fr\/wp-json\/wp\/v2\/product\/11512","targetHints":{"allow":["GET"]}}],"collection":[{"href":"https:\/\/unika.sitointest.it\/fr\/wp-json\/wp\/v2\/product"}],"about":[{"href":"https:\/\/unika.sitointest.it\/fr\/wp-json\/wp\/v2\/types\/product"}],"version-history":[{"count":4,"href":"https:\/\/unika.sitointest.it\/fr\/wp-json\/wp\/v2\/product\/11512\/revisions"}],"predecessor-version":[{"id":15655,"href":"https:\/\/unika.sitointest.it\/fr\/wp-json\/wp\/v2\/product\/11512\/revisions\/15655"}],"wp:featuredmedia":[{"embeddable":true,"href":"https:\/\/unika.sitointest.it\/fr\/wp-json\/wp\/v2\/media\/21195"}],"wp:attachment":[{"href":"https:\/\/unika.sitointest.it\/fr\/wp-json\/wp\/v2\/media?parent=11512"}],"wp:term":[{"taxonomy":"product_brand","embeddable":true,"href":"https:\/\/unika.sitointest.it\/fr\/wp-json\/wp\/v2\/product_brand?post=11512"},{"taxonomy":"product_cat","embeddable":true,"href":"https:\/\/unika.sitointest.it\/fr\/wp-json\/wp\/v2\/product_cat?post=11512"},{"taxonomy":"product_tag","embeddable":true,"href":"https:\/\/unika.sitointest.it\/fr\/wp-json\/wp\/v2\/product_tag?post=11512"}],"curies":[{"name":"wp","href":"https:\/\/api.w.org\/{rel}","templated":true}]}}