{"id":11485,"date":"2022-11-22T11:12:25","date_gmt":"2022-11-22T10:12:25","guid":{"rendered":"https:\/\/lineaunika.jumpgroup.it\/shop\/non%20class\u00e9\/shampoo-secco\/"},"modified":"2025-06-04T13:28:19","modified_gmt":"2025-06-04T12:28:19","slug":"shampoo-secco","status":"publish","type":"product","link":"https:\/\/unika.sitointest.it\/fr\/shop\/hygiene-et-soins-des-chevaux\/shampoo-secco\/","title":{"rendered":"Shampoo Secco"},"content":{"rendered":"<h4>Produit destin\u00e9 \u00e0 un usage externe uniquement<\/h4>\n<p>Shampoo secco nettoie et fait briller la robe et la crini\u00e8re du cheval sans eau. Shampoo secco est le produit id\u00e9al pour assurer une bonne hygi\u00e8ne \u00e0 votre cheval lorsque les douches ne sont pas recommand\u00e9es (p\u00e9riode hivernale\u2026). Il est \u00e9galement tr\u00e8s utile lors des courses et des comp\u00e9titions, notamment pour donner de l\u2019\u00e9clat aux pelages gris. Usage externe uniquement.<\/p>\n<h4>Mode d\u2019emploi<\/h4>\n<p>Verser une petite quantit\u00e9 de shampooing sec sur un chiffon propre et sec. Passer ensuite le chiffon sur le pelage du cheval.<\/p>\n<p>&nbsp;<\/p>\n<p>Poids net : 500 g<\/p>\n<p><em>(Chaque organisme \u00e9tant sp\u00e9cifique, nous vous conseillons de l\u2019essayer d\u2019abord sur une petite surface).<\/em><\/p>\n<p><em><strong>Nous proc\u00e9dons \u00e0 un examen des \u00e9tiquettes. Si vous souhaitez recevoir l&#8217;\u00e9tiquette avant la vente, nous vous demandons de nous envoyer un e-mail \u00e0 l&#8217;adresse suivante : info@lineaunika.it . Nous nous excusons pour la g\u00eane occasionn\u00e9e.<\/strong><\/em><\/p>\n","protected":false},"excerpt":{"rendered":"<p>\u2714\ufe0f Formule d\u00e9licate<br \/>\n\u2714\ufe0f A utiliser sans eau<br \/>\n\u2714\ufe0f Id\u00e9al en p\u00e9riode hivernale<\/p>\n","protected":false},"featured_media":21191,"template":"","meta":{"_acf_changed":false,"_joinchat":[]},"product_brand":[],"product_cat":[450],"product_tag":[670,564,662,658],"class_list":{"0":"post-11485","1":"product","2":"type-product","3":"status-publish","4":"has-post-thumbnail","6":"product_cat-hygiene-et-soins-des-chevaux","7":"product_tag-hiver","8":"product_tag-manteau-et-peau","9":"product_tag-produits-dhygiene","10":"product_tag-shampooing","12":"first","13":"instock","14":"taxable","15":"shipping-taxable","16":"purchasable","17":"product-type-simple"},"acf":[],"_links":{"self":[{"href":"https:\/\/unika.sitointest.it\/fr\/wp-json\/wp\/v2\/product\/11485","targetHints":{"allow":["GET"]}}],"collection":[{"href":"https:\/\/unika.sitointest.it\/fr\/wp-json\/wp\/v2\/product"}],"about":[{"href":"https:\/\/unika.sitointest.it\/fr\/wp-json\/wp\/v2\/types\/product"}],"version-history":[{"count":3,"href":"https:\/\/unika.sitointest.it\/fr\/wp-json\/wp\/v2\/product\/11485\/revisions"}],"predecessor-version":[{"id":27896,"href":"https:\/\/unika.sitointest.it\/fr\/wp-json\/wp\/v2\/product\/11485\/revisions\/27896"}],"wp:featuredmedia":[{"embeddable":true,"href":"https:\/\/unika.sitointest.it\/fr\/wp-json\/wp\/v2\/media\/21191"}],"wp:attachment":[{"href":"https:\/\/unika.sitointest.it\/fr\/wp-json\/wp\/v2\/media?parent=11485"}],"wp:term":[{"taxonomy":"product_brand","embeddable":true,"href":"https:\/\/unika.sitointest.it\/fr\/wp-json\/wp\/v2\/product_brand?post=11485"},{"taxonomy":"product_cat","embeddable":true,"href":"https:\/\/unika.sitointest.it\/fr\/wp-json\/wp\/v2\/product_cat?post=11485"},{"taxonomy":"product_tag","embeddable":true,"href":"https:\/\/unika.sitointest.it\/fr\/wp-json\/wp\/v2\/product_tag?post=11485"}],"curies":[{"name":"wp","href":"https:\/\/api.w.org\/{rel}","templated":true}]}}