{"id":11465,"date":"2022-11-22T10:59:47","date_gmt":"2022-11-22T10:59:47","guid":{"rendered":"https:\/\/lineaunika.jumpgroup.it\/shop\/non%20class\u00e9\/shampoo-destate\/"},"modified":"2023-06-19T12:48:40","modified_gmt":"2023-06-19T12:48:40","slug":"shampoo-destate","status":"publish","type":"product","link":"https:\/\/unika.sitointest.it\/fr\/shop\/hygiene-et-soins-des-chevaux\/shampoo-destate\/","title":{"rendered":"Shampoo d&#8217;estate"},"content":{"rendered":"<p>Shampoo d\u2019estate est id\u00e9al pour donner \u00e0 votre cheval un parfum de citronnelle, m\u00eame pendant la phase de lavage.<\/p>\n<h4>Quand l\u2019utiliser<\/h4>\n<p>Shampoo d\u2019estate est id\u00e9al :<\/p>\n<p>&#8211; comme shampooing au printemps et en \u00e9t\u00e9<br \/>\n&#8211; pour une bonne hygi\u00e8ne de la robe<\/p>\n<h4>Mode d\u2019emploi<\/h4>\n<p>Verser deux bouchons de Shampoo d\u2019estate directement dans un seau d\u2019eau ti\u00e8de. Remuer l\u2019eau avec une \u00e9ponge en faisant un peu de mousse \u00e0 l\u2019int\u00e9rieur du seau. Imbiber l\u2019\u00e9ponge et la frotter sur le cheval. Veillez \u00e0 ce que le produit ou l\u2019eau contenant le produit n\u2019entre pas en contact avec les yeux du cheval.<\/p>\n<p><em>(Chaque organisme \u00e9tant sp\u00e9cifique, nous vous conseillons de l\u2019essayer d\u2019abord sur une petite surface).<\/em><\/p>\n<p><em><strong>Nous proc\u00e9dons \u00e0 un examen des \u00e9tiquettes. Si vous souhaitez recevoir l&#8217;\u00e9tiquette avant la vente, nous vous demandons de nous envoyer un e-mail \u00e0 l&#8217;adresse suivante : info@lineaunika.it . Nous nous excusons pour la g\u00eane occasionn\u00e9e.<\/strong><\/em><\/p>\n","protected":false},"excerpt":{"rendered":"<p>\u2714\ufe0f Formule d\u00e9licate<br \/>\n\u2714\ufe0f A l&#8217;huile essentielle de citronnelle<br \/>\n\u2714\ufe0f Id\u00e9al en p\u00e9riode estivale<\/p>\n","protected":false},"featured_media":21170,"template":"","meta":{"_acf_changed":false,"_joinchat":[]},"product_brand":[],"product_cat":[450],"product_tag":[548,574,564,662,658],"class_list":{"0":"post-11465","1":"product","2":"type-product","3":"status-publish","4":"has-post-thumbnail","6":"product_cat-hygiene-et-soins-des-chevaux","7":"product_tag-ete","8":"product_tag-insectes","9":"product_tag-manteau-et-peau","10":"product_tag-produits-dhygiene","11":"product_tag-shampooing","13":"first","14":"instock","15":"taxable","16":"shipping-taxable","17":"purchasable","18":"product-type-variable"},"acf":[],"_links":{"self":[{"href":"https:\/\/unika.sitointest.it\/fr\/wp-json\/wp\/v2\/product\/11465","targetHints":{"allow":["GET"]}}],"collection":[{"href":"https:\/\/unika.sitointest.it\/fr\/wp-json\/wp\/v2\/product"}],"about":[{"href":"https:\/\/unika.sitointest.it\/fr\/wp-json\/wp\/v2\/types\/product"}],"version-history":[{"count":3,"href":"https:\/\/unika.sitointest.it\/fr\/wp-json\/wp\/v2\/product\/11465\/revisions"}],"predecessor-version":[{"id":15661,"href":"https:\/\/unika.sitointest.it\/fr\/wp-json\/wp\/v2\/product\/11465\/revisions\/15661"}],"wp:featuredmedia":[{"embeddable":true,"href":"https:\/\/unika.sitointest.it\/fr\/wp-json\/wp\/v2\/media\/21170"}],"wp:attachment":[{"href":"https:\/\/unika.sitointest.it\/fr\/wp-json\/wp\/v2\/media?parent=11465"}],"wp:term":[{"taxonomy":"product_brand","embeddable":true,"href":"https:\/\/unika.sitointest.it\/fr\/wp-json\/wp\/v2\/product_brand?post=11465"},{"taxonomy":"product_cat","embeddable":true,"href":"https:\/\/unika.sitointest.it\/fr\/wp-json\/wp\/v2\/product_cat?post=11465"},{"taxonomy":"product_tag","embeddable":true,"href":"https:\/\/unika.sitointest.it\/fr\/wp-json\/wp\/v2\/product_tag?post=11465"}],"curies":[{"name":"wp","href":"https:\/\/api.w.org\/{rel}","templated":true}]}}