{"id":11264,"date":"2022-11-18T15:21:42","date_gmt":"2022-11-18T15:21:42","guid":{"rendered":"https:\/\/lineaunika.jumpgroup.it\/shop\/non%20class\u00e9\/shampoo-cavalli\/"},"modified":"2026-02-16T18:09:20","modified_gmt":"2026-02-16T17:09:20","slug":"shampoo-cavalli","status":"publish","type":"product","link":"https:\/\/unika.sitointest.it\/fr\/shop\/hygiene-et-soins-des-chevaux\/shampoo-cavalli\/","title":{"rendered":"Shampoo Cavalli"},"content":{"rendered":"<h4>Produit destin\u00e9 \u00e0 un usage externe uniquement<\/h4>\n<p>Shampoo Cavalli est un shampooing sp\u00e9cifique pour les soins quotidiens et l\u2019hygi\u00e8ne des chevaux. D\u00e9licat et parfum\u00e9, il nettoie et \u00e9limine la salet\u00e9 et les impuret\u00e9s de la robe et du pelage de l\u2019animal. Apporte un aspect brillant et soyeux. Usage externe uniquement.<\/p>\n<h4>Mode d\u2019emploi<\/h4>\n<p>M\u00e9langer bien 1 \u00e0 2 bouchons de Shampoo Cavalli (selon le besoin) dans 6 \u00e0 8 litres d\u2019eau (un seau). Mouiller la robe, la queue ou la crini\u00e8re du cheval avec Shampoo Cavalli. Rincer abondamment \u00e0 l\u2019eau claire. Utiliser r\u00e9guli\u00e8rement pour shampooiner les chevaux.<\/p>\n<p><em>(Chaque organisme \u00e9tant sp\u00e9cifique, nous vous conseillons de l\u2019essayer d\u2019abord sur une petite surface).<\/em><\/p>\n<p><em><strong>Nous proc\u00e9dons \u00e0 un examen des \u00e9tiquettes. Si vous souhaitez recevoir l&#8217;\u00e9tiquette avant la vente, nous vous demandons de nous envoyer un e-mail \u00e0 l&#8217;adresse suivante : info@lineaunika.it . Nous nous excusons pour la g\u00eane occasionn\u00e9e.<\/strong><\/em><\/p>\n","protected":false},"excerpt":{"rendered":"<p>\u2714\ufe0f Formule d\u00e9licate<br \/>\n\u2714\ufe0f Aux prot\u00e9ines de soie<br \/>\n\u2714\ufe0f Au parfum de rose<\/p>\n","protected":false},"featured_media":21050,"template":"","meta":{"_acf_changed":false,"_joinchat":[]},"product_brand":[],"product_cat":[450],"product_tag":[564,662,658],"class_list":{"0":"post-11264","1":"product","2":"type-product","3":"status-publish","4":"has-post-thumbnail","6":"product_cat-hygiene-et-soins-des-chevaux","7":"product_tag-manteau-et-peau","8":"product_tag-produits-dhygiene","9":"product_tag-shampooing","11":"first","12":"instock","13":"taxable","14":"shipping-taxable","15":"purchasable","16":"product-type-variable"},"acf":[],"_links":{"self":[{"href":"https:\/\/unika.sitointest.it\/fr\/wp-json\/wp\/v2\/product\/11264","targetHints":{"allow":["GET"]}}],"collection":[{"href":"https:\/\/unika.sitointest.it\/fr\/wp-json\/wp\/v2\/product"}],"about":[{"href":"https:\/\/unika.sitointest.it\/fr\/wp-json\/wp\/v2\/types\/product"}],"version-history":[{"count":2,"href":"https:\/\/unika.sitointest.it\/fr\/wp-json\/wp\/v2\/product\/11264\/revisions"}],"predecessor-version":[{"id":15664,"href":"https:\/\/unika.sitointest.it\/fr\/wp-json\/wp\/v2\/product\/11264\/revisions\/15664"}],"wp:featuredmedia":[{"embeddable":true,"href":"https:\/\/unika.sitointest.it\/fr\/wp-json\/wp\/v2\/media\/21050"}],"wp:attachment":[{"href":"https:\/\/unika.sitointest.it\/fr\/wp-json\/wp\/v2\/media?parent=11264"}],"wp:term":[{"taxonomy":"product_brand","embeddable":true,"href":"https:\/\/unika.sitointest.it\/fr\/wp-json\/wp\/v2\/product_brand?post=11264"},{"taxonomy":"product_cat","embeddable":true,"href":"https:\/\/unika.sitointest.it\/fr\/wp-json\/wp\/v2\/product_cat?post=11264"},{"taxonomy":"product_tag","embeddable":true,"href":"https:\/\/unika.sitointest.it\/fr\/wp-json\/wp\/v2\/product_tag?post=11264"}],"curies":[{"name":"wp","href":"https:\/\/api.w.org\/{rel}","templated":true}]}}