{"id":11241,"date":"2022-11-18T14:56:16","date_gmt":"2022-11-18T13:56:16","guid":{"rendered":"https:\/\/lineaunika.jumpgroup.it\/shop\/non%20class\u00e9\/g-sheen-super\/"},"modified":"2026-02-16T18:09:03","modified_gmt":"2026-02-16T17:09:03","slug":"g-sheen-super","status":"publish","type":"product","link":"https:\/\/unika.sitointest.it\/fr\/shop\/hygiene-et-soins-des-chevaux\/g-sheen-super\/","title":{"rendered":"G-Sheen Super"},"content":{"rendered":"<h4>Produit destin\u00e9 \u00e0 un usage externe uniquement<\/h4>\n<p>G-Sheen Super est un excellent agent de polissage et de d\u00e9m\u00ealage pour les queues et les crini\u00e8res des chevaux, en version gel concentr\u00e9 pour un effet plus durable. Il est enrichi d\u2019un extrait de rose pour garantir un parfum agr\u00e9able, et il est parfait pour les chevaux qui ont peur du bruit du spray. Usage externe uniquement.<\/p>\n<h4>Mode d\u2019emploi<\/h4>\n<p>Utiliser une quantit\u00e9 mod\u00e9r\u00e9e de G-Sheen Super directement sur la queue et la crini\u00e8re, en prenant soin de ne pas brosser imm\u00e9diatement mais de laisser le produit agir pendant quelques minutes. Le produit a un effet r\u00e9siduel de quelques jours et peut donc \u00eatre utilis\u00e9 de 2 \u00e0 3 fois par semaine.<\/p>\n<p>&nbsp;<\/p>\n<p>Poids net : 500 g<\/p>\n<p><em>(Chaque organisme \u00e9tant sp\u00e9cifique, nous vous conseillons de l\u2019essayer d\u2019abord sur une petite surface).<\/em><\/p>\n<p><em><strong>Nous proc\u00e9dons \u00e0 un examen des \u00e9tiquettes. Si vous souhaitez recevoir l&#8217;\u00e9tiquette avant la vente, nous vous demandons de nous envoyer un e-mail \u00e0 l&#8217;adresse suivante : info@lineaunika.it . Nous nous excusons pour la g\u00eane occasionn\u00e9e.<\/strong><\/em><\/p>\n","protected":false},"excerpt":{"rendered":"<p>\u2714\ufe0f Formule g\u00e9lifi\u00e9e<br \/>\n\u2714\ufe0f Long s\u00e9jour sur le crin<br \/>\n\u2714\ufe0f Indiqu\u00e9 pour les chevaux qui ont peur des embruns<\/p>\n","protected":false},"featured_media":21030,"template":"","meta":{"_acf_changed":false,"_joinchat":[]},"product_brand":[],"product_cat":[450],"product_tag":[654,564,662],"class_list":{"0":"post-11241","1":"product","2":"type-product","3":"status-publish","4":"has-post-thumbnail","6":"product_cat-hygiene-et-soins-des-chevaux","7":"product_tag-demelant","8":"product_tag-manteau-et-peau","9":"product_tag-produits-dhygiene","11":"first","12":"instock","13":"taxable","14":"shipping-taxable","15":"purchasable","16":"product-type-simple"},"acf":[],"_links":{"self":[{"href":"https:\/\/unika.sitointest.it\/fr\/wp-json\/wp\/v2\/product\/11241","targetHints":{"allow":["GET"]}}],"collection":[{"href":"https:\/\/unika.sitointest.it\/fr\/wp-json\/wp\/v2\/product"}],"about":[{"href":"https:\/\/unika.sitointest.it\/fr\/wp-json\/wp\/v2\/types\/product"}],"version-history":[{"count":4,"href":"https:\/\/unika.sitointest.it\/fr\/wp-json\/wp\/v2\/product\/11241\/revisions"}],"predecessor-version":[{"id":27878,"href":"https:\/\/unika.sitointest.it\/fr\/wp-json\/wp\/v2\/product\/11241\/revisions\/27878"}],"wp:featuredmedia":[{"embeddable":true,"href":"https:\/\/unika.sitointest.it\/fr\/wp-json\/wp\/v2\/media\/21030"}],"wp:attachment":[{"href":"https:\/\/unika.sitointest.it\/fr\/wp-json\/wp\/v2\/media?parent=11241"}],"wp:term":[{"taxonomy":"product_brand","embeddable":true,"href":"https:\/\/unika.sitointest.it\/fr\/wp-json\/wp\/v2\/product_brand?post=11241"},{"taxonomy":"product_cat","embeddable":true,"href":"https:\/\/unika.sitointest.it\/fr\/wp-json\/wp\/v2\/product_cat?post=11241"},{"taxonomy":"product_tag","embeddable":true,"href":"https:\/\/unika.sitointest.it\/fr\/wp-json\/wp\/v2\/product_tag?post=11241"}],"curies":[{"name":"wp","href":"https:\/\/api.w.org\/{rel}","templated":true}]}}