{"id":11225,"date":"2022-11-18T14:44:41","date_gmt":"2022-11-18T14:44:41","guid":{"rendered":"https:\/\/lineaunika.jumpgroup.it\/shop\/non%20class\u00e9\/g-sheen\/"},"modified":"2026-02-16T18:09:03","modified_gmt":"2026-02-16T17:09:03","slug":"g-sheen","status":"publish","type":"product","link":"https:\/\/unika.sitointest.it\/fr\/shop\/hygiene-et-soins-des-chevaux\/g-sheen\/","title":{"rendered":"G-Sheen"},"content":{"rendered":"<h4>Produit destin\u00e9 \u00e0 un usage externe uniquement<\/h4>\n<p>G-Sheen est un excellent produit de polissage et de d\u00e9m\u00ealage pour la queue et la crini\u00e8re des chevaux. Usage externe uniquement.<\/p>\n<h4>Mode d\u2019emploi<\/h4>\n<p>Vaporiser une quantit\u00e9 mod\u00e9r\u00e9e de G-Sheen directement sur la queue et la crini\u00e8re, mais ne pas brosser imm\u00e9diatement, et laisser agir pendant quelques minutes. Le produit a un effet r\u00e9siduel de quelques jours et peut donc \u00eatre utilis\u00e9 de 3 \u00e0 4 fois par semaine.<\/p>\n<p><em>(Chaque organisme \u00e9tant sp\u00e9cifique, nous vous conseillons de l\u2019essayer d\u2019abord sur une petite surface).<\/em><\/p>\n<p><em><strong>Nous proc\u00e9dons \u00e0 un examen des \u00e9tiquettes. Si vous souhaitez recevoir l&#8217;\u00e9tiquette avant la vente, nous vous demandons de nous envoyer un e-mail \u00e0 l&#8217;adresse suivante : info@lineaunika.it . Nous nous excusons pour la g\u00eane occasionn\u00e9e.<\/strong><\/em><\/p>\n","protected":false},"excerpt":{"rendered":"<p>\u2714\ufe0f Avec vaporisateur pratique<br \/>\n\u2714\ufe0f Pour des cheveux parfaitement d\u00e9m\u00eal\u00e9s<br \/>\n\u2714\ufe0f Convient \u00e0 tous les chevaux<\/p>\n","protected":false},"featured_media":21022,"template":"","meta":{"_acf_changed":false,"_joinchat":[]},"product_brand":[],"product_cat":[450],"product_tag":[654,564,662],"class_list":{"0":"post-11225","1":"product","2":"type-product","3":"status-publish","4":"has-post-thumbnail","6":"product_cat-hygiene-et-soins-des-chevaux","7":"product_tag-demelant","8":"product_tag-manteau-et-peau","9":"product_tag-produits-dhygiene","11":"first","12":"instock","13":"taxable","14":"shipping-taxable","15":"purchasable","16":"product-type-variable"},"acf":[],"_links":{"self":[{"href":"https:\/\/unika.sitointest.it\/fr\/wp-json\/wp\/v2\/product\/11225","targetHints":{"allow":["GET"]}}],"collection":[{"href":"https:\/\/unika.sitointest.it\/fr\/wp-json\/wp\/v2\/product"}],"about":[{"href":"https:\/\/unika.sitointest.it\/fr\/wp-json\/wp\/v2\/types\/product"}],"version-history":[{"count":2,"href":"https:\/\/unika.sitointest.it\/fr\/wp-json\/wp\/v2\/product\/11225\/revisions"}],"predecessor-version":[{"id":15671,"href":"https:\/\/unika.sitointest.it\/fr\/wp-json\/wp\/v2\/product\/11225\/revisions\/15671"}],"wp:featuredmedia":[{"embeddable":true,"href":"https:\/\/unika.sitointest.it\/fr\/wp-json\/wp\/v2\/media\/21022"}],"wp:attachment":[{"href":"https:\/\/unika.sitointest.it\/fr\/wp-json\/wp\/v2\/media?parent=11225"}],"wp:term":[{"taxonomy":"product_brand","embeddable":true,"href":"https:\/\/unika.sitointest.it\/fr\/wp-json\/wp\/v2\/product_brand?post=11225"},{"taxonomy":"product_cat","embeddable":true,"href":"https:\/\/unika.sitointest.it\/fr\/wp-json\/wp\/v2\/product_cat?post=11225"},{"taxonomy":"product_tag","embeddable":true,"href":"https:\/\/unika.sitointest.it\/fr\/wp-json\/wp\/v2\/product_tag?post=11225"}],"curies":[{"name":"wp","href":"https:\/\/api.w.org\/{rel}","templated":true}]}}