{"id":11202,"date":"2022-11-18T14:34:32","date_gmt":"2022-11-18T13:34:32","guid":{"rendered":"https:\/\/lineaunika.jumpgroup.it\/shop\/non%20class\u00e9\/disor-roll-on\/"},"modified":"2025-06-04T13:10:20","modified_gmt":"2025-06-04T12:10:20","slug":"disor-roll-on","status":"publish","type":"product","link":"https:\/\/unika.sitointest.it\/fr\/shop\/hygiene-et-soins-des-chevaux\/disor-roll-on\/","title":{"rendered":"Disor Roll-On"},"content":{"rendered":"<h4>Produit destin\u00e9 \u00e0 un usage externe uniquement<\/h4>\n<p>Disor Roll-on est un roll-on parfum\u00e9 \u00e0 usage externe pour chevaux \u00e0 base d\u2019huile essentielle de citronnelle (Cymbopogon nardus).<\/p>\n<h4>Mode d\u2019emploi<\/h4>\n<p>Passer Disor Roll-on sur les parties du cheval que vous souhaitez parfumer. Un simple passage sera suffisant. Il est particuli\u00e8rement recommand\u00e9 d\u2019utiliser Disor Roll-on sur les parties sensibles du cheval (yeux, bouche, zone g\u00e9nitale\u2026) o\u00f9 il n\u2019est pas possible de pulv\u00e9riser Disor.<\/p>\n<p>&nbsp;<\/p>\n<p>Poids net : 50 ml<\/p>\n<p><em>(Chaque organisme \u00e9tant sp\u00e9cifique, nous vous conseillons de l\u2019essayer d\u2019abord sur une petite surface).<\/em><\/p>\n<p><em><strong>Nous proc\u00e9dons \u00e0 un examen des \u00e9tiquettes. Si vous souhaitez recevoir l&#8217;\u00e9tiquette avant la vente, nous vous demandons de nous envoyer un e-mail \u00e0 l&#8217;adresse suivante : info@lineaunika.it . Nous nous excusons pour la g\u00eane occasionn\u00e9e.<\/strong><\/em><\/p>\n","protected":false},"excerpt":{"rendered":"<p>\u2714\ufe0f Avec roll-on pratique<br \/>\n\u2714\ufe0f Long s\u00e9jour sur le manteau<br \/>\n\u2714\ufe0f Id\u00e9al pour une utilisation sur le museau et pr\u00e8s des muqueuses<\/p>\n","protected":false},"featured_media":21745,"template":"","meta":{"_acf_changed":false,"_joinchat":[]},"product_brand":[],"product_cat":[450],"product_tag":[650,548,574,564],"class_list":{"0":"post-11202","1":"product","2":"type-product","3":"status-publish","4":"has-post-thumbnail","6":"product_cat-hygiene-et-soins-des-chevaux","7":"product_tag-citronnelle","8":"product_tag-ete","9":"product_tag-insectes","10":"product_tag-manteau-et-peau","12":"first","13":"instock","14":"taxable","15":"shipping-taxable","16":"purchasable","17":"product-type-simple"},"acf":[],"_links":{"self":[{"href":"https:\/\/unika.sitointest.it\/fr\/wp-json\/wp\/v2\/product\/11202","targetHints":{"allow":["GET"]}}],"collection":[{"href":"https:\/\/unika.sitointest.it\/fr\/wp-json\/wp\/v2\/product"}],"about":[{"href":"https:\/\/unika.sitointest.it\/fr\/wp-json\/wp\/v2\/types\/product"}],"version-history":[{"count":4,"href":"https:\/\/unika.sitointest.it\/fr\/wp-json\/wp\/v2\/product\/11202\/revisions"}],"predecessor-version":[{"id":27867,"href":"https:\/\/unika.sitointest.it\/fr\/wp-json\/wp\/v2\/product\/11202\/revisions\/27867"}],"wp:featuredmedia":[{"embeddable":true,"href":"https:\/\/unika.sitointest.it\/fr\/wp-json\/wp\/v2\/media\/21745"}],"wp:attachment":[{"href":"https:\/\/unika.sitointest.it\/fr\/wp-json\/wp\/v2\/media?parent=11202"}],"wp:term":[{"taxonomy":"product_brand","embeddable":true,"href":"https:\/\/unika.sitointest.it\/fr\/wp-json\/wp\/v2\/product_brand?post=11202"},{"taxonomy":"product_cat","embeddable":true,"href":"https:\/\/unika.sitointest.it\/fr\/wp-json\/wp\/v2\/product_cat?post=11202"},{"taxonomy":"product_tag","embeddable":true,"href":"https:\/\/unika.sitointest.it\/fr\/wp-json\/wp\/v2\/product_tag?post=11202"}],"curies":[{"name":"wp","href":"https:\/\/api.w.org\/{rel}","templated":true}]}}