{"id":11188,"date":"2022-11-18T14:25:38","date_gmt":"2022-11-18T13:25:38","guid":{"rendered":"https:\/\/lineaunika.jumpgroup.it\/shop\/non%20class\u00e9\/disor-plus\/"},"modified":"2026-02-16T18:08:45","modified_gmt":"2026-02-16T17:08:45","slug":"disor-plus","status":"publish","type":"product","link":"https:\/\/unika.sitointest.it\/fr\/shop\/hygiene-et-soins-des-chevaux\/disor-plus\/","title":{"rendered":"Disor Plus"},"content":{"rendered":"<h4>Produit \u00e0 usage externe uniquement<\/h4>\n<p>Disor Plus est le parfum en spray \u00e0 usage externe repr\u00e9sentant l\u2019\u00e9volution de Disor en termes d\u2019efficacit\u00e9. En fait, Disor Plus contient des huiles essentielles de citronnelle, g\u00e9ranium et c\u00e9drat ayant un effet anti-mouche largement reconnu.<\/p>\n<h4>Mode d&#8217;emploi<\/h4>\n<p>Disor est un produit \u00e0 usage externe exclusivement. \u00c0 l\u2019aide du flacon pulv\u00e9risateur, vaporiser une petite quantit\u00e9 de produit sur le pelage, la crini\u00e8re, la queue, le cou, le garrot, le dos, la croupe, les flancs et le ventre, en \u00e9vitant la r\u00e9gion des yeux et des narines, car la forte concentration en huiles essentielles pourrait provoquer des br\u00fblures. \u00c9viter tout contact avec la zone ano-g\u00e9nitale, en particulier chez les femelles.<\/p>\n<p>&nbsp;<\/p>\n<p>Poids net : 1 l<\/p>\n<p><em>(Chaque organisme \u00e9tant sp\u00e9cifique, nous vous conseillons de l\u2019essayer d\u2019abord sur une petite surface).<\/em><\/p>\n<p><em><strong>Nous proc\u00e9dons \u00e0 un examen des \u00e9tiquettes. Si vous souhaitez recevoir l&#8217;\u00e9tiquette avant la vente, nous vous demandons de nous envoyer un e-mail \u00e0 l&#8217;adresse suivante : info@lineaunika.it . Nous nous excusons pour la g\u00eane occasionn\u00e9e.<\/strong><\/em><\/p>\n","protected":false},"excerpt":{"rendered":"<p>\u2714\ufe0f Avec vaporisateur pratique<br \/>\n\u2714\ufe0f Long s\u00e9jour sur le manteau<br \/>\n\u2714\ufe0f Aux huiles essentielles de citronnelle et de c\u00e8dre<\/p>\n","protected":false},"featured_media":20890,"template":"","meta":{"_acf_changed":false,"_joinchat":[]},"product_brand":[],"product_cat":[450],"product_tag":[650,548,574,564],"class_list":{"0":"post-11188","1":"product","2":"type-product","3":"status-publish","4":"has-post-thumbnail","6":"product_cat-hygiene-et-soins-des-chevaux","7":"product_tag-citronnelle","8":"product_tag-ete","9":"product_tag-insectes","10":"product_tag-manteau-et-peau","12":"first","13":"instock","14":"taxable","15":"shipping-taxable","16":"purchasable","17":"product-type-simple"},"acf":[],"_links":{"self":[{"href":"https:\/\/unika.sitointest.it\/fr\/wp-json\/wp\/v2\/product\/11188","targetHints":{"allow":["GET"]}}],"collection":[{"href":"https:\/\/unika.sitointest.it\/fr\/wp-json\/wp\/v2\/product"}],"about":[{"href":"https:\/\/unika.sitointest.it\/fr\/wp-json\/wp\/v2\/types\/product"}],"version-history":[{"count":6,"href":"https:\/\/unika.sitointest.it\/fr\/wp-json\/wp\/v2\/product\/11188\/revisions"}],"predecessor-version":[{"id":28602,"href":"https:\/\/unika.sitointest.it\/fr\/wp-json\/wp\/v2\/product\/11188\/revisions\/28602"}],"wp:featuredmedia":[{"embeddable":true,"href":"https:\/\/unika.sitointest.it\/fr\/wp-json\/wp\/v2\/media\/20890"}],"wp:attachment":[{"href":"https:\/\/unika.sitointest.it\/fr\/wp-json\/wp\/v2\/media?parent=11188"}],"wp:term":[{"taxonomy":"product_brand","embeddable":true,"href":"https:\/\/unika.sitointest.it\/fr\/wp-json\/wp\/v2\/product_brand?post=11188"},{"taxonomy":"product_cat","embeddable":true,"href":"https:\/\/unika.sitointest.it\/fr\/wp-json\/wp\/v2\/product_cat?post=11188"},{"taxonomy":"product_tag","embeddable":true,"href":"https:\/\/unika.sitointest.it\/fr\/wp-json\/wp\/v2\/product_tag?post=11188"}],"curies":[{"name":"wp","href":"https:\/\/api.w.org\/{rel}","templated":true}]}}