{"id":11174,"date":"2022-11-18T14:03:28","date_gmt":"2022-11-18T13:03:28","guid":{"rendered":"https:\/\/lineaunika.jumpgroup.it\/shop\/non%20class\u00e9\/disor-gel\/"},"modified":"2026-02-16T18:08:45","modified_gmt":"2026-02-16T17:08:45","slug":"disor-gel","status":"publish","type":"product","link":"https:\/\/unika.sitointest.it\/fr\/shop\/hygiene-et-soins-des-chevaux\/disor-gel\/","title":{"rendered":"Disor Gel"},"content":{"rendered":"<h4>Produit destin\u00e9 \u00e0 un usage externe uniquement<\/h4>\n<p>Disor Gel est un gel parfum\u00e9 \u00e0 usage externe \u00e0 base d\u2019huile essentielle de citronelle. Disor Gel a \u00e9t\u00e9 \u00e9tudi\u00e9 pour obtenir une action plus durable et r\u00e9sistante que les liquides traditionnels : la formulation du gel permet une plus grande persistance des parfums aromatiques en cr\u00e9ant un film odorant sur la robe du cheval.<\/p>\n<h4>Mode d\u2019emploi<\/h4>\n<p>\u00c9taler une fine couche de produit sur le pelage, la crini\u00e8re, la queue, le cou, le garrot, le dos, les flancs et l\u2019abdomen. Disor Gel peut \u00eatre utilis\u00e9 sur la zone de la t\u00eate, en veillant \u00e0 ce que le gel n\u2019entre pas en contact direct avec les muqueuses des yeux et de la bouche. \u00c9viter tout contact avec la zone ano-g\u00e9nitale, en particulier chez les femelles. Se laver soigneusement les mains apr\u00e8s l\u2019application.<\/p>\n<p>&nbsp;<\/p>\n<p>Poids net : 500 g<\/p>\n<p><em>(Chaque organisme \u00e9tant sp\u00e9cifique, nous vous conseillons de l\u2019essayer d\u2019abord sur une petite surface).<\/em><\/p>\n<p><em><strong>Nous proc\u00e9dons \u00e0 un examen des \u00e9tiquettes. Si vous souhaitez recevoir l&#8217;\u00e9tiquette avant la vente, nous vous demandons de nous envoyer un e-mail \u00e0 l&#8217;adresse suivante : info@lineaunika.it . Nous nous excusons pour la g\u00eane occasionn\u00e9e.<\/strong><\/em><\/p>\n","protected":false},"excerpt":{"rendered":"<p>\u2714\ufe0f Formule g\u00e9lifi\u00e9e<br \/>\n\u2714\ufe0f Long s\u00e9jour sur le manteau<br \/>\n\u2714\ufe0f Indiqu\u00e9 pour les chevaux qui ont peur des embruns<\/p>\n","protected":false},"featured_media":21759,"template":"","meta":{"_acf_changed":false,"_joinchat":[]},"product_brand":[],"product_cat":[450],"product_tag":[650,548,642,574,564],"class_list":{"0":"post-11174","1":"product","2":"type-product","3":"status-publish","4":"has-post-thumbnail","6":"product_cat-hygiene-et-soins-des-chevaux","7":"product_tag-citronnelle","8":"product_tag-ete","9":"product_tag-gels-cremes-et-argiles","10":"product_tag-insectes","11":"product_tag-manteau-et-peau","13":"first","14":"instock","15":"taxable","16":"shipping-taxable","17":"purchasable","18":"product-type-simple"},"acf":[],"_links":{"self":[{"href":"https:\/\/unika.sitointest.it\/fr\/wp-json\/wp\/v2\/product\/11174","targetHints":{"allow":["GET"]}}],"collection":[{"href":"https:\/\/unika.sitointest.it\/fr\/wp-json\/wp\/v2\/product"}],"about":[{"href":"https:\/\/unika.sitointest.it\/fr\/wp-json\/wp\/v2\/types\/product"}],"version-history":[{"count":5,"href":"https:\/\/unika.sitointest.it\/fr\/wp-json\/wp\/v2\/product\/11174\/revisions"}],"predecessor-version":[{"id":27865,"href":"https:\/\/unika.sitointest.it\/fr\/wp-json\/wp\/v2\/product\/11174\/revisions\/27865"}],"wp:featuredmedia":[{"embeddable":true,"href":"https:\/\/unika.sitointest.it\/fr\/wp-json\/wp\/v2\/media\/21759"}],"wp:attachment":[{"href":"https:\/\/unika.sitointest.it\/fr\/wp-json\/wp\/v2\/media?parent=11174"}],"wp:term":[{"taxonomy":"product_brand","embeddable":true,"href":"https:\/\/unika.sitointest.it\/fr\/wp-json\/wp\/v2\/product_brand?post=11174"},{"taxonomy":"product_cat","embeddable":true,"href":"https:\/\/unika.sitointest.it\/fr\/wp-json\/wp\/v2\/product_cat?post=11174"},{"taxonomy":"product_tag","embeddable":true,"href":"https:\/\/unika.sitointest.it\/fr\/wp-json\/wp\/v2\/product_tag?post=11174"}],"curies":[{"name":"wp","href":"https:\/\/api.w.org\/{rel}","templated":true}]}}