{"id":11156,"date":"2022-11-18T13:53:57","date_gmt":"2022-11-18T12:53:57","guid":{"rendered":"https:\/\/lineaunika.jumpgroup.it\/shop\/non%20class\u00e9\/disor\/"},"modified":"2023-06-19T13:36:44","modified_gmt":"2023-06-19T13:36:44","slug":"disor","status":"publish","type":"product","link":"https:\/\/unika.sitointest.it\/fr\/shop\/hygiene-et-soins-des-chevaux\/disor\/","title":{"rendered":"Disor"},"content":{"rendered":"<h4>Produit destin\u00e9 \u00e0 un usage externe uniquement<\/h4>\n<p>Disor est un parfum en spray \u00e0 usage externe \u00e0 base d\u2019huile essentielle de citronnelle (Cymbopogon nardus), riche en diff\u00e9rentes substances aromatiques.<\/p>\n<h4>Mode d\u2019emploi<\/h4>\n<p>Disor est un produit \u00e0 usage externe exclusivement. \u00c0 l\u2019aide du flacon pulv\u00e9risateur, vaporiser une petite quantit\u00e9 de produit sur le pelage, la crini\u00e8re, la queue, le cou, le garrot, le dos, la croupe, les flancs et le ventre, en \u00e9vitant la r\u00e9gion des yeux et des narines, car la forte concentration en huiles essentielles pourrait provoquer des br\u00fblures. \u00c9viter tout contact avec la zone ano-g\u00e9nitale, en particulier chez les femelles.<\/p>\n<p><em>(Chaque organisme \u00e9tant sp\u00e9cifique, nous vous conseillons de l\u2019essayer d\u2019abord sur une petite surface).<\/em><\/p>\n<p><em><strong>Nous proc\u00e9dons \u00e0 un examen des \u00e9tiquettes. Si vous souhaitez recevoir l&#8217;\u00e9tiquette avant la vente, nous vous demandons de nous envoyer un e-mail \u00e0 l&#8217;adresse suivante : info@lineaunika.it . Nous nous excusons pour la g\u00eane occasionn\u00e9e.<\/strong><\/em><\/p>\n","protected":false},"excerpt":{"rendered":"<p>\u2714\ufe0f Avec vaporisateur pratique<br \/>\n\u2714\ufe0f Long s\u00e9jour sur le manteau<br \/>\n\u2714\ufe0f A l&#8217;huile essentielle de citronnelle<\/p>\n","protected":false},"featured_media":20822,"template":"","meta":{"_acf_changed":false,"_joinchat":[]},"product_brand":[],"product_cat":[450],"product_tag":[650,548,564],"class_list":{"0":"post-11156","1":"product","2":"type-product","3":"status-publish","4":"has-post-thumbnail","6":"product_cat-hygiene-et-soins-des-chevaux","7":"product_tag-citronnelle","8":"product_tag-ete","9":"product_tag-manteau-et-peau","11":"first","12":"outofstock","13":"taxable","14":"shipping-taxable","15":"purchasable","16":"product-type-variable"},"acf":[],"_links":{"self":[{"href":"https:\/\/unika.sitointest.it\/fr\/wp-json\/wp\/v2\/product\/11156","targetHints":{"allow":["GET"]}}],"collection":[{"href":"https:\/\/unika.sitointest.it\/fr\/wp-json\/wp\/v2\/product"}],"about":[{"href":"https:\/\/unika.sitointest.it\/fr\/wp-json\/wp\/v2\/types\/product"}],"version-history":[{"count":2,"href":"https:\/\/unika.sitointest.it\/fr\/wp-json\/wp\/v2\/product\/11156\/revisions"}],"predecessor-version":[{"id":15683,"href":"https:\/\/unika.sitointest.it\/fr\/wp-json\/wp\/v2\/product\/11156\/revisions\/15683"}],"wp:featuredmedia":[{"embeddable":true,"href":"https:\/\/unika.sitointest.it\/fr\/wp-json\/wp\/v2\/media\/20822"}],"wp:attachment":[{"href":"https:\/\/unika.sitointest.it\/fr\/wp-json\/wp\/v2\/media?parent=11156"}],"wp:term":[{"taxonomy":"product_brand","embeddable":true,"href":"https:\/\/unika.sitointest.it\/fr\/wp-json\/wp\/v2\/product_brand?post=11156"},{"taxonomy":"product_cat","embeddable":true,"href":"https:\/\/unika.sitointest.it\/fr\/wp-json\/wp\/v2\/product_cat?post=11156"},{"taxonomy":"product_tag","embeddable":true,"href":"https:\/\/unika.sitointest.it\/fr\/wp-json\/wp\/v2\/product_tag?post=11156"}],"curies":[{"name":"wp","href":"https:\/\/api.w.org\/{rel}","templated":true}]}}