{"id":11130,"date":"2022-11-18T13:31:51","date_gmt":"2022-11-18T13:31:51","guid":{"rendered":"https:\/\/lineaunika.jumpgroup.it\/shop\/non%20class\u00e9\/uniklay\/"},"modified":"2026-02-16T18:09:29","modified_gmt":"2026-02-16T17:09:29","slug":"uniklay","status":"publish","type":"product","link":"https:\/\/unika.sitointest.it\/fr\/shop\/hygiene-et-soins-des-chevaux\/uniklay\/","title":{"rendered":"Uniklay"},"content":{"rendered":"<h4>Produit destin\u00e9 \u00e0 un usage externe uniquement<\/h4>\n<p>Uniklay est une cr\u00e8me pour chevaux \u00e0 base de kaolin pur \u00e0 usage cosm\u00e9tique, de bentonite de sodium, de glyc\u00e9rine, d\u2019oxyde de zinc, de cristaux de menthol et d\u2019extrait d\u2019Aloe vera. Uniklay peut \u00eatre utilis\u00e9 sur les plaies et\/ou les abrasions car il ne contient pas d\u2019alcool. Usage externe uniquement. Id\u00e9al apr\u00e8s l\u2019entra\u00eenement pour pr\u00e9server les conditions physiologiques des articulations.<\/p>\n<h4>Mode d\u2019emploi<\/h4>\n<p>\u00c9taler une fine couche d\u2019Uniklay directement sur le membre tout entier. Il est recommand\u00e9 de laisser \u00e9vaporer l\u00e9g\u00e8rement le produit avant de l\u2019envelopper dans du papier ou des bandages humides. Peut \u00eatre utilis\u00e9 sur une peau excori\u00e9e et\/ou inflamm\u00e9e.<\/p>\n<p><em>(Chaque organisme \u00e9tant sp\u00e9cifique, nous vous conseillons de l\u2019essayer d\u2019abord sur une petite surface).<\/em><\/p>\n<p><em><strong>Nous proc\u00e9dons \u00e0 un examen des \u00e9tiquettes. Si vous souhaitez recevoir l&#8217;\u00e9tiquette avant la vente, nous vous demandons de nous envoyer un e-mail \u00e0 l&#8217;adresse suivante : info@lineaunika.it . Nous nous excusons pour la g\u00eane occasionn\u00e9e.<\/strong><\/em><\/p>\n","protected":false},"excerpt":{"rendered":"<p>\u2714\ufe0f Facile \u00e0 \u00e9taler<br \/>\n\u2714\ufe0f Ne br\u00fble pas sur les plaies<br \/>\n\u2714\ufe0f Ne contient pas d&#8217;alcool<\/p>\n","protected":false},"featured_media":21749,"template":"","meta":{"_acf_changed":false,"_joinchat":[]},"product_brand":[],"product_cat":[450],"product_tag":[638,678,476,468,464,472,642,460,512],"class_list":{"0":"post-11130","1":"product","2":"type-product","3":"status-publish","4":"has-post-thumbnail","6":"product_cat-hygiene-et-soins-des-chevaux","7":"product_tag-arnica-fr","8":"product_tag-articulations","9":"product_tag-cheval-de-course","10":"product_tag-dressage-fr","11":"product_tag-endurance-fr","12":"product_tag-equitation-western","13":"product_tag-gels-cremes-et-argiles","14":"product_tag-saut-dobstacles","15":"product_tag-trekking-fr","17":"first","18":"instock","19":"taxable","20":"shipping-taxable","21":"purchasable","22":"product-type-variable"},"acf":[],"_links":{"self":[{"href":"https:\/\/unika.sitointest.it\/fr\/wp-json\/wp\/v2\/product\/11130","targetHints":{"allow":["GET"]}}],"collection":[{"href":"https:\/\/unika.sitointest.it\/fr\/wp-json\/wp\/v2\/product"}],"about":[{"href":"https:\/\/unika.sitointest.it\/fr\/wp-json\/wp\/v2\/types\/product"}],"version-history":[{"count":2,"href":"https:\/\/unika.sitointest.it\/fr\/wp-json\/wp\/v2\/product\/11130\/revisions"}],"predecessor-version":[{"id":15687,"href":"https:\/\/unika.sitointest.it\/fr\/wp-json\/wp\/v2\/product\/11130\/revisions\/15687"}],"wp:featuredmedia":[{"embeddable":true,"href":"https:\/\/unika.sitointest.it\/fr\/wp-json\/wp\/v2\/media\/21749"}],"wp:attachment":[{"href":"https:\/\/unika.sitointest.it\/fr\/wp-json\/wp\/v2\/media?parent=11130"}],"wp:term":[{"taxonomy":"product_brand","embeddable":true,"href":"https:\/\/unika.sitointest.it\/fr\/wp-json\/wp\/v2\/product_brand?post=11130"},{"taxonomy":"product_cat","embeddable":true,"href":"https:\/\/unika.sitointest.it\/fr\/wp-json\/wp\/v2\/product_cat?post=11130"},{"taxonomy":"product_tag","embeddable":true,"href":"https:\/\/unika.sitointest.it\/fr\/wp-json\/wp\/v2\/product_tag?post=11130"}],"curies":[{"name":"wp","href":"https:\/\/api.w.org\/{rel}","templated":true}]}}