{"id":11097,"date":"2022-11-18T13:14:49","date_gmt":"2022-11-18T12:14:49","guid":{"rendered":"https:\/\/lineaunika.jumpgroup.it\/shop\/non%20class\u00e9\/scudo\/"},"modified":"2026-02-16T18:09:18","modified_gmt":"2026-02-16T17:09:18","slug":"scudo","status":"publish","type":"product","link":"https:\/\/unika.sitointest.it\/fr\/shop\/hygiene-et-soins-des-chevaux\/scudo\/","title":{"rendered":"Scudo"},"content":{"rendered":"<h4>Produit destin\u00e9 \u00e0 un usage externe uniquement<\/h4>\n<p data-start=\"680\" data-end=\"917\">Scudo est une cr\u00e8me pour chevaux \u00e0 usage externe, contenant de l&#8217;oxyde de zinc, de l&#8217;extrait de calendula et de l&#8217;huile d&#8217;amande douce, connus pour leurs propri\u00e9t\u00e9s cicatrisantes et apaisantes sur la peau l\u00e9s\u00e9e, irrit\u00e9e ou enflamm\u00e9e.<\/p>\n<h4>Mode d\u2019emploi<\/h4>\n<p>\u00c9taler une fine couche de Scudo directement sur la zone affect\u00e9e, et couvrir enti\u00e8rement la zone et le pelage tout autour de la zone. Appliquer Scudo tous les jours, apr\u00e8s avoir soigneusement nettoy\u00e9 la zone affect\u00e9e.<\/p>\n<p>Le poids de ce produit peut se r\u00e9duire naturellement.<\/p>\n<p>&nbsp;<\/p>\n<p>Poids net : 250 g<\/p>\n<p><em>(Chaque organisme \u00e9tant sp\u00e9cifique, nous vous conseillons de l\u2019essayer d\u2019abord sur une petite surface).<\/em><\/p>\n<p><em><strong>Nous proc\u00e9dons \u00e0 un examen des \u00e9tiquettes. Si vous souhaitez recevoir l&#8217;\u00e9tiquette avant la vente, nous vous demandons de nous envoyer un e-mail \u00e0 l&#8217;adresse suivante : info@lineaunika.it . Nous nous excusons pour la g\u00eane occasionn\u00e9e.<\/strong><\/em><\/p>\n","protected":false},"excerpt":{"rendered":"<p>\u2714\ufe0f Facile \u00e0 \u00e9taler<br \/>\n\u2714\ufe0f Au calendula et \u00e0 l&#8217;huile d&#8217;amande<br \/>\n\u2714\ufe0f Id\u00e9al pour appliquer sur les plaies<\/p>\n","protected":false},"featured_media":21046,"template":"","meta":{"_acf_changed":false,"_joinchat":[]},"product_brand":[],"product_cat":[450],"product_tag":[570,642,564],"class_list":{"0":"post-11097","1":"product","2":"type-product","3":"status-publish","4":"has-post-thumbnail","6":"product_cat-hygiene-et-soins-des-chevaux","7":"product_tag-dermatite-fr","8":"product_tag-gels-cremes-et-argiles","9":"product_tag-manteau-et-peau","11":"first","12":"instock","13":"taxable","14":"shipping-taxable","15":"purchasable","16":"product-type-simple"},"acf":[],"_links":{"self":[{"href":"https:\/\/unika.sitointest.it\/fr\/wp-json\/wp\/v2\/product\/11097","targetHints":{"allow":["GET"]}}],"collection":[{"href":"https:\/\/unika.sitointest.it\/fr\/wp-json\/wp\/v2\/product"}],"about":[{"href":"https:\/\/unika.sitointest.it\/fr\/wp-json\/wp\/v2\/types\/product"}],"version-history":[{"count":6,"href":"https:\/\/unika.sitointest.it\/fr\/wp-json\/wp\/v2\/product\/11097\/revisions"}],"predecessor-version":[{"id":27895,"href":"https:\/\/unika.sitointest.it\/fr\/wp-json\/wp\/v2\/product\/11097\/revisions\/27895"}],"wp:featuredmedia":[{"embeddable":true,"href":"https:\/\/unika.sitointest.it\/fr\/wp-json\/wp\/v2\/media\/21046"}],"wp:attachment":[{"href":"https:\/\/unika.sitointest.it\/fr\/wp-json\/wp\/v2\/media?parent=11097"}],"wp:term":[{"taxonomy":"product_brand","embeddable":true,"href":"https:\/\/unika.sitointest.it\/fr\/wp-json\/wp\/v2\/product_brand?post=11097"},{"taxonomy":"product_cat","embeddable":true,"href":"https:\/\/unika.sitointest.it\/fr\/wp-json\/wp\/v2\/product_cat?post=11097"},{"taxonomy":"product_tag","embeddable":true,"href":"https:\/\/unika.sitointest.it\/fr\/wp-json\/wp\/v2\/product_tag?post=11097"}],"curies":[{"name":"wp","href":"https:\/\/api.w.org\/{rel}","templated":true}]}}