{"id":11085,"date":"2022-11-18T11:49:46","date_gmt":"2022-11-18T10:49:46","guid":{"rendered":"https:\/\/lineaunika.jumpgroup.it\/shop\/non%20class\u00e9\/full-gel\/"},"modified":"2026-02-16T18:08:56","modified_gmt":"2026-02-16T17:08:56","slug":"full-gel","status":"publish","type":"product","link":"https:\/\/unika.sitointest.it\/fr\/shop\/hygiene-et-soins-des-chevaux\/full-gel\/","title":{"rendered":"Full Gel"},"content":{"rendered":"<h4>Produit destin\u00e9 \u00e0 un usage externe uniquement<\/h4>\n<p>Full Gel est un gel de massage \u00e0 usage externe, qui produit de la chaleur pour pr\u00e9server les conditions physiologiques des muscles. Full Gel est formul\u00e9 avec des substances qui p\u00e9n\u00e8trent dans la peau sans laisser de r\u00e9sidus sur le pelage.<\/p>\n<h4>Mode d\u2019emploi<\/h4>\n<p>Mettre des gants en latex avant d\u2019appliquer Full Gel sur la zone affect\u00e9e. Utiliser une petite quantit\u00e9 (10-20 g) de Full Gel car il est tr\u00e8s concentr\u00e9. Masser la zone affect\u00e9e bri\u00e8vement, pas plus d\u2019une minute. Une fois le massage termin\u00e9, le cheval ressent imm\u00e9diatement l\u2019effet de r\u00e9chauffement. Laver soigneusement les mains apr\u00e8s l\u2019application. \u00c9viter tout contact avec les yeux et les muqueuses avant le lavage des mains. Full Gel peut \u00eatre appliqu\u00e9 plusieurs fois par jour.<\/p>\n<p>&nbsp;<\/p>\n<p>Poids net : 500 g<\/p>\n<p><em>(Chaque organisme \u00e9tant sp\u00e9cifique, nous vous conseillons de l\u2019essayer d\u2019abord sur une petite surface).<\/em><\/p>\n<p><em><strong>Nous proc\u00e9dons \u00e0 un examen des \u00e9tiquettes. Si vous souhaitez recevoir l&#8217;\u00e9tiquette avant la vente, nous vous demandons de nous envoyer un e-mail \u00e0 l&#8217;adresse suivante : info@lineaunika.it . Nous nous excusons pour la g\u00eane occasionn\u00e9e.<\/strong><\/em><\/p>\n","protected":false},"excerpt":{"rendered":"<p>\u2714\ufe0f Facile \u00e0 \u00e9taler<br \/>\n\u2714\ufe0f Avec Arnica et millepertuis<br \/>\n\u2714\ufe0f Donne une agr\u00e9able sensation de chaleur<br \/>\n\u2714\ufe0f Id\u00e9al en p\u00e9riode hivernale<\/p>\n","protected":false},"featured_media":20830,"template":"","meta":{"_acf_changed":false,"_joinchat":[]},"product_brand":[],"product_cat":[450],"product_tag":[638,678,476,508,468,464,642,460,512],"class_list":{"0":"post-11085","1":"product","2":"type-product","3":"status-publish","4":"has-post-thumbnail","6":"product_cat-hygiene-et-soins-des-chevaux","7":"product_tag-arnica-fr","8":"product_tag-articulations","9":"product_tag-cheval-de-course","10":"product_tag-chevaux-ages","11":"product_tag-dressage-fr","12":"product_tag-endurance-fr","13":"product_tag-gels-cremes-et-argiles","14":"product_tag-saut-dobstacles","15":"product_tag-trekking-fr","17":"first","18":"instock","19":"taxable","20":"shipping-taxable","21":"purchasable","22":"product-type-simple"},"acf":[],"_links":{"self":[{"href":"https:\/\/unika.sitointest.it\/fr\/wp-json\/wp\/v2\/product\/11085","targetHints":{"allow":["GET"]}}],"collection":[{"href":"https:\/\/unika.sitointest.it\/fr\/wp-json\/wp\/v2\/product"}],"about":[{"href":"https:\/\/unika.sitointest.it\/fr\/wp-json\/wp\/v2\/types\/product"}],"version-history":[{"count":5,"href":"https:\/\/unika.sitointest.it\/fr\/wp-json\/wp\/v2\/product\/11085\/revisions"}],"predecessor-version":[{"id":27876,"href":"https:\/\/unika.sitointest.it\/fr\/wp-json\/wp\/v2\/product\/11085\/revisions\/27876"}],"wp:featuredmedia":[{"embeddable":true,"href":"https:\/\/unika.sitointest.it\/fr\/wp-json\/wp\/v2\/media\/20830"}],"wp:attachment":[{"href":"https:\/\/unika.sitointest.it\/fr\/wp-json\/wp\/v2\/media?parent=11085"}],"wp:term":[{"taxonomy":"product_brand","embeddable":true,"href":"https:\/\/unika.sitointest.it\/fr\/wp-json\/wp\/v2\/product_brand?post=11085"},{"taxonomy":"product_cat","embeddable":true,"href":"https:\/\/unika.sitointest.it\/fr\/wp-json\/wp\/v2\/product_cat?post=11085"},{"taxonomy":"product_tag","embeddable":true,"href":"https:\/\/unika.sitointest.it\/fr\/wp-json\/wp\/v2\/product_tag?post=11085"}],"curies":[{"name":"wp","href":"https:\/\/api.w.org\/{rel}","templated":true}]}}