{"id":11072,"date":"2022-11-18T11:28:29","date_gmt":"2022-11-18T10:28:29","guid":{"rendered":"https:\/\/lineaunika.jumpgroup.it\/shop\/non%20class\u00e9\/comfort-wrap-plus\/"},"modified":"2026-02-16T18:08:41","modified_gmt":"2026-02-16T17:08:41","slug":"comfort-wrap-plus","status":"publish","type":"product","link":"https:\/\/unika.sitointest.it\/fr\/shop\/hygiene-et-soins-des-chevaux\/comfort-wrap-plus\/","title":{"rendered":"Comfort Wrap Plus"},"content":{"rendered":"<h4>Produit destin\u00e9 \u00e0 un usage externe uniquement<\/h4>\n<p>Comfort Wrap Plus est une bande \u00e0 base d\u2019oxyde de zinc et enrichie d\u2019\u00e9l\u00e9ments ayant un effet anti-fatigue, drainant et \u00e9mollient sur les membres, et d\u2019importants extraits phytoth\u00e9rapiques exer\u00e7ant une action anti-inflammatoire et antidouleur. Le menthol que Comfort Wrap Plus contient donne une agr\u00e9able sensation de fra\u00eecheur, tandis que le zinc exerce une action cicatrisante sur les blessures et les abrasions.<\/p>\n<p>Comfort Wrap est id\u00e9al apr\u00e8s des efforts intenses et en cas de traumatismes, gonflements, \u0153d\u00e8me, molettes et vessigons.<\/p>\n<h4>Mode d\u2019emploi<\/h4>\n<p>Bandez la jambe du cheval du boulet au genou et modelez avec les mains pour que la bande adh\u00e8re bien \u00e0 la jambe. Utilisez Comfort Wrap Plus bien froide pour potentialiser l\u2019effet rafra\u00eechissant. Chaque paquet contient une bande 10 m x 10 cm. Coupez la bande en deux (apr\u00e8s environ cinq m\u00e8tres) pour bander deux jambes avec une seule Comfort Wrap Plus.<\/p>\n<p><em>(Chaque organisme \u00e9tant sp\u00e9cifique, nous vous conseillons de l\u2019essayer d\u2019abord sur une petite surface).<\/em><\/p>\n<p><em><strong>Nous proc\u00e9dons \u00e0 un examen des \u00e9tiquettes. Si vous souhaitez recevoir l&#8217;\u00e9tiquette avant la vente, nous vous demandons de nous envoyer un e-mail \u00e0 l&#8217;adresse suivante : info@lineaunika.it . Nous nous excusons pour la g\u00eane occasionn\u00e9e.<\/strong><\/em><\/p>\n","protected":false},"excerpt":{"rendered":"<p>\u2714\ufe0f Facile \u00e0 appliquer<br \/>\n\u2714\ufe0f Avec du zinc, du menthol et de l&#8217;arnica<br \/>\n\u2714\ufe0f Id\u00e9al apr\u00e8s des efforts, des traumatismes ou en cas de pinces \u00e0 linge<\/p>\n","protected":false},"featured_media":20786,"template":"","meta":{"_acf_changed":false,"_joinchat":[]},"product_brand":[],"product_cat":[450],"product_tag":[638,678,646,476,468,464,472,460,512],"class_list":{"0":"post-11072","1":"product","2":"type-product","3":"status-publish","4":"has-post-thumbnail","6":"product_cat-hygiene-et-soins-des-chevaux","7":"product_tag-arnica-fr","8":"product_tag-articulations","9":"product_tag-bande-a-base-doxyde-de-zinc","10":"product_tag-cheval-de-course","11":"product_tag-dressage-fr","12":"product_tag-endurance-fr","13":"product_tag-equitation-western","14":"product_tag-saut-dobstacles","15":"product_tag-trekking-fr","17":"first","18":"instock","19":"taxable","20":"shipping-taxable","21":"purchasable","22":"product-type-simple"},"acf":[],"_links":{"self":[{"href":"https:\/\/unika.sitointest.it\/fr\/wp-json\/wp\/v2\/product\/11072","targetHints":{"allow":["GET"]}}],"collection":[{"href":"https:\/\/unika.sitointest.it\/fr\/wp-json\/wp\/v2\/product"}],"about":[{"href":"https:\/\/unika.sitointest.it\/fr\/wp-json\/wp\/v2\/types\/product"}],"version-history":[{"count":5,"href":"https:\/\/unika.sitointest.it\/fr\/wp-json\/wp\/v2\/product\/11072\/revisions"}],"predecessor-version":[{"id":15699,"href":"https:\/\/unika.sitointest.it\/fr\/wp-json\/wp\/v2\/product\/11072\/revisions\/15699"}],"wp:featuredmedia":[{"embeddable":true,"href":"https:\/\/unika.sitointest.it\/fr\/wp-json\/wp\/v2\/media\/20786"}],"wp:attachment":[{"href":"https:\/\/unika.sitointest.it\/fr\/wp-json\/wp\/v2\/media?parent=11072"}],"wp:term":[{"taxonomy":"product_brand","embeddable":true,"href":"https:\/\/unika.sitointest.it\/fr\/wp-json\/wp\/v2\/product_brand?post=11072"},{"taxonomy":"product_cat","embeddable":true,"href":"https:\/\/unika.sitointest.it\/fr\/wp-json\/wp\/v2\/product_cat?post=11072"},{"taxonomy":"product_tag","embeddable":true,"href":"https:\/\/unika.sitointest.it\/fr\/wp-json\/wp\/v2\/product_tag?post=11072"}],"curies":[{"name":"wp","href":"https:\/\/api.w.org\/{rel}","templated":true}]}}