{"id":11031,"date":"2022-11-17T13:13:57","date_gmt":"2022-11-17T12:13:57","guid":{"rendered":"https:\/\/lineaunika.jumpgroup.it\/shop\/non%20class\u00e9\/artic-gel\/"},"modified":"2026-02-16T18:08:32","modified_gmt":"2026-02-16T17:08:32","slug":"artic-gel","status":"publish","type":"product","link":"https:\/\/unika.sitointest.it\/fr\/shop\/hygiene-et-soins-des-chevaux\/artic-gel\/","title":{"rendered":"Artic Gel"},"content":{"rendered":"<p class=\"p1\"><b>Produit destin\u00e9 \u00e0 un usage externe uniquement<\/b><\/p>\n<p class=\"p1\">Artic Gel est un gel \u00e0 usage externe pour chevaux, id\u00e9al pour le massage des articulations, des jambes et des muscles. Artic Gel est un excellent gel \u00e0 base d\u2019Arnica montana \u00e0 utiliser apr\u00e8s les entra\u00eenements, les comp\u00e9titions et les efforts physiques.<\/p>\n<p class=\"p1\"><b>Mode d\u2019emploi<\/b><\/p>\n<p class=\"p1\">Appliquer une petite quantit\u00e9 d\u2019Artic Gel (environ 30 g par membre) sur les articulations du cheval et les zones tr\u00e8s fatigu\u00e9es par un entra\u00eenement intense. Appliquer en massages circulaires pour \u00e9taler et favoriser l\u2019absorption. Il est possible d\u2019appliquer Artic Gel plusieurs fois par jour.<\/p>\n<p class=\"p1\"><i>(Chaque organisme \u00e9tant sp\u00e9cifique, nous vous conseillons de l\u2019essayer d\u2019abord sur une petite surface).<\/i><\/p>\n<p class=\"p1\"><b><i>Nous proc\u00e9dons \u00e0 un examen des \u00e9tiquettes. Si vous souhaitez recevoir l&#8217;\u00e9tiquette avant la vente, nous vous demandons de nous envoyer un e-mail \u00e0 l&#8217;adresse suivante : info@lineaunika.it . Nous nous excusons pour la g\u00eane occasionn\u00e9e.<\/i><\/b><\/p>\n","protected":false},"excerpt":{"rendered":"<p class=\"p1\">\u2714\ufe0f Facile \u00e0 \u00e9taler<\/p>\n<p class=\"p1\">\u2714\ufe0f Avec menthol, arnica, millepertuis et marron d&#8217;Inde<\/p>\n<p class=\"p1\">\u2714\ufe0f Id\u00e9al \u00e0 utiliser apr\u00e8s les entra\u00eenements<\/p>\n<p class=\"p1\"><span class=\"s1\">\u2714\ufe0f<\/span> Donne une agr\u00e9able sensation de fra\u00eecheur<\/p>\n","protected":false},"featured_media":21733,"template":"","meta":{"_acf_changed":false,"_joinchat":[]},"product_brand":[],"product_cat":[450],"product_tag":[678,642],"class_list":{"0":"post-11031","1":"product","2":"type-product","3":"status-publish","4":"has-post-thumbnail","6":"product_cat-hygiene-et-soins-des-chevaux","7":"product_tag-articulations","8":"product_tag-gels-cremes-et-argiles","10":"first","11":"instock","12":"taxable","13":"shipping-taxable","14":"purchasable","15":"product-type-variable"},"acf":[],"_links":{"self":[{"href":"https:\/\/unika.sitointest.it\/fr\/wp-json\/wp\/v2\/product\/11031","targetHints":{"allow":["GET"]}}],"collection":[{"href":"https:\/\/unika.sitointest.it\/fr\/wp-json\/wp\/v2\/product"}],"about":[{"href":"https:\/\/unika.sitointest.it\/fr\/wp-json\/wp\/v2\/types\/product"}],"version-history":[{"count":6,"href":"https:\/\/unika.sitointest.it\/fr\/wp-json\/wp\/v2\/product\/11031\/revisions"}],"predecessor-version":[{"id":16251,"href":"https:\/\/unika.sitointest.it\/fr\/wp-json\/wp\/v2\/product\/11031\/revisions\/16251"}],"wp:featuredmedia":[{"embeddable":true,"href":"https:\/\/unika.sitointest.it\/fr\/wp-json\/wp\/v2\/media\/21733"}],"wp:attachment":[{"href":"https:\/\/unika.sitointest.it\/fr\/wp-json\/wp\/v2\/media?parent=11031"}],"wp:term":[{"taxonomy":"product_brand","embeddable":true,"href":"https:\/\/unika.sitointest.it\/fr\/wp-json\/wp\/v2\/product_brand?post=11031"},{"taxonomy":"product_cat","embeddable":true,"href":"https:\/\/unika.sitointest.it\/fr\/wp-json\/wp\/v2\/product_cat?post=11031"},{"taxonomy":"product_tag","embeddable":true,"href":"https:\/\/unika.sitointest.it\/fr\/wp-json\/wp\/v2\/product_tag?post=11031"}],"curies":[{"name":"wp","href":"https:\/\/api.w.org\/{rel}","templated":true}]}}