{"id":11004,"date":"2022-11-17T13:04:02","date_gmt":"2022-11-17T12:04:02","guid":{"rendered":"https:\/\/lineaunika.jumpgroup.it\/shop\/non%20class\u00e9\/villate-gel\/"},"modified":"2026-02-16T18:09:30","modified_gmt":"2026-02-16T17:09:30","slug":"villate-gel","status":"publish","type":"product","link":"https:\/\/unika.sitointest.it\/fr\/shop\/hygiene-et-soins-des-chevaux\/villate-gel\/","title":{"rendered":"Villate Gel"},"content":{"rendered":"<h4>Produit destin\u00e9 \u00e0 un usage externe uniquement<\/h4>\n<p>Villate Gel est un gel pour chevaux \u00e0 usage externe \u00e0 appliquer sur la sole du sabot. Dans le commerce, on trouve une multitude de produits liquides ou moins concentr\u00e9s. Villate Gel, en revanche, gr\u00e2ce \u00e0 sa formule gel sp\u00e9ciale, permet une plus grande adh\u00e9sion du produit \u00e0 la semelle et cr\u00e9e un film fin et r\u00e9sistant. La concentration des \u00e9l\u00e9ments contenus dans Villate Gel est \u00e9lev\u00e9e. Usage externe uniquement.<\/p>\n<h4>Mode d\u2019emploi<\/h4>\n<p>Appliquer une fine couche de Villate Gel directement sur la zone de la fourchette, du talon et entre les barres. Appliquer Villate Gel en plein air ou dans un lieu ventil\u00e9.<\/p>\n<p>&nbsp;<\/p>\n<p>Poids net : 500 g<\/p>\n<p><em>(Chaque organisme \u00e9tant sp\u00e9cifique, nous vous conseillons de l\u2019essayer d\u2019abord sur une petite surface).<\/em><\/p>\n<p><em><strong>Nous proc\u00e9dons \u00e0 un examen des \u00e9tiquettes. Si vous souhaitez recevoir l&#8217;\u00e9tiquette avant la vente, nous vous demandons de nous envoyer un e-mail \u00e0 l&#8217;adresse suivante : info@lineaunika.it . Nous nous excusons pour la g\u00eane occasionn\u00e9e.<\/strong><\/em><\/p>\n","protected":false},"excerpt":{"rendered":"<p>\u2714\ufe0f Formule g\u00e9lifi\u00e9e<br \/>\n\u2714\ufe0f Adh\u00e9sion parfaite \u00e0 la semelle<br \/>\n\u2714\ufe0f Id\u00e9al en cas de pourriture des grenouilles<\/p>\n","protected":false},"featured_media":25654,"template":"","meta":{"_acf_changed":false,"_joinchat":[]},"product_brand":[],"product_cat":[450],"product_tag":[524,634],"class_list":{"0":"post-11004","1":"product","2":"type-product","3":"status-publish","4":"has-post-thumbnail","6":"product_cat-hygiene-et-soins-des-chevaux","7":"product_tag-sabots-de-chevaux","8":"product_tag-semelle","10":"first","11":"instock","12":"taxable","13":"shipping-taxable","14":"purchasable","15":"product-type-simple"},"acf":[],"_links":{"self":[{"href":"https:\/\/unika.sitointest.it\/fr\/wp-json\/wp\/v2\/product\/11004","targetHints":{"allow":["GET"]}}],"collection":[{"href":"https:\/\/unika.sitointest.it\/fr\/wp-json\/wp\/v2\/product"}],"about":[{"href":"https:\/\/unika.sitointest.it\/fr\/wp-json\/wp\/v2\/types\/product"}],"version-history":[{"count":4,"href":"https:\/\/unika.sitointest.it\/fr\/wp-json\/wp\/v2\/product\/11004\/revisions"}],"predecessor-version":[{"id":27907,"href":"https:\/\/unika.sitointest.it\/fr\/wp-json\/wp\/v2\/product\/11004\/revisions\/27907"}],"wp:featuredmedia":[{"embeddable":true,"href":"https:\/\/unika.sitointest.it\/fr\/wp-json\/wp\/v2\/media\/25654"}],"wp:attachment":[{"href":"https:\/\/unika.sitointest.it\/fr\/wp-json\/wp\/v2\/media?parent=11004"}],"wp:term":[{"taxonomy":"product_brand","embeddable":true,"href":"https:\/\/unika.sitointest.it\/fr\/wp-json\/wp\/v2\/product_brand?post=11004"},{"taxonomy":"product_cat","embeddable":true,"href":"https:\/\/unika.sitointest.it\/fr\/wp-json\/wp\/v2\/product_cat?post=11004"},{"taxonomy":"product_tag","embeddable":true,"href":"https:\/\/unika.sitointest.it\/fr\/wp-json\/wp\/v2\/product_tag?post=11004"}],"curies":[{"name":"wp","href":"https:\/\/api.w.org\/{rel}","templated":true}]}}