{"id":10985,"date":"2022-11-17T11:48:47","date_gmt":"2022-11-17T10:48:47","guid":{"rendered":"https:\/\/lineaunika.jumpgroup.it\/shop\/non%20class\u00e9\/unipack\/"},"modified":"2026-02-16T18:09:31","modified_gmt":"2026-02-16T17:09:31","slug":"unipack","status":"publish","type":"product","link":"https:\/\/unika.sitointest.it\/fr\/shop\/hygiene-et-soins-des-chevaux\/unipack\/","title":{"rendered":"Unipack"},"content":{"rendered":"<h4>Produit destin\u00e9 \u00e0 un usage externe uniquement<\/h4>\n<p>Unipack est un onguent pour chevaux \u00e0 usage externe pour des soles en parfait \u00e9tat. Usage externe uniquement.<\/p>\n<h4>Mode d\u2019emploi<\/h4>\n<p>Appliquer de 80 \u00e0 100 g d\u2019Unipack par sabot, en veillant \u00e0 r\u00e9partir le produit de la fourchette \u00e0 la pointe. La parfaite capacit\u00e9 d\u2019\u00e9talement d\u2019Unipack permet une adh\u00e9sion exceptionnelle \u00e0 la sole. Appliquer un bandage occlusif sur l\u2019onguent. Avec un syst\u00e8me de ferrage occlusif, Unipack peut rester en place de 30 \u00e0 40 jours. Il peut \u00e9galement \u00eatre appliqu\u00e9 pendant une nuit et retir\u00e9 le lendemain.<\/p>\n<p><em>(Chaque organisme \u00e9tant sp\u00e9cifique, nous vous conseillons de l\u2019essayer d\u2019abord sur une petite surface).<\/em><\/p>\n<p><em><strong>Nous proc\u00e9dons \u00e0 un examen des \u00e9tiquettes. Si vous souhaitez recevoir l&#8217;\u00e9tiquette avant la vente, nous vous demandons de nous envoyer un e-mail \u00e0 l&#8217;adresse suivante : info@lineaunika.it . Nous nous excusons pour la g\u00eane occasionn\u00e9e.<\/strong><\/em><\/p>\n","protected":false},"excerpt":{"rendered":"<p>\u2714\ufe0f Facile \u00e0 \u00e9taler<br \/>\n\u2714\ufe0f A l&#8217;aloe vera et \u00e0 l&#8217;arbre \u00e0 th\u00e9<br \/>\n\u2714\ufe0f Id\u00e9al en cas de sous-battiture<\/p>\n","protected":false},"featured_media":21211,"template":"","meta":{"_acf_changed":false,"_joinchat":[]},"product_brand":[],"product_cat":[450],"product_tag":[622,524,634],"class_list":{"0":"post-10985","1":"product","2":"type-product","3":"status-publish","4":"has-post-thumbnail","6":"product_cat-hygiene-et-soins-des-chevaux","7":"product_tag-douleur","8":"product_tag-sabots-de-chevaux","9":"product_tag-semelle","11":"first","12":"instock","13":"taxable","14":"shipping-taxable","15":"purchasable","16":"product-type-variable"},"acf":[],"_links":{"self":[{"href":"https:\/\/unika.sitointest.it\/fr\/wp-json\/wp\/v2\/product\/10985","targetHints":{"allow":["GET"]}}],"collection":[{"href":"https:\/\/unika.sitointest.it\/fr\/wp-json\/wp\/v2\/product"}],"about":[{"href":"https:\/\/unika.sitointest.it\/fr\/wp-json\/wp\/v2\/types\/product"}],"version-history":[{"count":2,"href":"https:\/\/unika.sitointest.it\/fr\/wp-json\/wp\/v2\/product\/10985\/revisions"}],"predecessor-version":[{"id":15712,"href":"https:\/\/unika.sitointest.it\/fr\/wp-json\/wp\/v2\/product\/10985\/revisions\/15712"}],"wp:featuredmedia":[{"embeddable":true,"href":"https:\/\/unika.sitointest.it\/fr\/wp-json\/wp\/v2\/media\/21211"}],"wp:attachment":[{"href":"https:\/\/unika.sitointest.it\/fr\/wp-json\/wp\/v2\/media?parent=10985"}],"wp:term":[{"taxonomy":"product_brand","embeddable":true,"href":"https:\/\/unika.sitointest.it\/fr\/wp-json\/wp\/v2\/product_brand?post=10985"},{"taxonomy":"product_cat","embeddable":true,"href":"https:\/\/unika.sitointest.it\/fr\/wp-json\/wp\/v2\/product_cat?post=10985"},{"taxonomy":"product_tag","embeddable":true,"href":"https:\/\/unika.sitointest.it\/fr\/wp-json\/wp\/v2\/product_tag?post=10985"}],"curies":[{"name":"wp","href":"https:\/\/api.w.org\/{rel}","templated":true}]}}