{"id":10961,"date":"2022-11-17T11:40:36","date_gmt":"2022-11-17T10:40:36","guid":{"rendered":"https:\/\/lineaunika.jumpgroup.it\/shop\/non%20class\u00e9\/sanihoof\/"},"modified":"2026-02-16T18:09:19","modified_gmt":"2026-02-16T17:09:19","slug":"sanihoof","status":"publish","type":"product","link":"https:\/\/unika.sitointest.it\/fr\/shop\/hygiene-et-soins-des-chevaux\/sanihoof\/","title":{"rendered":"Sanihoof"},"content":{"rendered":"<h4>Produit destin\u00e9 \u00e0 un usage externe uniquement<\/h4>\n<p>Sanihoof est un onguent \u00e0 usage externe destin\u00e9 \u00e0 r\u00e9pondre sp\u00e9cifiquement aux besoins des chevaux non ferr\u00e9s (chevaux pieds nus). Id\u00e9al pour les chevaux non ferr\u00e9s au p\u00e2turage. Il s\u2019agit d\u2019un onguent \u00e0 usage externe contre les seimes, la ligne blanche, et pour prot\u00e9ger la sole et la fourchette. Recommand\u00e9 chez tous les chevaux, ferr\u00e9s ou non, qui n\u2019ont pas la possibilit\u00e9 de rester au p\u00e2turage, et qui ont donc besoin de pr\u00e9server davantage leurs pieds de la salet\u00e9 de la liti\u00e8re.<\/p>\n<h4>Mode d\u2019emploi<\/h4>\n<p>Appliquer Sanihoof sur la sole apr\u00e8s avoir soigneusement nettoy\u00e9 le pied. Notamment, il est recommand\u00e9 d\u2019appliquer le produit apr\u00e8s avoir gratt\u00e9 le pied et l\u2019avoir d\u00e9sinfect\u00e9 avec le produit vert \u00e0 base de cuivre. L\u2019utilisation de compresses ou de bandages pour maintenir le produit en place n\u2019est pas n\u00e9cessaire.<\/p>\n<p>Le poids de ce produit se r\u00e9duit naturellement.<\/p>\n<p><em>(Chaque organisme \u00e9tant sp\u00e9cifique, nous vous conseillons de l\u2019essayer d\u2019abord sur une petite surface).<\/em><\/p>\n<p><em><strong>Nous proc\u00e9dons \u00e0 un examen des \u00e9tiquettes. Si vous souhaitez recevoir l&#8217;\u00e9tiquette avant la vente, nous vous demandons de nous envoyer un e-mail \u00e0 l&#8217;adresse suivante : info@lineaunika.it . Nous nous excusons pour la g\u00eane occasionn\u00e9e.<\/strong><\/em><\/p>\n","protected":false},"excerpt":{"rendered":"<p>\u2714\ufe0f Facile \u00e0 \u00e9taler<br \/>\n\u2714\ufe0f A l&#8217;aloe vera et \u00e0 l&#8217;arbre \u00e0 th\u00e9<br \/>\n\u2714\ufe0f Id\u00e9al pour les chevaux pieds nus et au p\u00e2turage<\/p>\n","protected":false},"featured_media":21038,"template":"","meta":{"_acf_changed":false,"_joinchat":[]},"product_brand":[],"product_cat":[450],"product_tag":[524,634],"class_list":{"0":"post-10961","1":"product","2":"type-product","3":"status-publish","4":"has-post-thumbnail","6":"product_cat-hygiene-et-soins-des-chevaux","7":"product_tag-sabots-de-chevaux","8":"product_tag-semelle","10":"first","11":"outofstock","12":"taxable","13":"shipping-taxable","14":"purchasable","15":"product-type-variable"},"acf":[],"_links":{"self":[{"href":"https:\/\/unika.sitointest.it\/fr\/wp-json\/wp\/v2\/product\/10961","targetHints":{"allow":["GET"]}}],"collection":[{"href":"https:\/\/unika.sitointest.it\/fr\/wp-json\/wp\/v2\/product"}],"about":[{"href":"https:\/\/unika.sitointest.it\/fr\/wp-json\/wp\/v2\/types\/product"}],"version-history":[{"count":2,"href":"https:\/\/unika.sitointest.it\/fr\/wp-json\/wp\/v2\/product\/10961\/revisions"}],"predecessor-version":[{"id":15715,"href":"https:\/\/unika.sitointest.it\/fr\/wp-json\/wp\/v2\/product\/10961\/revisions\/15715"}],"wp:featuredmedia":[{"embeddable":true,"href":"https:\/\/unika.sitointest.it\/fr\/wp-json\/wp\/v2\/media\/21038"}],"wp:attachment":[{"href":"https:\/\/unika.sitointest.it\/fr\/wp-json\/wp\/v2\/media?parent=10961"}],"wp:term":[{"taxonomy":"product_brand","embeddable":true,"href":"https:\/\/unika.sitointest.it\/fr\/wp-json\/wp\/v2\/product_brand?post=10961"},{"taxonomy":"product_cat","embeddable":true,"href":"https:\/\/unika.sitointest.it\/fr\/wp-json\/wp\/v2\/product_cat?post=10961"},{"taxonomy":"product_tag","embeddable":true,"href":"https:\/\/unika.sitointest.it\/fr\/wp-json\/wp\/v2\/product_tag?post=10961"}],"curies":[{"name":"wp","href":"https:\/\/api.w.org\/{rel}","templated":true}]}}