{"id":10883,"date":"2022-11-17T11:16:21","date_gmt":"2022-11-17T10:16:21","guid":{"rendered":"https:\/\/lineaunika.jumpgroup.it\/shop\/non%20class\u00e9\/grasso-nero\/"},"modified":"2023-06-19T14:28:13","modified_gmt":"2023-06-19T14:28:13","slug":"grasso-nero","status":"publish","type":"product","link":"https:\/\/unika.sitointest.it\/fr\/shop\/hygiene-et-soins-des-chevaux\/grasso-nero\/","title":{"rendered":"Grasso Nero"},"content":{"rendered":"<h4>Produit destin\u00e9 \u00e0 un usage externe uniquement<\/h4>\n<p>Grasso Nero est une graisse pour sabots \u00e0 usage externe uniquement, qui aide \u00e0 pr\u00e9server les conditions physiologiques du sabot et \u00e0 le rendre r\u00e9sistant aux agents ext\u00e9rieurs qui peuvent compromettre son int\u00e9grit\u00e9. Grasso Nero s\u2019\u00e9tale tr\u00e8s bien gr\u00e2ce \u00e0 la graisse de porc v\u00e9ritable qu\u2019il contient. Id\u00e9al pour la p\u00e9riode hivernale.<\/p>\n<h4>Mode d\u2019emploi<\/h4>\n<p>Apr\u00e8s un nettoyage complet, appliquer quotidiennement Grasso Nero sur le sabot et la couronne avec un pinceau.<\/p>\n<p><em>(Chaque organisme \u00e9tant sp\u00e9cifique, nous vous conseillons de l\u2019essayer d\u2019abord sur une petite surface).<\/em><\/p>\n<p><em><strong>Nous proc\u00e9dons \u00e0 un examen des \u00e9tiquettes. Si vous souhaitez recevoir l&#8217;\u00e9tiquette avant la vente, nous vous demandons de nous envoyer un e-mail \u00e0 l&#8217;adresse suivante : info@lineaunika.it . Nous nous excusons pour la g\u00eane occasionn\u00e9e.<\/strong><\/em><\/p>\n","protected":false},"excerpt":{"rendered":"<p>\u2714\ufe0f Facile \u00e0 \u00e9taler<br \/>\n\u2714\ufe0f Aux graisses animales et v\u00e9g\u00e9tales<br \/>\n\u2714\ufe0f Ajout\u00e9 avec du goudron de pin<\/p>\n","protected":false},"featured_media":20870,"template":"","meta":{"_acf_changed":false,"_joinchat":[]},"product_brand":[],"product_cat":[450],"product_tag":[630,524],"class_list":{"0":"post-10883","1":"product","2":"type-product","3":"status-publish","4":"has-post-thumbnail","6":"product_cat-hygiene-et-soins-des-chevaux","7":"product_tag-graisse-de-sabot","8":"product_tag-sabots-de-chevaux","10":"first","11":"instock","12":"taxable","13":"shipping-taxable","14":"purchasable","15":"product-type-variable"},"acf":[],"_links":{"self":[{"href":"https:\/\/unika.sitointest.it\/fr\/wp-json\/wp\/v2\/product\/10883","targetHints":{"allow":["GET"]}}],"collection":[{"href":"https:\/\/unika.sitointest.it\/fr\/wp-json\/wp\/v2\/product"}],"about":[{"href":"https:\/\/unika.sitointest.it\/fr\/wp-json\/wp\/v2\/types\/product"}],"version-history":[{"count":3,"href":"https:\/\/unika.sitointest.it\/fr\/wp-json\/wp\/v2\/product\/10883\/revisions"}],"predecessor-version":[{"id":15722,"href":"https:\/\/unika.sitointest.it\/fr\/wp-json\/wp\/v2\/product\/10883\/revisions\/15722"}],"wp:featuredmedia":[{"embeddable":true,"href":"https:\/\/unika.sitointest.it\/fr\/wp-json\/wp\/v2\/media\/20870"}],"wp:attachment":[{"href":"https:\/\/unika.sitointest.it\/fr\/wp-json\/wp\/v2\/media?parent=10883"}],"wp:term":[{"taxonomy":"product_brand","embeddable":true,"href":"https:\/\/unika.sitointest.it\/fr\/wp-json\/wp\/v2\/product_brand?post=10883"},{"taxonomy":"product_cat","embeddable":true,"href":"https:\/\/unika.sitointest.it\/fr\/wp-json\/wp\/v2\/product_cat?post=10883"},{"taxonomy":"product_tag","embeddable":true,"href":"https:\/\/unika.sitointest.it\/fr\/wp-json\/wp\/v2\/product_tag?post=10883"}],"curies":[{"name":"wp","href":"https:\/\/api.w.org\/{rel}","templated":true}]}}