{"id":10855,"date":"2022-11-17T11:03:32","date_gmt":"2022-11-17T10:03:32","guid":{"rendered":"https:\/\/lineaunika.jumpgroup.it\/shop\/non%20class\u00e9\/grasso-giallo\/"},"modified":"2026-02-16T18:09:03","modified_gmt":"2026-02-16T17:09:03","slug":"grasso-giallo","status":"publish","type":"product","link":"https:\/\/unika.sitointest.it\/fr\/shop\/hygiene-et-soins-des-chevaux\/grasso-giallo\/","title":{"rendered":"Grasso Giallo"},"content":{"rendered":"<h4>Produit destin\u00e9 \u00e0 un usage externe uniquement<\/h4>\n<p>Fabriqu\u00e9 selon les anciennes formules de la tradition \u00e9questre, Grasso Giallo aide \u00e0 pr\u00e9server les conditions physiologiques du sabot et \u00e0 le rendre r\u00e9sistant aux agents ext\u00e9rieurs qui peuvent compromettre son int\u00e9grit\u00e9. Grasso Giallo s\u2019\u00e9tale tr\u00e8s bien gr\u00e2ce \u00e0 la v\u00e9ritable graisse de porc qui le compose et assure \u00e9galement une excellente imperm\u00e9abilit\u00e9 et protection de la semelle contre le dess\u00e8chement. Graisse \u00e0 usage externe uniquement.<\/p>\n<h4>Mode d\u2019emploi<\/h4>\n<p>Apr\u00e8s un nettoyage complet, appliquer quotidiennement Grasso Giallo sur le sabot et la couronne avec un pinceau.<\/p>\n<p><em>(Chaque organisme \u00e9tant sp\u00e9cifique, nous vous conseillons de l\u2019essayer d\u2019abord sur une petite surface).<\/em><\/p>\n<p><em><strong>Nous proc\u00e9dons \u00e0 un examen des \u00e9tiquettes. Si vous souhaitez recevoir l&#8217;\u00e9tiquette avant la vente, nous vous demandons de nous envoyer un e-mail \u00e0 l&#8217;adresse suivante : info@lineaunika.it . Nous nous excusons pour la g\u00eane occasionn\u00e9e.<\/strong><\/em><\/p>\n","protected":false},"excerpt":{"rendered":"<p>\u2714\ufe0f Facile \u00e0 \u00e9taler<br \/>\n\u2714\ufe0f Aux graisses animales et v\u00e9g\u00e9tales<br \/>\n\u2714\ufe0f Hydrate et prot\u00e8ge<\/p>\n","protected":false},"featured_media":20878,"template":"","meta":{"_acf_changed":false,"_joinchat":[]},"product_brand":[],"product_cat":[450],"product_tag":[630,524],"class_list":{"0":"post-10855","1":"product","2":"type-product","3":"status-publish","4":"has-post-thumbnail","6":"product_cat-hygiene-et-soins-des-chevaux","7":"product_tag-graisse-de-sabot","8":"product_tag-sabots-de-chevaux","10":"first","11":"instock","12":"taxable","13":"shipping-taxable","14":"purchasable","15":"product-type-variable"},"acf":[],"_links":{"self":[{"href":"https:\/\/unika.sitointest.it\/fr\/wp-json\/wp\/v2\/product\/10855","targetHints":{"allow":["GET"]}}],"collection":[{"href":"https:\/\/unika.sitointest.it\/fr\/wp-json\/wp\/v2\/product"}],"about":[{"href":"https:\/\/unika.sitointest.it\/fr\/wp-json\/wp\/v2\/types\/product"}],"version-history":[{"count":3,"href":"https:\/\/unika.sitointest.it\/fr\/wp-json\/wp\/v2\/product\/10855\/revisions"}],"predecessor-version":[{"id":15730,"href":"https:\/\/unika.sitointest.it\/fr\/wp-json\/wp\/v2\/product\/10855\/revisions\/15730"}],"wp:featuredmedia":[{"embeddable":true,"href":"https:\/\/unika.sitointest.it\/fr\/wp-json\/wp\/v2\/media\/20878"}],"wp:attachment":[{"href":"https:\/\/unika.sitointest.it\/fr\/wp-json\/wp\/v2\/media?parent=10855"}],"wp:term":[{"taxonomy":"product_brand","embeddable":true,"href":"https:\/\/unika.sitointest.it\/fr\/wp-json\/wp\/v2\/product_brand?post=10855"},{"taxonomy":"product_cat","embeddable":true,"href":"https:\/\/unika.sitointest.it\/fr\/wp-json\/wp\/v2\/product_cat?post=10855"},{"taxonomy":"product_tag","embeddable":true,"href":"https:\/\/unika.sitointest.it\/fr\/wp-json\/wp\/v2\/product_tag?post=10855"}],"curies":[{"name":"wp","href":"https:\/\/api.w.org\/{rel}","templated":true}]}}