{"id":10821,"date":"2022-11-17T10:51:46","date_gmt":"2022-11-17T09:51:46","guid":{"rendered":"https:\/\/lineaunika.jumpgroup.it\/shop\/non%20class\u00e9\/unika-mares\/"},"modified":"2023-06-14T10:54:27","modified_gmt":"2023-06-14T10:54:27","slug":"unika-mares","status":"publish","type":"product","link":"https:\/\/unika.sitointest.it\/fr\/shop\/aliments-et-vitamines\/unika-mares\/","title":{"rendered":"Unika Mares"},"content":{"rendered":"<p>Unika Mares est un aliment complet qui garantit des normes nutritionnelles \u00e9lev\u00e9es permettant de maintenir la jument en p\u00e9riode de gestation en parfaite forme pendant la phase de pr\u00e9-parturition et de lactation.<\/p>\n<h4>Quand l\u2019utiliser<\/h4>\n<p>Unika Mares est un aliment complet id\u00e9al :<\/p>\n<p>&#8211; au d\u00e9but de la p\u00e9riode de f\u00e9condation chez la jument<br \/>\n&#8211; chez les juments gestantes<br \/>\n&#8211; chez les juments en phase d\u2019allaitement<\/p>\n<h4>Propri\u00e9t\u00e9s de ses \u00e9l\u00e9ments<\/h4>\n<p>Unika Mares apporte des vitamines, oligo-\u00e9l\u00e9ments et min\u00e9raux n\u00e9cessaires \u00e0 la pr\u00e9servation de la sant\u00e9 de la jument en gestation et au bon d\u00e9veloppement f\u0153tal du poulain. L\u2019apport d\u2019oligo-\u00e9l\u00e9ments ch\u00e9lat\u00e9s et d\u2019acides amin\u00e9s et la faible teneur en amidon constituent des \u00e9l\u00e9ments essentiels au bon d\u00e9veloppement du poulain. L\u2019apport \u00e9lev\u00e9 en prot\u00e9ines digestes assure un excellent maintien de la condition physique de la jument pendant la phase de lactation, lorsqu\u2019elle est le plus susceptible de perdre du poids.<\/p>\n<h4>Mode d\u2019emploi<\/h4>\n<p>Utiliser de 2 \u00e0 4 kg d\u2019Unika Mares par jour et par jument selon le tableau ci-dessous.<\/p>\n<p>&#8211; 4e \u00e0 5e mois de gestation 2 kg\/jour<br \/>\n&#8211; 6e ou 7e mois de gestation 3 Kg\/jour<br \/>\n&#8211; \u00e0 partir du 8e mois de gestation jusqu\u2019\u00e0 la parturition 3,5 Kg ou 4 Kg\/ jour<\/p>\n<h4>D\u00e9couvrez tous les avantages et la gestion des exp\u00e9ditions de nos aliments, cliquez sur ce <a href=\"https:\/\/media.lineaunika.it\/unika\/uploads\/2023\/06\/ALIMENTS-UNIKA-FR.pdf\">lien<\/a>!<\/h4>\n<p><em>(Chaque organisme \u00e9tant sp\u00e9cifique, il est toujours conseill\u00e9 de tester les nouveaux aliments en les introduisant progressivement dans l\u2019alimentation du cheval pour en \u00e9valuer la tol\u00e9rance).<\/em><\/p>\n<p><em><strong>Nous proc\u00e9dons \u00e0 un examen des \u00e9tiquettes. Si vous souhaitez recevoir l&#8217;\u00e9tiquette avant la vente, nous vous demandons de nous envoyer un e-mail \u00e0 l&#8217;adresse suivante : info@lineaunika.it . Nous nous excusons pour la g\u00eane occasionn\u00e9e.<\/strong><\/em><\/p>\n","protected":false},"excerpt":{"rendered":"<p>\u2714\ufe0f Granul\u00e9s de 4mm pour une mastication facile<br \/>\n\u2714\ufe0f Id\u00e9al pour les juments<br \/>\n\u2714\ufe0f Con\u00e7u pour garantir des normes nutritionnelles \u00e9lev\u00e9es<\/p>\n","protected":false},"featured_media":21314,"template":"","meta":{"_acf_changed":false,"_joinchat":[]},"product_brand":[],"product_cat":[444],"product_tag":[744,520,598,504,484,610],"class_list":{"0":"post-10821","1":"product","2":"type-product","3":"status-publish","4":"has-post-thumbnail","6":"product_cat-aliments-et-vitamines","7":"product_tag-alimente","8":"product_tag-elevage-de-chevaux","9":"product_tag-indice-glycemique-bas","10":"product_tag-juments-et-poulains","11":"product_tag-muscles-fr","12":"product_tag-pas-de-mais-et-de-cereales","13":"product_shipping_class-mangimi","15":"first","16":"instock","17":"taxable","18":"shipping-taxable","19":"purchasable","20":"product-type-variable"},"acf":[],"_links":{"self":[{"href":"https:\/\/unika.sitointest.it\/fr\/wp-json\/wp\/v2\/product\/10821","targetHints":{"allow":["GET"]}}],"collection":[{"href":"https:\/\/unika.sitointest.it\/fr\/wp-json\/wp\/v2\/product"}],"about":[{"href":"https:\/\/unika.sitointest.it\/fr\/wp-json\/wp\/v2\/types\/product"}],"version-history":[{"count":2,"href":"https:\/\/unika.sitointest.it\/fr\/wp-json\/wp\/v2\/product\/10821\/revisions"}],"predecessor-version":[{"id":15564,"href":"https:\/\/unika.sitointest.it\/fr\/wp-json\/wp\/v2\/product\/10821\/revisions\/15564"}],"wp:featuredmedia":[{"embeddable":true,"href":"https:\/\/unika.sitointest.it\/fr\/wp-json\/wp\/v2\/media\/21314"}],"wp:attachment":[{"href":"https:\/\/unika.sitointest.it\/fr\/wp-json\/wp\/v2\/media?parent=10821"}],"wp:term":[{"taxonomy":"product_brand","embeddable":true,"href":"https:\/\/unika.sitointest.it\/fr\/wp-json\/wp\/v2\/product_brand?post=10821"},{"taxonomy":"product_cat","embeddable":true,"href":"https:\/\/unika.sitointest.it\/fr\/wp-json\/wp\/v2\/product_cat?post=10821"},{"taxonomy":"product_tag","embeddable":true,"href":"https:\/\/unika.sitointest.it\/fr\/wp-json\/wp\/v2\/product_tag?post=10821"}],"curies":[{"name":"wp","href":"https:\/\/api.w.org\/{rel}","templated":true}]}}