{"id":10765,"date":"2022-11-17T09:44:09","date_gmt":"2022-11-17T08:44:09","guid":{"rendered":"https:\/\/lineaunika.jumpgroup.it\/shop\/non%20class\u00e9\/unika-foals\/"},"modified":"2023-06-16T12:09:57","modified_gmt":"2023-06-16T12:09:57","slug":"unika-foals","status":"publish","type":"product","link":"https:\/\/unika.sitointest.it\/fr\/shop\/aliments-et-vitamines\/unika-foals\/","title":{"rendered":"Unika Foals"},"content":{"rendered":"<h4>Aliment complet pour chevaux<\/h4>\n<p>Unika Foals est un aliment complet con\u00e7u pour r\u00e9pondre \u00e0 tous les besoins nutritionnels du poulain en pleine croissance.<\/p>\n<h4>Quand l\u2019utiliser<\/h4>\n<p>Unika Foals est id\u00e9al :<br \/>\n&#8211; pour les poulains en pleine croissance<br \/>\n&#8211; comme premier aliment \u00e0 proposer au poulain pendant le passage d\u00e9licat du lait \u00e0 la nourriture<\/p>\n<h4>Propri\u00e9t\u00e9s de ses \u00e9l\u00e9ments<\/h4>\n<p>Unika Foals apporte des vitamines, des min\u00e9raux et des oligo-\u00e9l\u00e9ments pour une bonne croissance squelettique et musculaire du poulain. Contient des sources nobles de calcium et de phosphore dans un rapport de 2 :1. Unika Foals assure un rapport \u00e9quilibr\u00e9 entre ces deux min\u00e9raux tr\u00e8s importants pour une bonne croissance de l\u2019appareil locomoteur humain.<\/p>\n<h4>Mode d\u2019emploi<\/h4>\n<p>Apr\u00e8s le sevrage, pendant le premier mois, utiliser de 500 \u00e0 800 g\/jour. \u00c0 partir du deuxi\u00e8me mois apr\u00e8s le sevrage, utiliser 1 500-2 000 g\/jour.<br \/>\nPendant le premier mois apr\u00e8s le sevrage 500 \u2013 800 g\/jour<br \/>\nApr\u00e8s le deuxi\u00e8me mois apr\u00e8s le sevrage 1,5 \u2013 2 kg \/jour<\/p>\n<h4>D\u00e9couvrez tous les avantages et la gestion des exp\u00e9ditions de nos aliments, cliquez sur ce <a href=\"https:\/\/media.lineaunika.it\/unika\/uploads\/2023\/06\/ALIMENTS-UNIKA-FR.pdf\">lien<\/a>!<\/h4>\n<p><em>(Chaque organisme \u00e9tant sp\u00e9cifique, il est toujours conseill\u00e9 de tester les nouveaux aliments en les introduisant progressivement dans l\u2019alimentation du cheval pour en \u00e9valuer la tol\u00e9rance).<\/em><\/p>\n<p><em><strong>Nous proc\u00e9dons \u00e0 un examen des \u00e9tiquettes. Si vous souhaitez recevoir l&#8217;\u00e9tiquette avant la vente, nous vous demandons de nous envoyer un e-mail \u00e0 l&#8217;adresse suivante : info@lineaunika.it . Nous nous excusons pour la g\u00eane occasionn\u00e9e.<\/strong><\/em><\/p>\n","protected":false},"excerpt":{"rendered":"<p>\u2714\ufe0f Granul\u00e9s de 4mm pour une mastication facile<br \/>\n\u2714\ufe0f Id\u00e9al pour le bon d\u00e9veloppement des poulains<br \/>\n\u2714\ufe0f Respecter la flore bact\u00e9rienne intestinale d\u00e9licate du poulain<\/p>\n","protected":false},"featured_media":21318,"template":"","meta":{"_acf_changed":false,"_joinchat":[]},"product_brand":[],"product_cat":[444],"product_tag":[744,520,598,504,484,610],"class_list":{"0":"post-10765","1":"product","2":"type-product","3":"status-publish","4":"has-post-thumbnail","6":"product_cat-aliments-et-vitamines","7":"product_tag-alimente","8":"product_tag-elevage-de-chevaux","9":"product_tag-indice-glycemique-bas","10":"product_tag-juments-et-poulains","11":"product_tag-muscles-fr","12":"product_tag-pas-de-mais-et-de-cereales","13":"product_shipping_class-mangimi","15":"first","16":"instock","17":"taxable","18":"shipping-taxable","19":"purchasable","20":"product-type-variable"},"acf":[],"_links":{"self":[{"href":"https:\/\/unika.sitointest.it\/fr\/wp-json\/wp\/v2\/product\/10765","targetHints":{"allow":["GET"]}}],"collection":[{"href":"https:\/\/unika.sitointest.it\/fr\/wp-json\/wp\/v2\/product"}],"about":[{"href":"https:\/\/unika.sitointest.it\/fr\/wp-json\/wp\/v2\/types\/product"}],"version-history":[{"count":3,"href":"https:\/\/unika.sitointest.it\/fr\/wp-json\/wp\/v2\/product\/10765\/revisions"}],"predecessor-version":[{"id":15581,"href":"https:\/\/unika.sitointest.it\/fr\/wp-json\/wp\/v2\/product\/10765\/revisions\/15581"}],"wp:featuredmedia":[{"embeddable":true,"href":"https:\/\/unika.sitointest.it\/fr\/wp-json\/wp\/v2\/media\/21318"}],"wp:attachment":[{"href":"https:\/\/unika.sitointest.it\/fr\/wp-json\/wp\/v2\/media?parent=10765"}],"wp:term":[{"taxonomy":"product_brand","embeddable":true,"href":"https:\/\/unika.sitointest.it\/fr\/wp-json\/wp\/v2\/product_brand?post=10765"},{"taxonomy":"product_cat","embeddable":true,"href":"https:\/\/unika.sitointest.it\/fr\/wp-json\/wp\/v2\/product_cat?post=10765"},{"taxonomy":"product_tag","embeddable":true,"href":"https:\/\/unika.sitointest.it\/fr\/wp-json\/wp\/v2\/product_tag?post=10765"}],"curies":[{"name":"wp","href":"https:\/\/api.w.org\/{rel}","templated":true}]}}