{"id":10720,"date":"2022-11-17T09:27:28","date_gmt":"2022-11-17T09:27:28","guid":{"rendered":"https:\/\/lineaunika.jumpgroup.it\/shop\/non%20class\u00e9\/unika-endurance\/"},"modified":"2023-06-16T12:16:10","modified_gmt":"2023-06-16T12:16:10","slug":"unika-endurance","status":"publish","type":"product","link":"https:\/\/unika.sitointest.it\/fr\/shop\/aliments-et-vitamines\/unika-endurance\/","title":{"rendered":"Unika Endurance"},"content":{"rendered":"<h4>Aliment complet pour chevaux<\/h4>\n<p>Unika Endurance r\u00e9pond \u00e0 de multiples exigences nutritionnelles. Unika Endurance est un aliment complet id\u00e9al pour apporter \u00e0 l\u2019alimentation du cheval des mati\u00e8res premi\u00e8res \u00e0 forte teneur en graisses v\u00e9g\u00e9tales et en fibres digestes, permettant ainsi la formation d\u2019un bol alimentaire riche en eau. Les fibres digestes retiennent une grande quantit\u00e9 d\u2019eau, ce qui permet d\u2019hydrater l\u2019organisme et d\u2019assurer un bon transit intestinal.<br \/>\nUnika Endurance, comme tous les aliments Unika, ne cr\u00e9e pas de pics glyc\u00e9miques (responsables de la nervosit\u00e9 du cheval r\u00e9sultant d\u2019une alimentation d\u00e9s\u00e9quilibr\u00e9e) et n\u2019\u00e9nerve pas le cheval. Compl\u00e9t\u00e9 par des vitamines et des antioxydants importants, Unika Endurance soutient le syst\u00e8me musculaire du cheval athl\u00e8te pour le maintenir en forme et pr\u00eat pour la comp\u00e9tition. Id\u00e9al pour les chevaux de comp\u00e9tition et les chevaux soumis \u00e0 des cycles de comp\u00e9tition intensifs.<\/p>\n<h4>Quand l\u2019utiliser<\/h4>\n<p>Unika Endurance est un aliment id\u00e9al pour :<\/p>\n<p>&#8211; les chevaux en comp\u00e9tition<br \/>\n&#8211; chevaux d\u2019endurance n\u00e9cessitant un quota de mati\u00e8res grasses dans leur alimentation de base<br \/>\n&#8211; les chevaux n\u00e9cessitant une alimentation riche en fibres et en graisses v\u00e9g\u00e9tales<br \/>\n&#8211; les chevaux devant \u00eatre pr\u00e9par\u00e9s \u00e0 la comp\u00e9tition<br \/>\n&#8211; les chevaux n\u00e9cessitant une alimentation \u00e0 faible indice glyc\u00e9mique<br \/>\n&#8211; les chevaux n\u00e9cessitant une alimentation qui favorise l\u2019hydratation<br \/>\n&#8211; les chevaux intol\u00e9rants aux flocons de c\u00e9r\u00e9ales<br \/>\n&#8211; les chevaux intol\u00e9rants au ma\u00efs<\/p>\n<h4>Propri\u00e9t\u00e9s de ses \u00e9l\u00e9ments<\/h4>\n<p>Unika Endurance, gr\u00e2ce \u00e0 sa formulation \u00e9quilibr\u00e9e, apporte au cheval des \u00e9l\u00e9ments hautement digestes et assimilables par l\u2019organisme. Riche en fibres digestes, Unika Endurance retient l\u2019eau dans son propre bol alimentaire, contribuant ainsi \u00e0 am\u00e9liorer l\u2019apport en eau dans l\u2019organisme.<br \/>\nLa s\u00e9lection de nos fournisseurs nous a conduit \u00e0 tracer les meilleures mati\u00e8res premi\u00e8res sur le march\u00e9, en garantissant la production d\u2019aliments \u00e9quilibr\u00e9s, efficaces et performants.<\/p>\n<h4><strong>Mode d\u2019emploi<\/strong><\/h4>\n<p>Utiliser de 1 \u00e0 4,5 kg d\u2019Unika Endurance par jour et par cheval. Les rations alimentaires d\u00e9pendent de nombreux facteurs (\u00e2ge de l\u2019animal, activit\u00e9 sportive effectu\u00e9e, race, etc.). C\u2019est pourquoi, nous vous invitons \u00e0 nous contacter pour conna\u00eetre la ration quotidienne \u00e0 utiliser pour votre cheval.<\/p>\n<h4>D\u00e9couvrez tous les avantages et la gestion des exp\u00e9ditions de nos aliments, cliquez sur ce <a href=\"https:\/\/media.lineaunika.it\/unika\/uploads\/2023\/06\/ALIMENTS-UNIKA-FR.pdf\">lien<\/a>!<\/h4>\n<p>&nbsp;<\/p>\n<p><em>(Chaque organisme \u00e9tant sp\u00e9cifique, il est toujours conseill\u00e9 de tester les nouveaux aliments en les introduisant progressivement dans l\u2019alimentation du cheval pour en \u00e9valuer la tol\u00e9rance).<\/em><\/p>\n<p><em><strong>Nous proc\u00e9dons \u00e0 un examen des \u00e9tiquettes. Si vous souhaitez recevoir l&#8217;\u00e9tiquette avant la vente, nous vous demandons de nous envoyer un e-mail \u00e0 l&#8217;adresse suivante : info@lineaunika.it . Nous nous excusons pour la g\u00eane occasionn\u00e9e.<\/strong><\/em><\/p>\n","protected":false},"excerpt":{"rendered":"<p>\u2714\ufe0f Granul\u00e9s de 4mm pour une mastication facile<br \/>\n\u2714\ufe0f Riche en fibres digestibles pour le bien-\u00eatre intestinal<br \/>\n\u2714\ufe0f Id\u00e9al pour les chevaux en comp\u00e9tition avec des demandes \u00e9nerg\u00e9tiques importantes<\/p>\n","protected":false},"featured_media":21282,"template":"","meta":{"_acf_changed":false,"_joinchat":[]},"product_brand":[],"product_cat":[444],"product_tag":[744,500,468,464,480,598,610,460,512],"class_list":{"0":"post-10720","1":"product","2":"type-product","3":"status-publish","4":"has-post-thumbnail","6":"product_cat-aliments-et-vitamines","7":"product_tag-alimente","8":"product_tag-cheval-maigre","9":"product_tag-dressage-fr","10":"product_tag-endurance-fr","11":"product_tag-energie","12":"product_tag-indice-glycemique-bas","13":"product_tag-pas-de-mais-et-de-cereales","14":"product_tag-saut-dobstacles","15":"product_tag-trekking-fr","16":"product_shipping_class-mangimi","18":"first","19":"instock","20":"taxable","21":"shipping-taxable","22":"purchasable","23":"product-type-variable"},"acf":[],"_links":{"self":[{"href":"https:\/\/unika.sitointest.it\/fr\/wp-json\/wp\/v2\/product\/10720","targetHints":{"allow":["GET"]}}],"collection":[{"href":"https:\/\/unika.sitointest.it\/fr\/wp-json\/wp\/v2\/product"}],"about":[{"href":"https:\/\/unika.sitointest.it\/fr\/wp-json\/wp\/v2\/types\/product"}],"version-history":[{"count":3,"href":"https:\/\/unika.sitointest.it\/fr\/wp-json\/wp\/v2\/product\/10720\/revisions"}],"predecessor-version":[{"id":15585,"href":"https:\/\/unika.sitointest.it\/fr\/wp-json\/wp\/v2\/product\/10720\/revisions\/15585"}],"wp:featuredmedia":[{"embeddable":true,"href":"https:\/\/unika.sitointest.it\/fr\/wp-json\/wp\/v2\/media\/21282"}],"wp:attachment":[{"href":"https:\/\/unika.sitointest.it\/fr\/wp-json\/wp\/v2\/media?parent=10720"}],"wp:term":[{"taxonomy":"product_brand","embeddable":true,"href":"https:\/\/unika.sitointest.it\/fr\/wp-json\/wp\/v2\/product_brand?post=10720"},{"taxonomy":"product_cat","embeddable":true,"href":"https:\/\/unika.sitointest.it\/fr\/wp-json\/wp\/v2\/product_cat?post=10720"},{"taxonomy":"product_tag","embeddable":true,"href":"https:\/\/unika.sitointest.it\/fr\/wp-json\/wp\/v2\/product_tag?post=10720"}],"curies":[{"name":"wp","href":"https:\/\/api.w.org\/{rel}","templated":true}]}}