{"id":10684,"date":"2022-11-16T15:42:59","date_gmt":"2022-11-16T15:42:59","guid":{"rendered":"https:\/\/lineaunika.jumpgroup.it\/shop\/non%20class\u00e9\/unika-sol\/"},"modified":"2026-02-16T18:09:28","modified_gmt":"2026-02-16T17:09:28","slug":"unika-sol","status":"publish","type":"product","link":"https:\/\/unika.sitointest.it\/fr\/shop\/aliments-et-vitamines\/unika-sol\/","title":{"rendered":"Unika Sol"},"content":{"rendered":"<h4>Compl\u00e9ment alimentaire pour chevaux<\/h4>\n<p>Unika Sol est un compl\u00e9ment alimentaire pour le cheval athl\u00e8te qui a besoin de maintenir ses articulations en parfaite forme, fluides et mobiles.<\/p>\n<h4>Quand l\u2019utiliser<\/h4>\n<p>Unika Sol est un compl\u00e9ment alimentaire qui peut \u00eatre utilis\u00e9 :<\/p>\n<p>&#8211; Chez les chevaux pratiquant une activit\u00e9 sportive intensive<br \/>\n&#8211; Chez les chevaux \u00e2g\u00e9s pratiquant une activit\u00e9 sportive<br \/>\n&#8211; Chez les chevaux devant entretenir la fluidit\u00e9 de leurs mouvements<\/p>\n<h4>Mode d\u2019emploi<\/h4>\n<p>Pour les chevaux : m\u00e9langer de 50 \u00e0 60 g d\u2019Unika Sol par jour \u00e0 la ration quotidienne.<br \/>\nPour les poneys : m\u00e9langer 40 g d\u2019Unika Sol par jour \u00e0 la ration quotidienne.<\/p>\n<p><strong>Misurette :<\/strong><\/p>\n<p>rase : 24 g<br \/>\npleine : 30 g<\/p>\n<p><em>(Chaque organisme \u00e9tant sp\u00e9cifique, il est toujours conseill\u00e9 de tester les nouveaux aliments en les introduisant progressivement dans l\u2019alimentation du cheval pour en \u00e9valuer la tol\u00e9rance).<\/em><\/p>\n<p><em><strong>Nous proc\u00e9dons \u00e0 un examen des \u00e9tiquettes. Si vous souhaitez recevoir l&#8217;\u00e9tiquette avant la vente, nous vous demandons de nous envoyer un e-mail \u00e0 l&#8217;adresse suivante : info@lineaunika.it . Nous nous excusons pour la g\u00eane occasionn\u00e9e.<\/strong><\/em><\/p>\n","protected":false},"excerpt":{"rendered":"<p>\u2714\ufe0f Tasse \u00e0 mesurer pratique \u00e0 l&#8217;int\u00e9rieur de l&#8217;emballage<br \/>\n\u2714\ufe0f Il contribue au bien-\u00eatre des articulations<br \/>\n\u2714\ufe0f Id\u00e9al pour les chevaux de sport<\/p>\n","protected":false},"featured_media":21553,"template":"","meta":{"_acf_changed":false,"_joinchat":[]},"product_brand":[],"product_cat":[444],"product_tag":[678,476,622,468,464,472,488,460],"class_list":{"0":"post-10684","1":"product","2":"type-product","3":"status-publish","4":"has-post-thumbnail","6":"product_cat-aliments-et-vitamines","7":"product_tag-articulations","8":"product_tag-cheval-de-course","9":"product_tag-douleur","10":"product_tag-dressage-fr","11":"product_tag-endurance-fr","12":"product_tag-equitation-western","13":"product_tag-pas-de-dopage","14":"product_tag-saut-dobstacles","16":"first","17":"instock","18":"taxable","19":"shipping-taxable","20":"purchasable","21":"product-type-variable"},"acf":[],"_links":{"self":[{"href":"https:\/\/unika.sitointest.it\/fr\/wp-json\/wp\/v2\/product\/10684","targetHints":{"allow":["GET"]}}],"collection":[{"href":"https:\/\/unika.sitointest.it\/fr\/wp-json\/wp\/v2\/product"}],"about":[{"href":"https:\/\/unika.sitointest.it\/fr\/wp-json\/wp\/v2\/types\/product"}],"version-history":[{"count":2,"href":"https:\/\/unika.sitointest.it\/fr\/wp-json\/wp\/v2\/product\/10684\/revisions"}],"predecessor-version":[{"id":15733,"href":"https:\/\/unika.sitointest.it\/fr\/wp-json\/wp\/v2\/product\/10684\/revisions\/15733"}],"wp:featuredmedia":[{"embeddable":true,"href":"https:\/\/unika.sitointest.it\/fr\/wp-json\/wp\/v2\/media\/21553"}],"wp:attachment":[{"href":"https:\/\/unika.sitointest.it\/fr\/wp-json\/wp\/v2\/media?parent=10684"}],"wp:term":[{"taxonomy":"product_brand","embeddable":true,"href":"https:\/\/unika.sitointest.it\/fr\/wp-json\/wp\/v2\/product_brand?post=10684"},{"taxonomy":"product_cat","embeddable":true,"href":"https:\/\/unika.sitointest.it\/fr\/wp-json\/wp\/v2\/product_cat?post=10684"},{"taxonomy":"product_tag","embeddable":true,"href":"https:\/\/unika.sitointest.it\/fr\/wp-json\/wp\/v2\/product_tag?post=10684"}],"curies":[{"name":"wp","href":"https:\/\/api.w.org\/{rel}","templated":true}]}}