{"id":10651,"date":"2022-11-16T14:58:08","date_gmt":"2022-11-16T13:58:08","guid":{"rendered":"https:\/\/lineaunika.jumpgroup.it\/shop\/non%20class\u00e9\/tendon-10\/"},"modified":"2026-02-16T18:09:19","modified_gmt":"2026-02-16T17:09:19","slug":"tendon-10","status":"publish","type":"product","link":"https:\/\/unika.sitointest.it\/fr\/shop\/aliments-et-vitamines\/tendon-10\/","title":{"rendered":"Tendon 10+"},"content":{"rendered":"<h4>Compl\u00e9ment alimentaire pour chevaux<\/h4>\n<p>Tendon 10+ est un compl\u00e9ment alimentaire en poudre qui contient des \u00e9l\u00e9ments pr\u00e9cieux pour le bien-\u00eatre naturel des tendons et des articulations.<\/p>\n<h4>Quand l\u2019utiliser<\/h4>\n<p>Tendon 10+ est un compl\u00e9ment alimentaire id\u00e9al pour :<\/p>\n<p>les chevaux en comp\u00e9tition<br \/>\nles chevaux \u00e0 partir de 8 ans qui s\u2019entra\u00eenent pour la comp\u00e9tition<br \/>\nles chevaux ayant une pr\u00e9disposition aux tendinites avec complication<br \/>\nles chevaux avec des ant\u00e9c\u00e9dents d\u2019accident<br \/>\nPropri\u00e9t\u00e9s de ses \u00e9l\u00e9ments<br \/>\nTendon 10+ apporte au r\u00e9gime alimentaire du cheval des \u00e9l\u00e9ments importants qui favorisent le bien-\u00eatre physiologique des articulations et des tendons :<\/p>\n<p>\u2013 MSM (m\u00e9thyl-sulfonyl-m\u00e9thane)<br \/>\n\u2013 Glucosamine<br \/>\n\u2013 Sulfate de chondro\u00eftine<br \/>\n\u2013 Collag\u00e8ne hydrolys\u00e9<br \/>\n\u2013 Acide hyaluronique<br \/>\n\u2013 Griffe du diable (Harpagophytum procumbens)<br \/>\n\u2013 Curcuma (Curcuma longa)<br \/>\n\u2013 Vitamine C<\/p>\n<h4>Mode d\u2019emploi<\/h4>\n<p>Utiliser 60 g par jour de Tendon 10+, bien m\u00e9lang\u00e9s \u00e0 la ration quotidienne, pendant un minimum de 50 jours cons\u00e9cutifs. La quantit\u00e9 recommand\u00e9e est de 3 mesures bien pleines.<\/p>\n<p><strong>ATTENTION :<\/strong><br \/>\nCe produit peut \u00eatre dopant.<br \/>\nConsulter le r\u00e8glement de votre activit\u00e9 sportive et de votre pays.<br \/>\nTemps d\u2019interruption avant la comp\u00e9tition : 72 heures.<\/p>\n<p>La griffe du diable est consid\u00e9r\u00e9e comme DOPANTE dans les disciplines de la FEI depuis le 1er janvier 2016.&#8221;<\/p>\n<p><em>(Chaque organisme \u00e9tant sp\u00e9cifique, il est toujours conseill\u00e9 de tester les nouveaux aliments en les introduisant progressivement dans l\u2019alimentation du cheval pour en \u00e9valuer la tol\u00e9rance).<\/em><\/p>\n<p><em><strong>Nous proc\u00e9dons \u00e0 un examen des \u00e9tiquettes. Si vous souhaitez recevoir l&#8217;\u00e9tiquette avant la vente, nous vous demandons de nous envoyer un e-mail \u00e0 l&#8217;adresse suivante : info@lineaunika.it . Nous nous excusons pour la g\u00eane occasionn\u00e9e.<\/strong><\/em><\/p>\n","protected":false},"excerpt":{"rendered":"<p>\u2714\ufe0f Riche en \u00e9l\u00e9ments phytoth\u00e9rapeutiques<br \/>\n\u2714\ufe0f Ajout\u00e9 de collag\u00e8ne et d&#8217;acide hyaluronique<br \/>\n\u2714\ufe0f Tasse \u00e0 mesurer pratique \u00e0 l&#8217;int\u00e9rieur de l&#8217;emballage<\/p>\n","protected":false},"featured_media":21540,"template":"","meta":{"_acf_changed":false,"_joinchat":[]},"product_brand":[],"product_cat":[444],"product_tag":[678,476,508,622,468,464,472,460,626,512],"class_list":{"0":"post-10651","1":"product","2":"type-product","3":"status-publish","4":"has-post-thumbnail","6":"product_cat-aliments-et-vitamines","7":"product_tag-articulations","8":"product_tag-cheval-de-course","9":"product_tag-chevaux-ages","10":"product_tag-douleur","11":"product_tag-dressage-fr","12":"product_tag-endurance-fr","13":"product_tag-equitation-western","14":"product_tag-saut-dobstacles","15":"product_tag-tendons-fr","16":"product_tag-trekking-fr","18":"first","19":"instock","20":"taxable","21":"shipping-taxable","22":"purchasable","23":"product-type-simple"},"acf":[],"_links":{"self":[{"href":"https:\/\/unika.sitointest.it\/fr\/wp-json\/wp\/v2\/product\/10651","targetHints":{"allow":["GET"]}}],"collection":[{"href":"https:\/\/unika.sitointest.it\/fr\/wp-json\/wp\/v2\/product"}],"about":[{"href":"https:\/\/unika.sitointest.it\/fr\/wp-json\/wp\/v2\/types\/product"}],"version-history":[{"count":2,"href":"https:\/\/unika.sitointest.it\/fr\/wp-json\/wp\/v2\/product\/10651\/revisions"}],"predecessor-version":[{"id":15737,"href":"https:\/\/unika.sitointest.it\/fr\/wp-json\/wp\/v2\/product\/10651\/revisions\/15737"}],"wp:featuredmedia":[{"embeddable":true,"href":"https:\/\/unika.sitointest.it\/fr\/wp-json\/wp\/v2\/media\/21540"}],"wp:attachment":[{"href":"https:\/\/unika.sitointest.it\/fr\/wp-json\/wp\/v2\/media?parent=10651"}],"wp:term":[{"taxonomy":"product_brand","embeddable":true,"href":"https:\/\/unika.sitointest.it\/fr\/wp-json\/wp\/v2\/product_brand?post=10651"},{"taxonomy":"product_cat","embeddable":true,"href":"https:\/\/unika.sitointest.it\/fr\/wp-json\/wp\/v2\/product_cat?post=10651"},{"taxonomy":"product_tag","embeddable":true,"href":"https:\/\/unika.sitointest.it\/fr\/wp-json\/wp\/v2\/product_tag?post=10651"}],"curies":[{"name":"wp","href":"https:\/\/api.w.org\/{rel}","templated":true}]}}