{"id":10634,"date":"2022-11-16T14:48:26","date_gmt":"2022-11-16T13:48:26","guid":{"rendered":"https:\/\/lineaunika.jumpgroup.it\/shop\/non%20class\u00e9\/procartil\/"},"modified":"2026-02-16T18:09:16","modified_gmt":"2026-02-16T17:09:16","slug":"procartil","status":"publish","type":"product","link":"https:\/\/unika.sitointest.it\/fr\/shop\/aliments-et-vitamines\/procartil\/","title":{"rendered":"Procartil"},"content":{"rendered":"<h4>Compl\u00e9ment alimentaire pour chevaux<\/h4>\n<p>Procartil est un compl\u00e9ment alimentaire liquide contenant du sulfate de chondro\u00eftine, de la glucosamine, de l\u2019acide hyaluronique et des extraits v\u00e9g\u00e9taux pour le maintien des conditions physiologiques des articulations.<\/p>\n<h4>Quand l\u2019utiliser<\/h4>\n<p>Procartil est un compl\u00e9ment alimentaire id\u00e9al pour maintenir les articulations en parfait \u00e9tat, et une meilleure fluditi\u00e9 et libert\u00e9 de mouvement. Id\u00e9al chez tous les chevaux qui pratiquent des sports et des activit\u00e9s intenses. Procartil est particuli\u00e8rement utile chez les chevaux approchant de la vieillesse.<\/p>\n<h4>Propri\u00e9t\u00e9s de ses \u00e9l\u00e9ments<\/h4>\n<p>Procartil contient 150 g de sulfate de chondro\u00eftine, 150 g de glucosamine et 150 g de m\u00e9thyl-sulfonyl-m\u00e9thane (MSM) dans chaque emballage. Le sulfate de chondro\u00eftine et la glucosamine r\u00e9g\u00e9n\u00e9rent et prot\u00e8gent le cartilage (90). Le m\u00e9thyl-sulfonyl-m\u00e9thane, quant \u00e0 lui, est connu pour ses propri\u00e9t\u00e9s b\u00e9n\u00e9fiques pour la sant\u00e9. Pratt et al. ont montr\u00e9 que, chez les chevaux adultes, 55 % du soufre contenu dans le MSM est absorb\u00e9 par l\u2019organisme et accumul\u00e9 dans le sang. La technique analytique utilis\u00e9e a montr\u00e9 que le MSM est probablement absorb\u00e9 intact par l\u2019organisme (21).<\/p>\n<h4>Mode d\u2019emploi<\/h4>\n<p>Utiliser 5 cl (=50 ml) de Procartil par jour (premi\u00e8re marque du doseur) pendant une p\u00e9riode de 30 jours cons\u00e9cutifs (un paquet entier). Nous vous recommandons d\u2019utiliser Procartil en cycles r\u00e9guliers tout au long de l\u2019ann\u00e9e.<\/p>\n<p><em>(Chaque organisme \u00e9tant sp\u00e9cifique, il est toujours conseill\u00e9 de tester les nouveaux aliments en les introduisant progressivement dans l\u2019alimentation du cheval pour en \u00e9valuer la tol\u00e9rance).<\/em><\/p>\n<p><em><strong>Nous proc\u00e9dons \u00e0 un examen des \u00e9tiquettes. Si vous souhaitez recevoir l&#8217;\u00e9tiquette avant la vente, nous vous demandons de nous envoyer un e-mail \u00e0 l&#8217;adresse suivante : info@lineaunika.it . Nous nous excusons pour la g\u00eane occasionn\u00e9e.<\/strong><\/em><\/p>\n","protected":false},"excerpt":{"rendered":"<p>\u2714\ufe0f Flacon avec doseur int\u00e9gr\u00e9<br \/>\n\u2714\ufe0f Produit liquide pour les chevaux qui n&#8217;aiment pas les poudres<br \/>\n\u2714\ufe0f Pour le bien-\u00eatre physiologique des articulations<\/p>\n","protected":false},"featured_media":21396,"template":"","meta":{"_acf_changed":false,"_joinchat":[]},"product_brand":[],"product_cat":[444],"product_tag":[678,508,468,464,488,460],"class_list":{"0":"post-10634","1":"product","2":"type-product","3":"status-publish","4":"has-post-thumbnail","6":"product_cat-aliments-et-vitamines","7":"product_tag-articulations","8":"product_tag-chevaux-ages","9":"product_tag-dressage-fr","10":"product_tag-endurance-fr","11":"product_tag-pas-de-dopage","12":"product_tag-saut-dobstacles","14":"first","15":"instock","16":"taxable","17":"shipping-taxable","18":"purchasable","19":"product-type-variable"},"acf":[],"_links":{"self":[{"href":"https:\/\/unika.sitointest.it\/fr\/wp-json\/wp\/v2\/product\/10634","targetHints":{"allow":["GET"]}}],"collection":[{"href":"https:\/\/unika.sitointest.it\/fr\/wp-json\/wp\/v2\/product"}],"about":[{"href":"https:\/\/unika.sitointest.it\/fr\/wp-json\/wp\/v2\/types\/product"}],"version-history":[{"count":2,"href":"https:\/\/unika.sitointest.it\/fr\/wp-json\/wp\/v2\/product\/10634\/revisions"}],"predecessor-version":[{"id":15740,"href":"https:\/\/unika.sitointest.it\/fr\/wp-json\/wp\/v2\/product\/10634\/revisions\/15740"}],"wp:featuredmedia":[{"embeddable":true,"href":"https:\/\/unika.sitointest.it\/fr\/wp-json\/wp\/v2\/media\/21396"}],"wp:attachment":[{"href":"https:\/\/unika.sitointest.it\/fr\/wp-json\/wp\/v2\/media?parent=10634"}],"wp:term":[{"taxonomy":"product_brand","embeddable":true,"href":"https:\/\/unika.sitointest.it\/fr\/wp-json\/wp\/v2\/product_brand?post=10634"},{"taxonomy":"product_cat","embeddable":true,"href":"https:\/\/unika.sitointest.it\/fr\/wp-json\/wp\/v2\/product_cat?post=10634"},{"taxonomy":"product_tag","embeddable":true,"href":"https:\/\/unika.sitointest.it\/fr\/wp-json\/wp\/v2\/product_tag?post=10634"}],"curies":[{"name":"wp","href":"https:\/\/api.w.org\/{rel}","templated":true}]}}