{"id":10609,"date":"2022-11-16T14:36:20","date_gmt":"2022-11-16T13:36:20","guid":{"rendered":"https:\/\/lineaunika.jumpgroup.it\/shop\/non%20class\u00e9\/navic\/"},"modified":"2026-02-16T18:09:06","modified_gmt":"2026-02-16T17:09:06","slug":"navic","status":"publish","type":"product","link":"https:\/\/unika.sitointest.it\/fr\/shop\/aliments-et-vitamines\/navic\/","title":{"rendered":"Navic"},"content":{"rendered":"<h4>Compl\u00e9ment alimentaire pour chevaux<\/h4>\n<p>Navic est un aliment liquide compl\u00e9mentaire \u00e0 base d\u2019extraits de Ginkgo biloba. Navic est un compl\u00e9ment alimentaire qui pemet de maintenir les conditions physiologiques de la microcirculation.<\/p>\n<h4>Quand l\u2019utiliser<\/h4>\n<p>Navic peut \u00eatre un compl\u00e9ment alimentaire utile pour pr\u00e9server les conditions physiologiques de la microcirculation du cheval.<\/p>\n<p>Navic peut \u00eatre utilis\u00e9 :<br \/>\n&#8211; Chez les chevaux ayant un os naviculaire<br \/>\n&#8211; Chez les chevaux pr\u00e9sentant une mauvaise microcirculation<\/p>\n<h4>Propri\u00e9t\u00e9s de ses \u00e9l\u00e9ments<\/h4>\n<p>Les extraits de Gingko biloba sont cit\u00e9s dans les publications scientifiques pour leurs effets b\u00e9n\u00e9fiques d\u2019am\u00e9lioration du flux sanguin et de r\u00e9duction des radicaux libres. Le Ginkgo biloba provoque :<br \/>\n&#8211; une dilatation des capillaires<br \/>\n&#8211; une augmentation du flux sanguin<br \/>\n&#8211; un antagonisme du PAF (m\u00e9diateur proinflammatoire)<br \/>\n&#8211; une r\u00e9duction des radicaux libres.<\/p>\n<h4>Mode d\u2019emploi<\/h4>\n<p>Utiliser 5 cl (=50 ml) de Navic par jour (premi\u00e8re marque du doseur) pendant une p\u00e9riode minimale de 25 jours (un bidon entier).<\/p>\n<p>&nbsp;<\/p>\n<p>Poids net : 1,25 kg<\/p>\n<p><em>(Chaque organisme \u00e9tant sp\u00e9cifique, il est toujours conseill\u00e9 de tester les nouveaux aliments en les introduisant progressivement dans l\u2019alimentation du cheval pour en \u00e9valuer la tol\u00e9rance).<\/em><\/p>\n<p><em><strong>Nous proc\u00e9dons \u00e0 un examen des \u00e9tiquettes. Si vous souhaitez recevoir l&#8217;\u00e9tiquette avant la vente, nous vous demandons de nous envoyer un e-mail \u00e0 l&#8217;adresse suivante : info@lineaunika.it . Nous nous excusons pour la g\u00eane occasionn\u00e9e.<\/strong><\/em><\/p>\n","protected":false},"excerpt":{"rendered":"<p>\u2714\ufe0f Flacon avec doseur int\u00e9gr\u00e9<br \/>\n\u2714\ufe0f Produit liquide pour les chevaux qui n&#8217;aiment pas les poudres<br \/>\n\u2714\ufe0f Il soutient la microcirculation naturelle du pied<\/p>\n","protected":false},"featured_media":25674,"template":"","meta":{"_acf_changed":false,"_joinchat":[]},"product_brand":[],"product_cat":[444],"product_tag":[678,666,524],"class_list":{"0":"post-10609","1":"product","2":"type-product","3":"status-publish","4":"has-post-thumbnail","6":"product_cat-aliments-et-vitamines","7":"product_tag-articulations","8":"product_tag-naviculite","9":"product_tag-sabots-de-chevaux","11":"first","12":"instock","13":"taxable","14":"shipping-taxable","15":"purchasable","16":"product-type-simple"},"acf":[],"_links":{"self":[{"href":"https:\/\/unika.sitointest.it\/fr\/wp-json\/wp\/v2\/product\/10609","targetHints":{"allow":["GET"]}}],"collection":[{"href":"https:\/\/unika.sitointest.it\/fr\/wp-json\/wp\/v2\/product"}],"about":[{"href":"https:\/\/unika.sitointest.it\/fr\/wp-json\/wp\/v2\/types\/product"}],"version-history":[{"count":4,"href":"https:\/\/unika.sitointest.it\/fr\/wp-json\/wp\/v2\/product\/10609\/revisions"}],"predecessor-version":[{"id":27888,"href":"https:\/\/unika.sitointest.it\/fr\/wp-json\/wp\/v2\/product\/10609\/revisions\/27888"}],"wp:featuredmedia":[{"embeddable":true,"href":"https:\/\/unika.sitointest.it\/fr\/wp-json\/wp\/v2\/media\/25674"}],"wp:attachment":[{"href":"https:\/\/unika.sitointest.it\/fr\/wp-json\/wp\/v2\/media?parent=10609"}],"wp:term":[{"taxonomy":"product_brand","embeddable":true,"href":"https:\/\/unika.sitointest.it\/fr\/wp-json\/wp\/v2\/product_brand?post=10609"},{"taxonomy":"product_cat","embeddable":true,"href":"https:\/\/unika.sitointest.it\/fr\/wp-json\/wp\/v2\/product_cat?post=10609"},{"taxonomy":"product_tag","embeddable":true,"href":"https:\/\/unika.sitointest.it\/fr\/wp-json\/wp\/v2\/product_tag?post=10609"}],"curies":[{"name":"wp","href":"https:\/\/api.w.org\/{rel}","templated":true}]}}