{"id":10128,"date":"2022-11-11T11:12:51","date_gmt":"2022-11-11T10:12:51","guid":{"rendered":"https:\/\/lineaunika.jumpgroup.it\/shop\/non%20class\u00e9\/metil-pur\/"},"modified":"2026-02-16T18:09:06","modified_gmt":"2026-02-16T17:09:06","slug":"metil-pur","status":"publish","type":"product","link":"https:\/\/unika.sitointest.it\/fr\/shop\/aliments-et-vitamines\/metil-pur\/","title":{"rendered":"Metil Pur"},"content":{"rendered":"<h4>Compl\u00e9ment alimentaire pour chevaux<\/h4>\n<p>Metil Pur est un compl\u00e9ment alimentaire qui participe au maintien des conditions physiologiques des articulations du cheval. Metil Pur est \u00e0 base de m\u00e9thyl-sulfonyl-m\u00e9thane (MSM) de tr\u00e8s bonne qualit\u00e9.<\/p>\n<h4>Quand l\u2019utiliser<\/h4>\n<p>Metil Pur est un compl\u00e9ment alimentaire qui peut \u00eatre utilis\u00e9 :<\/p>\n<p>&#8211; Chez les chevaux qui doivent garder leurs articulations en parfait \u00e9tat<br \/>\n&#8211; Chez les vieux chevaux<br \/>\n&#8211; Chez les chevaux qui exposent leurs articulations \u00e0 des efforts quotidiens intenses<\/p>\n<h4>Mode d\u2019emploi<\/h4>\n<p>Utiliser de 10 \u00e0 20 g de Metil Pur par jour au dosage quotidien pendant 30 \u00e0 40 jours cons\u00e9cutifs, bien m\u00e9lang\u00e9s \u00e0 la ration journali\u00e8re.<\/p>\n<p>Mesurette :<br \/>\nrase : 20 g<br \/>\npleine : 29 g<\/p>\n<p><em>(Chaque organisme \u00e9tant sp\u00e9cifique, il est toujours conseill\u00e9 de tester les nouveaux aliments en les introduisant progressivement dans l\u2019alimentation du cheval pour en \u00e9valuer la tol\u00e9rance).<\/em><\/p>\n<p><em><strong>Nous proc\u00e9dons \u00e0 un examen des \u00e9tiquettes. Si vous souhaitez recevoir l&#8217;\u00e9tiquette avant la vente, nous vous demandons de nous envoyer un e-mail \u00e0 l&#8217;adresse suivante : info@lineaunika.it . Nous nous excusons pour la g\u00eane occasionn\u00e9e.<\/strong><\/em><\/p>\n","protected":false},"excerpt":{"rendered":"<p>\u2714\ufe0f Pour le bien-\u00eatre physiologique des articulations<br \/>\n\u2714\ufe0f Tasse \u00e0 mesurer pratique \u00e0 l&#8217;int\u00e9rieur de l&#8217;emballage<br \/>\n\u2714\ufe0f Avec MSM<\/p>\n","protected":false},"featured_media":21673,"template":"","meta":{"_acf_changed":false,"_joinchat":[]},"product_brand":[],"product_cat":[444],"product_tag":[678,508,468,464,460,512],"class_list":{"0":"post-10128","1":"product","2":"type-product","3":"status-publish","4":"has-post-thumbnail","6":"product_cat-aliments-et-vitamines","7":"product_tag-articulations","8":"product_tag-chevaux-ages","9":"product_tag-dressage-fr","10":"product_tag-endurance-fr","11":"product_tag-saut-dobstacles","12":"product_tag-trekking-fr","14":"first","15":"instock","16":"taxable","17":"shipping-taxable","18":"purchasable","19":"product-type-variable"},"acf":[],"_links":{"self":[{"href":"https:\/\/unika.sitointest.it\/fr\/wp-json\/wp\/v2\/product\/10128","targetHints":{"allow":["GET"]}}],"collection":[{"href":"https:\/\/unika.sitointest.it\/fr\/wp-json\/wp\/v2\/product"}],"about":[{"href":"https:\/\/unika.sitointest.it\/fr\/wp-json\/wp\/v2\/types\/product"}],"version-history":[{"count":3,"href":"https:\/\/unika.sitointest.it\/fr\/wp-json\/wp\/v2\/product\/10128\/revisions"}],"predecessor-version":[{"id":15750,"href":"https:\/\/unika.sitointest.it\/fr\/wp-json\/wp\/v2\/product\/10128\/revisions\/15750"}],"wp:featuredmedia":[{"embeddable":true,"href":"https:\/\/unika.sitointest.it\/fr\/wp-json\/wp\/v2\/media\/21673"}],"wp:attachment":[{"href":"https:\/\/unika.sitointest.it\/fr\/wp-json\/wp\/v2\/media?parent=10128"}],"wp:term":[{"taxonomy":"product_brand","embeddable":true,"href":"https:\/\/unika.sitointest.it\/fr\/wp-json\/wp\/v2\/product_brand?post=10128"},{"taxonomy":"product_cat","embeddable":true,"href":"https:\/\/unika.sitointest.it\/fr\/wp-json\/wp\/v2\/product_cat?post=10128"},{"taxonomy":"product_tag","embeddable":true,"href":"https:\/\/unika.sitointest.it\/fr\/wp-json\/wp\/v2\/product_tag?post=10128"}],"curies":[{"name":"wp","href":"https:\/\/api.w.org\/{rel}","templated":true}]}}