{"id":10107,"date":"2022-11-11T10:50:24","date_gmt":"2022-11-11T09:50:24","guid":{"rendered":"https:\/\/lineaunika.jumpgroup.it\/shop\/non%20class\u00e9\/free-to-fly\/"},"modified":"2026-02-16T18:08:55","modified_gmt":"2026-02-16T17:08:55","slug":"free-to-fly","status":"publish","type":"product","link":"https:\/\/unika.sitointest.it\/fr\/shop\/aliments-et-vitamines\/free-to-fly\/","title":{"rendered":"Free To Fly"},"content":{"rendered":"<h4>Compl\u00e9ment alimentaire pour chevaux<\/h4>\n<p>Free To Fly est un compl\u00e9ment alimentaire en forme de seringue \u00e0 utiliser avant la course pour aider les articulations \u00e0 supporter les efforts lors des comp\u00e9titions.<\/p>\n<h4>Quand l\u2019utiliser<\/h4>\n<p>Free to Fly est pr\u00eat \u00e0 l\u2019emploi pour aider les articulations en comp\u00e9tition. En particulier pendant les efforts intenses \u00e0 fournir lors des comp\u00e9titions durant lesquelles les articulations des membres et du dos sont mises \u00e0 rude \u00e9preuve, Free To Fly peut offrir un soutien pr\u00e9cieux.<\/p>\n<h4>Propri\u00e9t\u00e9s de ses \u00e9l\u00e9ments<\/h4>\n<p>Les extraits contenus dans Free To Fly s\u2019appuient sur les meilleures recherches dans le domaine de la phytoth\u00e9rapie. Le fr\u00eane, le parth\u00e9nium et l\u2019ortie sont trois extraits v\u00e9g\u00e9taux cit\u00e9s dans les publications scientifiques pour contribuer \u00e0 l\u2019am\u00e9lioration de la mobilit\u00e9 articulaire et du bien-\u00eatre g\u00e9n\u00e9ral.<\/p>\n<h4>Mode d\u2019emploi<\/h4>\n<p>Utiliser de 1 \u00e0 2 seringues de Free To Fly au moins 4 heures avant une comp\u00e9tition. Dans l\u2019\u00e9preuve d\u2019endurance Free to Fly peut \u00eatre utilis\u00e9 en arrivant \u00e0 un contr\u00f4le v\u00e9t\u00e9rinaire ou avant de repartir.<\/p>\n<p>&nbsp;<\/p>\n<p>Poids net : 110 g<\/p>\n<p><em>(Chaque organisme \u00e9tant sp\u00e9cifique, il est toujours conseill\u00e9 de tester les nouveaux aliments en les introduisant progressivement dans l\u2019alimentation du cheval pour en \u00e9valuer la tol\u00e9rance).<\/em><\/p>\n<p><em><strong>Nous proc\u00e9dons \u00e0 un examen des \u00e9tiquettes. Si vous souhaitez recevoir l&#8217;\u00e9tiquette avant la vente, nous vous demandons de nous envoyer un e-mail \u00e0 l&#8217;adresse suivante : info@lineaunika.it . Nous nous excusons pour la g\u00eane occasionn\u00e9e.<\/strong><\/em><\/p>\n","protected":false},"excerpt":{"rendered":"<p>\u2714\ufe0f Seringue monodose pr\u00eate \u00e0 l&#8217;emploi<br \/>\n\u2714\ufe0f Soutient les articulations lors des efforts de comp\u00e9tition<br \/>\n\u2714\ufe0f Id\u00e9al pour une utilisation en comp\u00e9tition<\/p>\n","protected":false},"featured_media":21588,"template":"","meta":{"_acf_changed":false,"_joinchat":[]},"product_brand":[],"product_cat":[444],"product_tag":[678,508,622,468,464,460,512],"class_list":{"0":"post-10107","1":"product","2":"type-product","3":"status-publish","4":"has-post-thumbnail","6":"product_cat-aliments-et-vitamines","7":"product_tag-articulations","8":"product_tag-chevaux-ages","9":"product_tag-douleur","10":"product_tag-dressage-fr","11":"product_tag-endurance-fr","12":"product_tag-saut-dobstacles","13":"product_tag-trekking-fr","15":"first","16":"instock","17":"taxable","18":"shipping-taxable","19":"purchasable","20":"product-type-simple"},"acf":[],"_links":{"self":[{"href":"https:\/\/unika.sitointest.it\/fr\/wp-json\/wp\/v2\/product\/10107","targetHints":{"allow":["GET"]}}],"collection":[{"href":"https:\/\/unika.sitointest.it\/fr\/wp-json\/wp\/v2\/product"}],"about":[{"href":"https:\/\/unika.sitointest.it\/fr\/wp-json\/wp\/v2\/types\/product"}],"version-history":[{"count":4,"href":"https:\/\/unika.sitointest.it\/fr\/wp-json\/wp\/v2\/product\/10107\/revisions"}],"predecessor-version":[{"id":27875,"href":"https:\/\/unika.sitointest.it\/fr\/wp-json\/wp\/v2\/product\/10107\/revisions\/27875"}],"wp:featuredmedia":[{"embeddable":true,"href":"https:\/\/unika.sitointest.it\/fr\/wp-json\/wp\/v2\/media\/21588"}],"wp:attachment":[{"href":"https:\/\/unika.sitointest.it\/fr\/wp-json\/wp\/v2\/media?parent=10107"}],"wp:term":[{"taxonomy":"product_brand","embeddable":true,"href":"https:\/\/unika.sitointest.it\/fr\/wp-json\/wp\/v2\/product_brand?post=10107"},{"taxonomy":"product_cat","embeddable":true,"href":"https:\/\/unika.sitointest.it\/fr\/wp-json\/wp\/v2\/product_cat?post=10107"},{"taxonomy":"product_tag","embeddable":true,"href":"https:\/\/unika.sitointest.it\/fr\/wp-json\/wp\/v2\/product_tag?post=10107"}],"curies":[{"name":"wp","href":"https:\/\/api.w.org\/{rel}","templated":true}]}}