{"id":10088,"date":"2022-11-11T10:40:49","date_gmt":"2022-11-11T09:40:49","guid":{"rendered":"https:\/\/lineaunika.jumpgroup.it\/shop\/non%20class\u00e9\/condro-plus\/"},"modified":"2026-02-16T18:08:42","modified_gmt":"2026-02-16T17:08:42","slug":"condro-plus","status":"publish","type":"product","link":"https:\/\/unika.sitointest.it\/fr\/shop\/aliments-et-vitamines\/condro-plus\/","title":{"rendered":"Condro Plus"},"content":{"rendered":"<h4>Compl\u00e9ment alimentaire pour chevaux<\/h4>\n<p>Condro Plus est un compl\u00e9ment alimentaire pour chevaux qui joue un r\u00f4le dans le maintien des conditions physiologiques normales des articulations. Condro Plus apporte du MSM, de la chondro\u00eftine, de la glucosamine et bien d\u2019autres \u00e9l\u00e9ments importants pour le maintien des conditions physiologiques des articulations.<\/p>\n<h4>Quand l\u2019utiliser<\/h4>\n<p>Condro Plus est un compl\u00e9ment alimentaire \u00e0 utiliser pour les chevaux :<\/p>\n<p>&#8211; Chez les chevaux n\u00e9cessitant des articulations fluides et mobiles<br \/>\n&#8211; Chez les chevaux de plus de 8 ans<br \/>\n&#8211; Chez les chevaux \u00e2g\u00e9s dont les articulations ne sont pas performantes<\/p>\n<h4>Mode d\u2019emploi<\/h4>\n<p>&#8211; Pour les chevaux dont les besoins sont plus importants : Utiliser 60 g de Condro Plus par jour, bien m\u00e9lang\u00e9s \u00e0 la ration alimentaire. Utilisation recommand\u00e9e pendant au moins 30 jours cons\u00e9cutifs.<br \/>\n&#8211; Pour les chevaux de plus de 8 ans et en activit\u00e9 : Utiliser 50 g de Condro Plus par jour, bien m\u00e9lang\u00e9s \u00e0 la ration alimentaire. Utilisation recommand\u00e9e pendant au moins 30 jours cons\u00e9cutifs.<br \/>\n&#8211; Pour les poneys : Utiliser 40 g de Condro Plus par jour, bien m\u00e9lang\u00e9s \u00e0 la ration alimentaire. Utilisation recommand\u00e9e pendant au moins 30 jours cons\u00e9cutifs.<\/p>\n<p>Mesurette:<br \/>\nrase: 25 g<br \/>\npleine: 30 g<\/p>\n<p><em>(Chaque organisme \u00e9tant sp\u00e9cifique, il est toujours conseill\u00e9 de tester les nouveaux aliments en les introduisant progressivement dans l\u2019alimentation du cheval pour en \u00e9valuer la tol\u00e9rance).<\/em><\/p>\n<p><em><strong>Nous proc\u00e9dons \u00e0 un examen des \u00e9tiquettes. Si vous souhaitez recevoir l&#8217;\u00e9tiquette avant la vente, nous vous demandons de nous envoyer un e-mail \u00e0 l&#8217;adresse suivante : info@lineaunika.it . Nous nous excusons pour la g\u00eane occasionn\u00e9e.<\/strong><\/em><\/p>\n","protected":false},"excerpt":{"rendered":"<p>\u2714\ufe0f Tasse \u00e0 mesurer pratique \u00e0 l&#8217;int\u00e9rieur de l&#8217;emballage<br \/>\n\u2714\ufe0f A base de MSM, chondro\u00eftine et glucosamine<br \/>\n\u2714\ufe0f Il soutient le bien-\u00eatre naturel des articulations<\/p>\n","protected":false},"featured_media":20806,"template":"","meta":{"_acf_changed":false,"_joinchat":[]},"product_brand":[],"product_cat":[444],"product_tag":[678,508,488],"class_list":{"0":"post-10088","1":"product","2":"type-product","3":"status-publish","4":"has-post-thumbnail","6":"product_cat-aliments-et-vitamines","7":"product_tag-articulations","8":"product_tag-chevaux-ages","9":"product_tag-pas-de-dopage","11":"first","12":"instock","13":"taxable","14":"shipping-taxable","15":"purchasable","16":"product-type-variable"},"acf":[],"_links":{"self":[{"href":"https:\/\/unika.sitointest.it\/fr\/wp-json\/wp\/v2\/product\/10088","targetHints":{"allow":["GET"]}}],"collection":[{"href":"https:\/\/unika.sitointest.it\/fr\/wp-json\/wp\/v2\/product"}],"about":[{"href":"https:\/\/unika.sitointest.it\/fr\/wp-json\/wp\/v2\/types\/product"}],"version-history":[{"count":3,"href":"https:\/\/unika.sitointest.it\/fr\/wp-json\/wp\/v2\/product\/10088\/revisions"}],"predecessor-version":[{"id":15756,"href":"https:\/\/unika.sitointest.it\/fr\/wp-json\/wp\/v2\/product\/10088\/revisions\/15756"}],"wp:featuredmedia":[{"embeddable":true,"href":"https:\/\/unika.sitointest.it\/fr\/wp-json\/wp\/v2\/media\/20806"}],"wp:attachment":[{"href":"https:\/\/unika.sitointest.it\/fr\/wp-json\/wp\/v2\/media?parent=10088"}],"wp:term":[{"taxonomy":"product_brand","embeddable":true,"href":"https:\/\/unika.sitointest.it\/fr\/wp-json\/wp\/v2\/product_brand?post=10088"},{"taxonomy":"product_cat","embeddable":true,"href":"https:\/\/unika.sitointest.it\/fr\/wp-json\/wp\/v2\/product_cat?post=10088"},{"taxonomy":"product_tag","embeddable":true,"href":"https:\/\/unika.sitointest.it\/fr\/wp-json\/wp\/v2\/product_tag?post=10088"}],"curies":[{"name":"wp","href":"https:\/\/api.w.org\/{rel}","templated":true}]}}