{"id":10058,"date":"2022-11-11T10:07:57","date_gmt":"2022-11-11T09:07:57","guid":{"rendered":"https:\/\/lineaunika.jumpgroup.it\/shop\/non%20class\u00e9\/artiglio\/"},"modified":"2026-02-16T18:08:33","modified_gmt":"2026-02-16T17:08:33","slug":"artiglio","status":"publish","type":"product","link":"https:\/\/unika.sitointest.it\/fr\/shop\/aliments-et-vitamines\/artiglio\/","title":{"rendered":"Artiglio"},"content":{"rendered":"<h4>Compl\u00e9ment alimentaire pour chevaux<\/h4>\n<p>Artiglio est un aliment liquide compl\u00e9mentaire pour chevaux \u00e0 base d\u2019extraits concentr\u00e9s de griffe du diable (Harpagophytum procumbens), souvent cit\u00e9e dans les publications scientifiques pour son effet b\u00e9n\u00e9fique sur l\u2019appareil musculo-squelettique.<\/p>\n<h4>Quand l\u2019utiliser<\/h4>\n<p>Artiglio est un compl\u00e9ment alimentaire sous forme liquide, id\u00e9al pour les propri\u00e9taires qui souhaitent favoriser la mobilit\u00e9 articulaire de leurs chevaux. C\u2019est un bon compl\u00e9ment alimentaire recommand\u00e9 pendant les p\u00e9riodes d\u2019entra\u00eenement intense durant lesquelles les articulations et les muscles sont mis \u00e0 rude \u00e9preuve pendant longtemps. Artiglio, pour ses propri\u00e9t\u00e9s, peut \u00e9galement \u00eatre recommand\u00e9 aux chevaux \u00e2g\u00e9s qui ont des difficult\u00e9s \u00e0 maintenir la fluidit\u00e9 des mouvements articulaires.<\/p>\n<h4>Propri\u00e9t\u00e9s de ses \u00e9l\u00e9ments<\/h4>\n<p>La griffe du diable (Harpagophytum procumbens), est la racine d\u2019une plante africaine de la pharmacop\u00e9e humaine, utilis\u00e9e pour ses propri\u00e9t\u00e9s anti-inflammatoires. Elle a des effets anti-inflammatoires et antidouleurs dus \u00e0 l\u2019action de l\u2019extrait sur le m\u00e9canisme des prostaglandines et des leucotri\u00e8nes (34).<\/p>\n<h4>Mode d\u2019emploi<\/h4>\n<p>Utiliser 5 cl (= 50 ml) d\u2019Artiglio par jour, correspondant \u00e0 la premi\u00e8re marque du doseur. La p\u00e9riode d\u2019utilisation ne doit pas \u00eatre inf\u00e9rieure \u00e0 30 jours cons\u00e9cutifs. Il est recommand\u00e9 de donner Artiglio \u00e0 votre animal lorsqu\u2019il a l\u2019estomac plein. Si n\u00e9cessaire, la quantit\u00e9 peut \u00eatre augment\u00e9e \u00e0 10-15 cl par jour (\u00e9quivalent \u00e0 la deuxi\u00e8me marque du doseur ou 100-150 ml).<\/p>\n<p><strong>ATTENTION :<\/strong> le produit figure sur la liste des substances \u00ab dopantes \u00bb du r\u00e8glement de la FEI, par cons\u00e9quent l\u2019utilisation d\u2019Artiglio doit \u00eatre interrompue au moins 72 heures avant les comp\u00e9titions.&#8221;<\/p>\n<p><em>(Chaque organisme \u00e9tant sp\u00e9cifique, il est toujours conseill\u00e9 de tester les nouveaux aliments en les introduisant progressivement dans l\u2019alimentation du cheval pour en \u00e9valuer la tol\u00e9rance).<\/em><\/p>\n<p><em><strong>Nous proc\u00e9dons \u00e0 un examen des \u00e9tiquettes. Si vous souhaitez recevoir l&#8217;\u00e9tiquette avant la vente, nous vous demandons de nous envoyer un e-mail \u00e0 l&#8217;adresse suivante : info@lineaunika.it . Nous nous excusons pour la g\u00eane occasionn\u00e9e.<\/strong><\/em><\/p>\n","protected":false},"excerpt":{"rendered":"<p>\u2714\ufe0f Flacon avec doseur int\u00e9gr\u00e9<br \/>\n\u2714\ufe0f Produit liquide pour les chevaux qui n&#8217;aiment pas les poudres<br \/>\n\u2714\ufe0f Id\u00e9al pour les chevaux plus \u00e2g\u00e9s<\/p>\n","protected":false},"featured_media":21344,"template":"","meta":{"_acf_changed":false,"_joinchat":[]},"product_brand":[],"product_cat":[444],"product_tag":[678,508,622,468,464,460,512],"class_list":{"0":"post-10058","1":"product","2":"type-product","3":"status-publish","4":"has-post-thumbnail","6":"product_cat-aliments-et-vitamines","7":"product_tag-articulations","8":"product_tag-chevaux-ages","9":"product_tag-douleur","10":"product_tag-dressage-fr","11":"product_tag-endurance-fr","12":"product_tag-saut-dobstacles","13":"product_tag-trekking-fr","15":"first","16":"instock","17":"taxable","18":"shipping-taxable","19":"purchasable","20":"product-type-variable"},"acf":[],"_links":{"self":[{"href":"https:\/\/unika.sitointest.it\/fr\/wp-json\/wp\/v2\/product\/10058","targetHints":{"allow":["GET"]}}],"collection":[{"href":"https:\/\/unika.sitointest.it\/fr\/wp-json\/wp\/v2\/product"}],"about":[{"href":"https:\/\/unika.sitointest.it\/fr\/wp-json\/wp\/v2\/types\/product"}],"version-history":[{"count":4,"href":"https:\/\/unika.sitointest.it\/fr\/wp-json\/wp\/v2\/product\/10058\/revisions"}],"predecessor-version":[{"id":15759,"href":"https:\/\/unika.sitointest.it\/fr\/wp-json\/wp\/v2\/product\/10058\/revisions\/15759"}],"wp:featuredmedia":[{"embeddable":true,"href":"https:\/\/unika.sitointest.it\/fr\/wp-json\/wp\/v2\/media\/21344"}],"wp:attachment":[{"href":"https:\/\/unika.sitointest.it\/fr\/wp-json\/wp\/v2\/media?parent=10058"}],"wp:term":[{"taxonomy":"product_brand","embeddable":true,"href":"https:\/\/unika.sitointest.it\/fr\/wp-json\/wp\/v2\/product_brand?post=10058"},{"taxonomy":"product_cat","embeddable":true,"href":"https:\/\/unika.sitointest.it\/fr\/wp-json\/wp\/v2\/product_cat?post=10058"},{"taxonomy":"product_tag","embeddable":true,"href":"https:\/\/unika.sitointest.it\/fr\/wp-json\/wp\/v2\/product_tag?post=10058"}],"curies":[{"name":"wp","href":"https:\/\/api.w.org\/{rel}","templated":true}]}}