{"id":10037,"date":"2022-11-11T09:53:43","date_gmt":"2022-11-11T08:53:43","guid":{"rendered":"https:\/\/lineaunika.jumpgroup.it\/shop\/non%20class\u00e9\/unika-balls-herbs\/"},"modified":"2026-02-16T18:09:25","modified_gmt":"2026-02-16T17:09:25","slug":"unika-balls-herbs","status":"publish","type":"product","link":"https:\/\/unika.sitointest.it\/fr\/shop\/aliments-et-vitamines\/unika-balls-herbs\/","title":{"rendered":"Unika Balls Herbs"},"content":{"rendered":"<h4>Compl\u00e9ment alimentaire pour chevaux<\/h4>\n<p>Unika Balls : amusement et sant\u00e9 pour vos chevaux.<\/p>\n<p>Unika a mis au point un produit totalement nouveau qui bouleverse et r\u00e9nove le concept du compl\u00e9ment alimentaire : il s\u2019agit des Unika Balls, qui repr\u00e9sentent bien plus qu\u2019un simple passe-temps pour les chevaux. Unika Balls se pr\u00e9sente sous la forme d\u2019une sph\u00e8re avec une corde en fibres naturelles qui peut \u00eatre suspendue dans le box ou la remorque pour que le cheval puisse y acc\u00e9der tout au long de la journ\u00e9e. Sa fonction n\u2019est pas seulement de divertir le cheval, mais aussi d\u2019ajouter des substances importantes telles que des plantes officinales, des \u00e9lectrolytes, des vitamines, des min\u00e9raux et autres substances, \u00e0 son alimentation quotidienne d\u2019une mani\u00e8re totalement in\u00e9dite. Nous sommes plut\u00f4t habitu\u00e9s aux aliments compl\u00e9mentaires sous forme de poudre ou de liquide que l\u2019on ajoute \u00e0 la ration quotidienne dans la mangeoire, mais Unika Balls chamboule compl\u00e8tement ce concept, du fait qu\u2019elle est suspendue !<\/p>\n<p><strong>Unika Balls \u2013 Herbs<\/strong> est compos\u00e9e d\u2019un m\u00e9lange d\u2019herbes balsamiques, telles que le thym, le romarin, et la menthe.<\/p>\n<p>Unika Balls pr\u00e9sentent \u00e9galement d\u2019autres caract\u00e9ristiques importantes : elles sont artisanales, fabriqu\u00e9es en Italie, compos\u00e9es \u00e0 93 % d\u2019ingr\u00e9dients v\u00e9g\u00e9taux, garanties sans c\u00e9r\u00e9ales, ni sucres, et riches en mati\u00e8res premi\u00e8res nobles comme le soja et le riz. C\u2019est pr\u00e9cis\u00e9ment la raison pour laquelle elles conviennent \u00e9galement aux chevaux intol\u00e9rants aux c\u00e9r\u00e9ales ou suivant un r\u00e9gime \u00e0 faible indice glyc\u00e9mique et aux chevaux de comp\u00e9tition qui fournissent un effort musculaire important et pour lesquels l\u2019apport en sucres est fortement d\u00e9conseill\u00e9 car il favoriserait la production d\u2019acide lactique.<\/p>\n<p>&nbsp;<\/p>\n<p>Poids net : 1,8 kg<\/p>\n<p><em>(Chaque organisme \u00e9tant sp\u00e9cifique, il est toujours conseill\u00e9 de tester les nouveaux aliments en les introduisant progressivement dans l\u2019alimentation du cheval pour en \u00e9valuer la tol\u00e9rance).<\/em><\/p>\n<p><em><strong>Nous proc\u00e9dons \u00e0 un examen des \u00e9tiquettes. Si vous souhaitez recevoir l&#8217;\u00e9tiquette avant la vente, nous vous demandons de nous envoyer un e-mail \u00e0 l&#8217;adresse suivante : info@lineaunika.it . Nous nous excusons pour la g\u00eane occasionn\u00e9e.<\/strong><\/em><\/p>\n","protected":false},"excerpt":{"rendered":"<p>\u2714\ufe0f Id\u00e9al pour divertir le cheval dans le box, pendant les d\u00e9placements et pendant la tonte<br \/>\n\u2714\ufe0f Sans sucres ajout\u00e9s ni colorants<br \/>\n\u2714\ufe0f Avec des herbes balsamiques comme le thym, le romarin et la menthe.<\/p>\n","protected":false},"featured_media":26755,"template":"","meta":{"_acf_changed":false,"_joinchat":[]},"product_brand":[],"product_cat":[444],"product_tag":[578,536,670,682,586,552],"class_list":{"0":"post-10037","1":"product","2":"type-product","3":"status-publish","4":"has-post-thumbnail","6":"product_cat-aliments-et-vitamines","7":"product_tag-anxiete-et-stress","8":"product_tag-changement-de-saison","9":"product_tag-hiver","10":"product_tag-poumons","11":"product_tag-unika-balls-fr","12":"product_tag-voyages","14":"first","15":"instock","16":"taxable","17":"shipping-taxable","18":"purchasable","19":"product-type-simple"},"acf":[],"_links":{"self":[{"href":"https:\/\/unika.sitointest.it\/fr\/wp-json\/wp\/v2\/product\/10037","targetHints":{"allow":["GET"]}}],"collection":[{"href":"https:\/\/unika.sitointest.it\/fr\/wp-json\/wp\/v2\/product"}],"about":[{"href":"https:\/\/unika.sitointest.it\/fr\/wp-json\/wp\/v2\/types\/product"}],"version-history":[{"count":5,"href":"https:\/\/unika.sitointest.it\/fr\/wp-json\/wp\/v2\/product\/10037\/revisions"}],"predecessor-version":[{"id":27903,"href":"https:\/\/unika.sitointest.it\/fr\/wp-json\/wp\/v2\/product\/10037\/revisions\/27903"}],"wp:featuredmedia":[{"embeddable":true,"href":"https:\/\/unika.sitointest.it\/fr\/wp-json\/wp\/v2\/media\/26755"}],"wp:attachment":[{"href":"https:\/\/unika.sitointest.it\/fr\/wp-json\/wp\/v2\/media?parent=10037"}],"wp:term":[{"taxonomy":"product_brand","embeddable":true,"href":"https:\/\/unika.sitointest.it\/fr\/wp-json\/wp\/v2\/product_brand?post=10037"},{"taxonomy":"product_cat","embeddable":true,"href":"https:\/\/unika.sitointest.it\/fr\/wp-json\/wp\/v2\/product_cat?post=10037"},{"taxonomy":"product_tag","embeddable":true,"href":"https:\/\/unika.sitointest.it\/fr\/wp-json\/wp\/v2\/product_tag?post=10037"}],"curies":[{"name":"wp","href":"https:\/\/api.w.org\/{rel}","templated":true}]}}