{"id":10014,"date":"2022-11-11T09:25:49","date_gmt":"2022-11-11T09:25:49","guid":{"rendered":"https:\/\/lineaunika.jumpgroup.it\/shop\/non%20class\u00e9\/unibroncho\/"},"modified":"2026-02-16T18:09:23","modified_gmt":"2026-02-16T17:09:23","slug":"unibroncho","status":"publish","type":"product","link":"https:\/\/unika.sitointest.it\/fr\/shop\/aliments-et-vitamines\/unibroncho\/","title":{"rendered":"Unibroncho"},"content":{"rendered":"<h4>Compl\u00e9ment alimentaire pour chevaux<\/h4>\n<p>Unibroncho est un compl\u00e9ment alimentaire qui apporte un m\u00e9lange fantastique de plantes officinales importantes pour le maintien des conditions physiologiques naturelles du syst\u00e8me respiratoire du cheval.<\/p>\n<h4>Quand l\u2019utiliser<\/h4>\n<p>Unibroncho est un compl\u00e9ment alimentaire qui peut \u00eatre utilis\u00e9 :<\/p>\n<p>&#8211; Aux changements de saison<br \/>\n&#8211; Chez les chevaux ayant une faible tol\u00e9rance aux poussi\u00e8res de la liti\u00e8re et des foins<br \/>\n&#8211; En p\u00e9riode de fortes amplitudes thermiques<\/p>\n<h4>Mode d\u2019emploi<\/h4>\n<p>Utiliser de 60 \u00e0 100 g d\u2019Unibroncho par jour (3 mesures pleines), bien m\u00e9lang\u00e9s \u00e0 la ration quotidienne. La p\u00e9riode d\u2019utilisation conseill\u00e9e est de 15 jours cons\u00e9cutifs.<\/p>\n<p>Misurette :<\/p>\n<p>rase : 15 g<br \/>\npleine : 19 g<\/p>\n<p><em>(Chaque organisme \u00e9tant sp\u00e9cifique, il est toujours conseill\u00e9 de tester les nouveaux aliments en les introduisant progressivement dans l\u2019alimentation du cheval pour en \u00e9valuer la tol\u00e9rance).<\/em><\/p>\n<p><em><strong>Nous proc\u00e9dons \u00e0 un examen des \u00e9tiquettes. Si vous souhaitez recevoir l&#8217;\u00e9tiquette avant la vente, nous vous demandons de nous envoyer un e-mail \u00e0 l&#8217;adresse suivante : info@lineaunika.it . Nous nous excusons pour la g\u00eane occasionn\u00e9e.<\/strong><\/em><\/p>\n","protected":false},"excerpt":{"rendered":"<p>\u2714\ufe0f Pour le bien-\u00eatre physiologique du syst\u00e8me respiratoire<br \/>\n\u2714\ufe0f Tasse \u00e0 mesurer pratique \u00e0 l&#8217;int\u00e9rieur de l&#8217;emballage<br \/>\nvA base d&#8217;herbes balsamiques<\/p>\n","protected":false},"featured_media":21544,"template":"","meta":{"_acf_changed":false,"_joinchat":[]},"product_brand":[],"product_cat":[444],"product_tag":[536,670,682],"class_list":{"0":"post-10014","1":"product","2":"type-product","3":"status-publish","4":"has-post-thumbnail","6":"product_cat-aliments-et-vitamines","7":"product_tag-changement-de-saison","8":"product_tag-hiver","9":"product_tag-poumons","11":"first","12":"instock","13":"taxable","14":"shipping-taxable","15":"purchasable","16":"product-type-variable"},"acf":[],"_links":{"self":[{"href":"https:\/\/unika.sitointest.it\/fr\/wp-json\/wp\/v2\/product\/10014","targetHints":{"allow":["GET"]}}],"collection":[{"href":"https:\/\/unika.sitointest.it\/fr\/wp-json\/wp\/v2\/product"}],"about":[{"href":"https:\/\/unika.sitointest.it\/fr\/wp-json\/wp\/v2\/types\/product"}],"version-history":[{"count":3,"href":"https:\/\/unika.sitointest.it\/fr\/wp-json\/wp\/v2\/product\/10014\/revisions"}],"predecessor-version":[{"id":15766,"href":"https:\/\/unika.sitointest.it\/fr\/wp-json\/wp\/v2\/product\/10014\/revisions\/15766"}],"wp:featuredmedia":[{"embeddable":true,"href":"https:\/\/unika.sitointest.it\/fr\/wp-json\/wp\/v2\/media\/21544"}],"wp:attachment":[{"href":"https:\/\/unika.sitointest.it\/fr\/wp-json\/wp\/v2\/media?parent=10014"}],"wp:term":[{"taxonomy":"product_brand","embeddable":true,"href":"https:\/\/unika.sitointest.it\/fr\/wp-json\/wp\/v2\/product_brand?post=10014"},{"taxonomy":"product_cat","embeddable":true,"href":"https:\/\/unika.sitointest.it\/fr\/wp-json\/wp\/v2\/product_cat?post=10014"},{"taxonomy":"product_tag","embeddable":true,"href":"https:\/\/unika.sitointest.it\/fr\/wp-json\/wp\/v2\/product_tag?post=10014"}],"curies":[{"name":"wp","href":"https:\/\/api.w.org\/{rel}","templated":true}]}}