{"id":17137,"date":"2023-09-26T08:46:08","date_gmt":"2023-09-26T08:46:08","guid":{"rendered":"https:\/\/www.lineaunika.it\/regolamento-punti-unika\/"},"modified":"2024-06-27T08:48:58","modified_gmt":"2024-06-27T08:48:58","slug":"regolamento-punti-unika","status":"publish","type":"page","link":"https:\/\/unika.sitointest.it\/fr\/regolamento-punti-unika\/","title":{"rendered":"Regolamento Punti Unika"},"content":{"rendered":"\t\t<div data-elementor-type=\"wp-page\" data-elementor-id=\"17137\" class=\"elementor elementor-17137 elementor-17094\" data-elementor-post-type=\"page\">\n\t\t\t\t\t\t<section class=\"elementor-section elementor-top-section elementor-element elementor-element-3422f98 elementor-section-boxed elementor-section-height-default elementor-section-height-default\" data-id=\"3422f98\" data-element_type=\"section\" data-e-type=\"section\">\n\t\t\t\t\t\t<div class=\"elementor-container elementor-column-gap-default\">\n\t\t\t\t\t<div class=\"elementor-column elementor-col-100 elementor-top-column elementor-element elementor-element-d976ea4\" data-id=\"d976ea4\" data-element_type=\"column\" data-e-type=\"column\">\n\t\t\t<div class=\"elementor-widget-wrap elementor-element-populated\">\n\t\t\t\t\t\t<div class=\"elementor-element elementor-element-fca5a7b elementor-widget elementor-widget-heading\" data-id=\"fca5a7b\" data-element_type=\"widget\" data-e-type=\"widget\" data-widget_type=\"heading.default\">\n\t\t\t\t<div class=\"elementor-widget-container\">\n\t\t\t\t\t<h2 class=\"elementor-heading-title elementor-size-default\">R\u00c8GLEMENT DES POINTS UNIKA<\/h2>\t\t\t\t<\/div>\n\t\t\t\t<\/div>\n\t\t\t\t<div class=\"elementor-element elementor-element-0a05325 elementor-widget elementor-widget-heading\" data-id=\"0a05325\" data-element_type=\"widget\" data-e-type=\"widget\" data-widget_type=\"heading.default\">\n\t\t\t\t<div class=\"elementor-widget-container\">\n\t\t\t\t\t<h2 class=\"elementor-heading-title elementor-size-default\">DUR\u00c9E<\/h2>\t\t\t\t<\/div>\n\t\t\t\t<\/div>\n\t\t\t\t<div class=\"elementor-element elementor-element-38a7d79 elementor-widget elementor-widget-text-editor\" data-id=\"38a7d79\" data-element_type=\"widget\" data-e-type=\"widget\" data-widget_type=\"text-editor.default\">\n\t\t\t\t<div class=\"elementor-widget-container\">\n\t\t\t\t\t\t\t\t\t<p>La possibilit\u00e9 de convertir les POINTS UNIKA en bons d\u2019achat, c&#8217;est-\u00e0-dire l&#8217;initiative \u00ab <strong>CONVERSION EN BONS D\u2019ACHAT \u00bb<\/strong>, est active \u00e0 partir du <strong>1er septembre 2023<\/strong>.<\/p>\t\t\t\t\t\t\t\t<\/div>\n\t\t\t\t<\/div>\n\t\t\t\t<div class=\"elementor-element elementor-element-b360b50 elementor-widget elementor-widget-heading\" data-id=\"b360b50\" data-element_type=\"widget\" data-e-type=\"widget\" data-widget_type=\"heading.default\">\n\t\t\t\t<div class=\"elementor-widget-container\">\n\t\t\t\t\t<h2 class=\"elementor-heading-title elementor-size-default\">ZONE G\u00c9OGRAPHIQUE<\/h2>\t\t\t\t<\/div>\n\t\t\t\t<\/div>\n\t\t\t\t<div class=\"elementor-element elementor-element-35e0d57 elementor-widget elementor-widget-text-editor\" data-id=\"35e0d57\" data-element_type=\"widget\" data-e-type=\"widget\" data-widget_type=\"text-editor.default\">\n\t\t\t\t<div class=\"elementor-widget-container\">\n\t\t\t\t\t\t\t\t\t<p>SITE INTERNET\u00a0 <strong><a href=\"https:\/\/www.lineaunika.it\/\">www.lineaunika.it<\/a><\/strong>:<\/p><p>zone g\u00e9ographique se r\u00e9f\u00e9rant au fonctionnement et \u00e0 la zone de chalandise du site.<\/p>\t\t\t\t\t\t\t\t<\/div>\n\t\t\t\t<\/div>\n\t\t\t\t<div class=\"elementor-element elementor-element-acdede7 elementor-widget elementor-widget-heading\" data-id=\"acdede7\" data-element_type=\"widget\" data-e-type=\"widget\" data-widget_type=\"heading.default\">\n\t\t\t\t<div class=\"elementor-widget-container\">\n\t\t\t\t\t<h2 class=\"elementor-heading-title elementor-size-default\">B\u00c9N\u00c9FICIAIRES<\/h2>\t\t\t\t<\/div>\n\t\t\t\t<\/div>\n\t\t\t\t<div class=\"elementor-element elementor-element-5cf9794 elementor-widget elementor-widget-text-editor\" data-id=\"5cf9794\" data-element_type=\"widget\" data-e-type=\"widget\" data-widget_type=\"text-editor.default\">\n\t\t\t\t<div class=\"elementor-widget-container\">\n\t\t\t\t\t\t\t\t\t<p>Les clients finaux priv\u00e9s qui ach\u00e8tent les produits promus.<br \/>Les achats avec facture des utilisateurs professionnels avec un num\u00e9ro de TVA (revendeurs) sont inclus.<\/p>\t\t\t\t\t\t\t\t<\/div>\n\t\t\t\t<\/div>\n\t\t\t\t<div class=\"elementor-element elementor-element-bfa2f63 elementor-widget elementor-widget-heading\" data-id=\"bfa2f63\" data-element_type=\"widget\" data-e-type=\"widget\" data-widget_type=\"heading.default\">\n\t\t\t\t<div class=\"elementor-widget-container\">\n\t\t\t\t\t<h2 class=\"elementor-heading-title elementor-size-default\">CONDITIONS DE PARTICIPATION ET PRODUITS PROMUS<\/h2>\t\t\t\t<\/div>\n\t\t\t\t<\/div>\n\t\t\t\t<div class=\"elementor-element elementor-element-561fc28 elementor-widget elementor-widget-text-editor\" data-id=\"561fc28\" data-element_type=\"widget\" data-e-type=\"widget\" data-widget_type=\"text-editor.default\">\n\t\t\t\t<div class=\"elementor-widget-container\">\n\t\t\t\t\t\t\t\t\t<p>L&#8217;op\u00e9ration concerne tous les produits Unika en vente sur le site <strong><a href=\"https:\/\/www.lineaunika.it\/\">www.lineaunika.it<\/a>.<br \/><br \/>En cas d&#8217;introduction de nouveaux produits Unika, la page Produit sera rapidement mise \u00e0 jour avec une indication des POINTS UNIKA \u00e0 gagner \u00e0 l&#8217;achat de ces produits.<br \/><\/strong><br \/>Tous les consommateurs qui, pendant la p\u00e9riode indiqu\u00e9e au paragraphe DUR\u00c9E, ach\u00e8tent des produits Unika comme indiqu\u00e9 ci-dessus, accumuleront des POINTS UNIKA.<\/p><p>L&#8217;accumulation de points pour les achats effectu\u00e9s sur le <strong>site <a href=\"https:\/\/www.lineaunika.it\/\">www.lineaunika.it<\/a> <\/strong>se fera automatiquement.<\/p><p>Les POINTS UNIKA non utilis\u00e9s dans le d\u00e9lai maximum indiqu\u00e9 ci-dessus perdent leur valeur et ne sont plus utilisables.<\/p>\t\t\t\t\t\t\t\t<\/div>\n\t\t\t\t<\/div>\n\t\t\t\t<div class=\"elementor-element elementor-element-a0cc266 elementor-widget elementor-widget-heading\" data-id=\"a0cc266\" data-element_type=\"widget\" data-e-type=\"widget\" data-widget_type=\"heading.default\">\n\t\t\t\t<div class=\"elementor-widget-container\">\n\t\t\t\t\t<h2 class=\"elementor-heading-title elementor-size-default\">CONVERSION DES POINTS EN BON D\u2019ACHAT (INITIATIVE EXCLUE ART. 6CBIS DPR 430\/2001)<\/h2>\t\t\t\t<\/div>\n\t\t\t\t<\/div>\n\t\t\t\t<div class=\"elementor-element elementor-element-c0ac827 elementor-widget elementor-widget-text-editor\" data-id=\"c0ac827\" data-element_type=\"widget\" data-e-type=\"widget\" data-widget_type=\"text-editor.default\">\n\t\t\t\t<div class=\"elementor-widget-container\">\n\t\t\t\t\t\t\t\t\t<p>Les participants peuvent choisir d&#8217;utiliser les POINTS UNIKA accumul\u00e9s dans leur Espace personnel pour demander leur conversion en bons d\u2019achat, non \u00e9changeables contre de l\u2019argent, dans les conditions suivantes :<\/p><ul><li><strong>1 point Unika = 0,15 \u20ac (dix centimes) de bon d\u2019achat<\/strong><\/li><li>Du nombre total de points sont d\u00e9compt\u00e9s :<br \/>&#8211; les frais d&#8217;exp\u00e9dition,<br \/>&#8211; les montants pay\u00e9s avec des bons de r\u00e9duction et des bons d\u2019achat<\/li><\/ul><ul><li>Les points sont attribu\u00e9s en arrondissant \u00e0 l&#8217;unit\u00e9 sup\u00e9rieure.<br \/><em>Ex. : Valeur de la commande nette du calcul des points : 11,1 \u20ac\u00a0 Points accumul\u00e9s 2.<\/em><\/li><li>Les points attribu\u00e9s sont mis en \u00e9vidence dans les fiches des diff\u00e9rents produits et r\u00e9sum\u00e9s dans votre panier d&#8217;achat.<\/li><li>Si les produits font l&#8217;objet d&#8217;une r\u00e9duction par l&#8217;application de bons ou de remises sur quantit\u00e9, les points sont recalcul\u00e9s en fonction des nouvelles conditions.<\/li><li>N.B. \u00c0 certaines p\u00e9riodes, certains produits peuvent offrir un nombre de points plus \u00e9lev\u00e9.<\/li><\/ul><p>Sur demande de conversion, un bon d\u2019achat de la valeur correspondant au nombre de points \u00e9valu\u00e9s comme d\u00e9crit ci-dessus sera mis \u00e0 disposition.<\/p><p>Le bon d\u2019achat r\u00e9sultant de la conversion est utilisable exclusivement sur le site <a href=\"https:\/\/www.lineaunika.it\/\">www.lineaunika.it<\/a> et peut \u00eatre utilis\u00e9 pour l&#8217;achat de produits physiques et sur l&#8217;ensemble de la gamme en vente sur le site.<\/p><p><strong>L&#8217;op\u00e9ration de conversion des POINTS UNIKA en bons d\u2019achat n&#8217;est PAS r\u00e9versible.<br \/><\/strong><br \/>Le bon d\u2019achat obtenu par la conversion des points acquis ne peut pas \u00eatre \u00e9chang\u00e9 contre de l\u2019argent.<\/p><p>La conversion en bons d\u2019achat rel\u00e8ve exclusivement de la responsabilit\u00e9 du Client qui entend participer \u00e0 l&#8217;initiative ; dans le cas o\u00f9 le Client n&#8217;exercerait pas ce droit dans les d\u00e9lais pr\u00e9vus par le pr\u00e9sent r\u00e8glement, le Promoteur ne pourra en aucun cas \u00eatre tenu pour responsable.<\/p><h4><strong>QUESTIONS ET R\u00c9PONSES<\/strong><\/h4><p><strong>\u00a0<\/strong><\/p><ul><li><p><strong>Comment voir les points que j&#8217;ai accumul\u00e9s ?<\/strong><\/p><p>Un espace r\u00e9serv\u00e9 est disponible o\u00f9 vous pouvez voir le nombre de points accumul\u00e9s et proc\u00e9der \u00e0 la conversion de vos points.<\/p><p><strong>Comment puis-je utiliser les points accumul\u00e9s ?<\/strong><\/p><p>Les points accumul\u00e9s peuvent \u00eatre convertis en bons d\u2019achat. Une fois convertis, ils pourront \u00eatre utilis\u00e9s pour r\u00e9gler vos futures commandes comme mode de paiement suppl\u00e9mentaire, lequel vous sera propos\u00e9 lorsque vous choisirez le mode de paiement de votre commande.<\/p><p>Avant de proc\u00e9der \u00e0 la conversion de vos points, et ce pour des raisons de s\u00e9curit\u00e9, vous serez tenu de v\u00e9rifier votre adresse \u00e9lectronique. Cette proc\u00e9dure est n\u00e9cessaire pour certifier votre adresse \u00e9lectronique et savoir si vous en \u00eates le propri\u00e9taire. Cela est n\u00e9cessaire pour \u00e9viter tout comportement irr\u00e9gulier, tel que l&#8217;utilisation non autoris\u00e9e de vos points par une autre personne.<\/p><p><strong>Existe-t-il une limite minimale pour la conversion des points en bons d\u2019achat ?<\/strong><\/p><p>Non, vous pouvez convertir en toute s\u00e9curit\u00e9 n&#8217;importe quel solde de points en bons d\u2019achat, m\u00eame un seul point.<\/p><p><strong>Puis-je utiliser mes points librement ou dois-je choisir un article dans un catalogue cadeau ?<\/strong><\/p><p>OUI, en convertissant vos points accumul\u00e9s en un bon d\u2019achat, vous pouvez utiliser ce bon pour acheter n&#8217;importe quel article en vente chez Unika ! Vous n&#8217;avez que l&#8217;embarras du choix. Nous pensons que ce choix est plus \u00e9thique et vous permet de choisir o\u00f9 utiliser votre bon parmi tous les articles de notre catalogue.<\/p><p><strong>Tous les articles achet\u00e9s g\u00e9n\u00e8rent-ils des points ?<\/strong><\/p><p>Oui, tous les articles du catalogue g\u00e9n\u00e8rent des points.<\/p><p><strong>Quelle est la valeur des points ?<\/strong><\/p><p>1 point \u00e9quivaut \u00e0 0,15 centimes d&#8217;euro<\/p><p><strong>D\u2019autres avertissements ?<\/strong><\/p><ul><li>Unika se r\u00e9serve le droit de modifier, \u00e0 sa seule discr\u00e9tion, le pr\u00e9sent r\u00e8glement.<\/li><li>Tout comportement incorrect dans l&#8217;accumulation des points est interdit. Toute infraction au r\u00e8glement entra\u00eenera la remise \u00e0 z\u00e9ro des points accumul\u00e9s, sans possibilit\u00e9 de conversion.<\/li><li>NB : la <strong>collecte <\/strong>de points n&#8217;est valable que pour les commandes pass\u00e9es sur <a href=\"https:\/\/www.lineaunika.it\/\">www.lineaunika.it<\/a>.<\/li><\/ul><\/li><\/ul>\t\t\t\t\t\t\t\t<\/div>\n\t\t\t\t<\/div>\n\t\t\t\t\t<\/div>\n\t\t<\/div>\n\t\t\t\t\t<\/div>\n\t\t<\/section>\n\t\t\t\t<\/div>\n\t\t","protected":false},"excerpt":{"rendered":"<p>R\u00c8GLEMENT DES POINTS UNIKA DUR\u00c9E La possibilit\u00e9 de convertir les POINTS UNIKA en bons d\u2019achat, c&#8217;est-\u00e0-dire l&#8217;initiative \u00ab CONVERSION EN BONS D\u2019ACHAT \u00bb, est active \u00e0 partir du 1er septembre 2023. ZONE G\u00c9OGRAPHIQUE SITE INTERNET\u00a0 www.lineaunika.it: zone g\u00e9ographique se r\u00e9f\u00e9rant au fonctionnement et \u00e0 la zone de chalandise du site. B\u00c9N\u00c9FICIAIRES Les clients finaux priv\u00e9s&#8230;<\/p>\n","protected":false},"author":5,"featured_media":0,"parent":0,"menu_order":0,"comment_status":"closed","ping_status":"closed","template":"","meta":{"_acf_changed":false,"_joinchat":[],"footnotes":""},"class_list":["post-17137","page","type-page","status-publish","hentry"],"acf":[],"_links":{"self":[{"href":"https:\/\/unika.sitointest.it\/fr\/wp-json\/wp\/v2\/pages\/17137","targetHints":{"allow":["GET"]}}],"collection":[{"href":"https:\/\/unika.sitointest.it\/fr\/wp-json\/wp\/v2\/pages"}],"about":[{"href":"https:\/\/unika.sitointest.it\/fr\/wp-json\/wp\/v2\/types\/page"}],"author":[{"embeddable":true,"href":"https:\/\/unika.sitointest.it\/fr\/wp-json\/wp\/v2\/users\/5"}],"replies":[{"embeddable":true,"href":"https:\/\/unika.sitointest.it\/fr\/wp-json\/wp\/v2\/comments?post=17137"}],"version-history":[{"count":13,"href":"https:\/\/unika.sitointest.it\/fr\/wp-json\/wp\/v2\/pages\/17137\/revisions"}],"predecessor-version":[{"id":21267,"href":"https:\/\/unika.sitointest.it\/fr\/wp-json\/wp\/v2\/pages\/17137\/revisions\/21267"}],"wp:attachment":[{"href":"https:\/\/unika.sitointest.it\/fr\/wp-json\/wp\/v2\/media?parent=17137"}],"curies":[{"name":"wp","href":"https:\/\/api.w.org\/{rel}","templated":true}]}}