{"id":10476,"date":"2022-11-14T11:13:44","date_gmt":"2022-11-14T11:13:44","guid":{"rendered":"https:\/\/lineaunika.jumpgroup.it\/costi-di-spedizione\/"},"modified":"2023-09-15T10:50:54","modified_gmt":"2023-09-15T10:50:54","slug":"frais-dexpedition","status":"publish","type":"page","link":"https:\/\/unika.sitointest.it\/fr\/frais-dexpedition\/","title":{"rendered":"Frais d&#8217;exp\u00e9dition"},"content":{"rendered":"\t\t<div data-elementor-type=\"wp-page\" data-elementor-id=\"10476\" class=\"elementor elementor-10476 elementor-10224\" data-elementor-post-type=\"page\">\n\t\t\t\t\t\t<section class=\"elementor-section elementor-top-section elementor-element elementor-element-c09c262 elementor-section-boxed elementor-section-height-default elementor-section-height-default\" data-id=\"c09c262\" data-element_type=\"section\" data-e-type=\"section\">\n\t\t\t\t\t\t<div class=\"elementor-container elementor-column-gap-default\">\n\t\t\t\t\t<div class=\"elementor-column elementor-col-100 elementor-top-column elementor-element elementor-element-8f9a192\" data-id=\"8f9a192\" data-element_type=\"column\" data-e-type=\"column\">\n\t\t\t<div class=\"elementor-widget-wrap elementor-element-populated\">\n\t\t\t\t\t\t<div class=\"elementor-element elementor-element-d65ac93 elementor-widget elementor-widget-heading\" data-id=\"d65ac93\" data-element_type=\"widget\" data-e-type=\"widget\" data-widget_type=\"heading.default\">\n\t\t\t\t<div class=\"elementor-widget-container\">\n\t\t\t\t\t<h2 class=\"elementor-heading-title elementor-size-default\">Italia<\/h2>\t\t\t\t<\/div>\n\t\t\t\t<\/div>\n\t\t\t\t<div class=\"elementor-element elementor-element-9a8d9db elementor-widget elementor-widget-text-editor\" data-id=\"9a8d9db\" data-element_type=\"widget\" data-e-type=\"widget\" data-widget_type=\"text-editor.default\">\n\t\t\t\t<div class=\"elementor-widget-container\">\n\t\t\t\t\t\t\t\t\t<p>Livraison gratuite pour les commandes de plus de 200 euros. NB : Les flux et les produits conditionn\u00e9s en sacs de 25 kg ne sont pas \u00e9ligibles au seuil de livraison gratuit<\/p>\t\t\t\t\t\t\t\t<\/div>\n\t\t\t\t<\/div>\n\t\t\t\t\t<\/div>\n\t\t<\/div>\n\t\t\t\t\t<\/div>\n\t\t<\/section>\n\t\t\t\t<section class=\"elementor-section elementor-top-section elementor-element elementor-element-ac677c9 elementor-section-boxed elementor-section-height-default elementor-section-height-default\" data-id=\"ac677c9\" data-element_type=\"section\" data-e-type=\"section\">\n\t\t\t\t\t\t<div class=\"elementor-container elementor-column-gap-default\">\n\t\t\t\t\t<div class=\"elementor-column elementor-col-100 elementor-top-column elementor-element elementor-element-913168b\" data-id=\"913168b\" data-element_type=\"column\" data-e-type=\"column\">\n\t\t\t<div class=\"elementor-widget-wrap elementor-element-populated\">\n\t\t\t\t\t\t<div class=\"elementor-element elementor-element-70de149 elementor-widget elementor-widget-heading\" data-id=\"70de149\" data-element_type=\"widget\" data-e-type=\"widget\" data-widget_type=\"heading.default\">\n\t\t\t\t<div class=\"elementor-widget-container\">\n\t\t\t\t\t<h2 class=\"elementor-heading-title elementor-size-default\">Europa<\/h2>\t\t\t\t<\/div>\n\t\t\t\t<\/div>\n\t\t\t\t<div class=\"elementor-element elementor-element-239adef tabella-costi-spedizione elementor-widget elementor-widget-html\" data-id=\"239adef\" data-element_type=\"widget\" data-e-type=\"widget\" data-widget_type=\"html.default\">\n\t\t\t\t<div class=\"elementor-widget-container\">\n\t\t\t\t\t<div class=\"dcf-overflow-x-auto\" tabindex=\"0\">\n<table class=\"dcf-table-striped dcf-w-100%\">\n\t<thead>\n\t\t<tr>\n\t\t\t<th scope=\"col\">R\u00e9gion<\/th>\n\t\t\t<th scope=\"col\">de 0,1 kg \u00e0 5 kg<\/th>\n\t\t\t<th scope=\"col\">de 5,01 kg \u00e0 30 kg<\/th>\n\t\t\t<th scope=\"col\">de 30,01 kg \u00e0 60 kg<\/th>\n\t\t\t<th scope=\"col\">de 60,01 kg \u00e0 90 kg<\/th>\n\t\t\t<th scope=\"col\">de 90,01 kg \u00e0 300 kg<\/th>\n\t\t\t<th scope=\"col\">de 300,01 kg \u00e0 450 kg<\/th>\n\t\t\t<th scope=\"col\">de 450,01 kg \u00e0 750 kg<\/th>\n\t\t\t<th scope=\"col\">de 750,01 kg \u00e0 1019 kg<\/th>\n\t\t<\/tr>\n\t<\/thead>\n\t<tbody>\n\t\t<tr>\n\t\t\t<th scope=\"row\">Sicilia<\/th>\n\t\t\t<td data-label=\"de 0,1 kg \u00e0 5 kg\">\u20ac 11,50<\/td>\n\t\t\t<td data-label=\"de 5,01 kg \u00e0 30 kg\">\u20ac 15,00<\/td>\n\t\t\t<td data-label=\"de 30,01 kg \u00e0 60 kg\">\u20ac 21,00<\/td>\n\t\t\t<td data-label=\"de 60,01 kg \u00e0 90 kg\">\u20ac 29,00<\/td>\n\t\t\t<td data-label=\"de 90,01 kg \u00e0 300 kg\">\u20ac 69,00<\/td>\n\t\t\t<td data-label=\"de 300,01 kg \u00e0 450 kg\">\u20ac 90,00<\/td>\n\t\t\t<td data-label=\"de 450,01 kg \u00e0 750 kg\">\u20ac 145,00<\/td>\n\t\t\t<td data-label=\"de 750,01 kg \u00e0 1019 kg\">\u20ac 153,00<\/td>\n\t\t<\/tr>\n\t\t<tr>\n\t\t\t<th scope=\"row\">Piemonte<\/th>\n\t\t\t<td data-label=\"de 0,1 kg \u00e0 5 kg\">\u20ac 9,00<\/td>\n\t\t\t<td data-label=\"de 5,01 kg \u00e0 30 kg\">\u20ac 13,00<\/td>\n\t\t\t<td data-label=\"de 30,01 kg \u00e0 60 kg\">\u20ac 15,00<\/td>\n\t\t\t<td data-label=\"de 60,01 kg \u00e0 90 kg\">\u20ac 22,00<\/td>\n\t\t\t<td data-label=\"de 90,01 kg \u00e0 300 kg\">\u20ac 49,00<\/td>\n\t\t\t<td data-label=\"de 300,01 kg \u00e0 450 kg\">\u20ac 57,00<\/td>\n\t\t\t<td data-label=\"de 450,01 kg \u00e0 750 kg\">\u20ac 73,00<\/td>\n\t\t\t<td data-label=\"de 750,01 kg \u00e0 1019 kg\">\u20ac 75,00<\/td>\n\t\t<\/tr>\n\t\t<tr>\n\t\t\t<th scope=\"row\">Sardegna<\/th>\n\t\t\t<td data-label=\"de 0,1 kg \u00e0 5 kg\">\u20ac 13,00<\/td>\n\t\t\t<td data-label=\"de 5,01 kg \u00e0 30 kg\">\u20ac 16,50<\/td>\n\t\t\t<td data-label=\"de 30,01 kg \u00e0 60 kg\">\u20ac 24,00<\/td>\n\t\t\t<td data-label=\"de 60,01 kg \u00e0 90 kg\">\u20ac 32,00<\/td>\n\t\t\t<td data-label=\"de 90,01 kg \u00e0 300 kg\">\u20ac 69,00<\/td>\n\t\t\t<td data-label=\"de 300,01 kg \u00e0 450 kg\">\u20ac 86,00<\/td>\n\t\t\t<td data-label=\"de 450,01 kg \u00e0 750 kg\">\u20ac 134,00<\/td>\n\t\t\t<td data-label=\"de 750,01 kg \u00e0 1019 kg\">\u20ac 143,00<\/td>\n\t\t<\/tr>\n\t\t<tr>\n\t\t\t<th scope=\"row\">Lombardia<\/th>\n\t\t\t<td data-label=\"de 0,1 kg \u00e0 5 kg\">\u20ac 9,00<\/td>\n\t\t\t<td data-label=\"de 5,01 kg \u00e0 30 kg\">\u20ac 13,00<\/td>\n\t\t\t<td data-label=\"de 30,01 kg \u00e0 60 kg>\u20ac 15,00<\/td>\n\t\t\t<td data-label=\"de 60,01 kg \u00e0 90 kg>\u20ac 22,00<\/td>\n\t\t\t<td data-label=\"de 90,01 kg \u00e0 300 kg\">\u20ac 49,00<\/td>\n\t\t\t<td data-label=\"de 300,01 kg \u00e0 450 kg\">\u20ac 54,00<\/td>\n\t\t\t<td data-label=\"de 450,01 kg \u00e0 750 kg\">\u20ac 68,00<\/td>\n\t\t\t<td data-label=\"de 750,01 kg \u00e0 1019 kg\">\u20ac 73,00<\/td>\n\t\t<\/tr>\n\t\t<tr>\n\t\t\t<th scope=\"row\">Toscana<\/th>\n\t\t\t<td data-label=\"de 0,1 kg \u00e0 5 kg>\u20ac 9,00<\/td>\n\t\t\t<td data-label=\"de 5,01 kg \u00e0 30 kg\">\u20ac 13,00<\/td>\n\t\t\t<td data-label=\"de 30,01 kg \u00e0 60 kg\">\u20ac 15,00<\/td>\n\t\t\t<td data-label=\"de 60,01 kg \u00e0 90 kg\">\u20ac 22,00<\/td>\n\t\t\t<td data-label=\"de 90,01 kg \u00e0 300 kg\">\u20ac 46,00<\/td>\n\t\t\t<td data-label=\"de 300,01 kg \u00e0 450 kg\">\u20ac 53,00<\/td>\n\t\t\t<td data-label=\"de 450,01 kg \u00e0 750 kg\">\u20ac 68,00<\/td>\n\t\t\t<td data-label=\"de 750,01 kg \u00e0 1019 kg\">\u20ac 73,00<\/td>\n\t\t<\/tr>\n\t\t<tr>\n\t\t\t<th scope=\"row\">Emilia-Romagna + Rep. San Marino<\/th>\n\t\t\t<td data-label=\"de 0,1 kg \u00e0 5 kg\">\u20ac 9,00<\/td>\n\t\t\t<td data-label=\"de 5,01 kg \u00e0 30 kg\">\u20ac 13,00<\/td>\n\t\t\t<td data-label=\"de 30,01 kg \u00e0 60 kg\">\u20ac 15,00<\/td>\n\t\t\t<td data-label=\"de 60,01 kg \u00e0 90 kg\">\u20ac 22,00<\/td>\n\t\t\t<td data-label=\"de 90,01 kg \u00e0 300 kg\">\u20ac 45,00<\/td>\n\t\t\t<td data-label=\"de 300,01 kg \u00e0 450 kg\">\u20ac 50,00<\/td>\n\t\t\t<td data-label=\"de 450,01 kg \u00e0 750 kg\">\u20ac 55,00<\/td>\n\t\t\t<td data-label=\"de 750,01 kg \u00e0 1019 kg\">\u20ac 63,00<\/td>\n\t\t<\/tr>\n\t\t<tr>\n\t\t\t<th scope=\"row\">Puglia<\/th>\n\t\t\t<td data-label=\"de 0,1 kg \u00e0 5 kg\">\u20ac 9,00<\/td>\n\t\t\t<td data-label=\"de 5,01 kg \u00e0 30 kg\">\u20ac 13,00<\/td>\n\t\t\t<td data-label=\"de 30,01 kg \u00e0 60 kg>\u20ac 15,00<\/td>\n\t\t\t<td data-label=\"de 60,01 kg \u00e0 90 kg\">\u20ac 22,00<\/td>\n\t\t\t<td data-label=\"de 90,01 kg \u00e0 300 kg\">\u20ac 55,00<\/td>\n\t\t\t<td data-label=\"de 300,01 kg \u00e0 450 kg\">\u20ac 66,00<\/td>\n\t\t\t<td data-label=\"de 450,01 kg \u00e0 750 kg\">\u20ac 93,00<\/td>\n\t\t\t<td data-label=\"de 750,01 kg \u00e0 1019 kg\">\u20ac 103,00<\/td>\n\t\t<\/tr>\n\t\t<tr>\n\t\t\t<th scope=\"row\">Veneto<\/th>\n\t\t\t<td data-label=\"de 0,1 kg \u00e0 5 kg\">\u20ac 9,00<\/td>\n\t\t\t<td data-label=\"de 5,01 kg \u00e0 30 kg\">\u20ac 13,00<\/td>\n\t\t\t<td data-label=\"de 30,01 kg \u00e0 60 kg\">\u20ac 15,00<\/td>\n\t\t\t<td data-label=\"de 60,01 kg \u00e0 90 kg\">\u20ac 22,00<\/td>\n\t\t\t<td data-label=\"de 90,01 kg \u00e0 300 kg\">\u20ac 45,00<\/td>\n\t\t\t<td data-label=\"de 300,01 kg \u00e0 450 kg\">\u20ac 52,00<\/td>\n\t\t\t<td data-label=\"de 450,01 kg \u00e0 750 kg\">\u20ac 63,00<\/td>\n\t\t\t<td data-label=\"de 750,01 kg \u00e0 1019 kg\">\u20ac 69,00<\/td>\n\t\t<\/tr>\n\t\t<tr>\n\t\t\t<th scope=\"row\">Lazio<\/th>\n\t\t\t<td data-label=\"de 0,1 kg \u00e0 5 kg\">\u20ac 9,00<\/td>\n\t\t\t<td data-label=\"de 5,01 kg \u00e0 30 kg\">\u20ac 13,00<\/td>\n\t\t\t<td data-label=\"de 30,01 kg \u00e0 60 kg\">\u20ac 15,00<\/td>\n\t\t\t<td data-label=\"de 60,01 kg \u00e0 90 kg\">\u20ac 22,00<\/td>\n\t\t\t<td data-label=\"de 90,01 kg \u00e0 300 kg\">\u20ac 51,00<\/td>\n\t\t\t<td data-label=\"de 300,01 kg \u00e0 450 kg\">\u20ac 59,00<\/td>\n\t\t\t<td data-label=\"de 450,01 kg \u00e0 750 kg\">\u20ac 79,00<\/td>\n\t\t\t<td data-label=\"de 750,01 kg \u00e0 1019 kg\">\u20ac 88,00<\/td>\n\t\t<\/tr>\n\t\t<tr>\n\t\t\t<th scope=\"row\">Calabria<\/th>\n\t\t\t<td data-label=\"de 0,1 kg \u00e0 5 kg\">\u20ac 11,50<\/td>\n\t\t\t<td data-label=\"de 5,01 kg \u00e0 30 kg\">\u20ac 15,00<\/td>\n\t\t\t<td data-label=\"de 30,01 kg \u00e0 60 kg\">\u20ac 21,00<\/td>\n\t\t\t<td data-label=\"da 61 kg a 90 kg\">\u20ac 29,00<\/td>\n\t\t\t<td data-label=\"de 90,01 kg \u00e0 300 kg\">\u20ac 62,00<\/td>\n\t\t\t<td data-label=\"de 300,01 kg \u00e0 450 kg\">\u20ac 80,00<\/td>\n\t\t\t<td data-label=\"de 450,01 kg \u00e0 750 kg\">\u20ac 118,00<\/td>\n\t\t\t<td data-label=\"de 750,01 kg \u00e0 1019 kg\">\u20ac 130,00<\/td>\n\t\t<\/tr>\n\t\t<tr>\n\t\t\t<th scope=\"row\">Campania<\/th>\n\t\t\t<td data-label=\"de 0,1 kg \u00e0 5 kg\">\u20ac 9,00<\/td>\n\t\t\t<td data-label=\"de 5,01 kg \u00e0 30 kg\">\u20ac 13,00<\/td>\n\t\t\t<td data-label=\"de 30,01 kg \u00e0 60 kg\">\u20ac 15,00<\/td>\n\t\t\t<td data-label=\"de 60,01 kg \u00e0 90 kg\">\u20ac 22,00<\/td>\n\t\t\t<td data-label=\"de 90,01 kg \u00e0 300 kg\">\u20ac 55,00<\/td>\n\t\t\t<td data-label=\"de 300,01 kg \u00e0 450 kg\">\u20ac 64,00<\/td>\n\t\t\t<td data-label=\"de 450,01 kg \u00e0 750 kg\">\u20ac 91,00<\/td>\n\t\t\t<td data-label=\"de 750,01 kg \u00e0 1019 kg\">\u20ac 96,00<\/td>\n\t\t<\/tr>\n\t\t<tr>\n\t\t\t<th scope=\"row\">Trentino-Alto Adige<\/th>\n\t\t\t<td data-label=\"de 0,1 kg \u00e0 5 kg\">\u20ac 9,00<\/td>\n\t\t\t<td data-label=\"de 5,01 kg \u00e0 30 kg\">\u20ac 13,00<\/td>\n\t\t\t<td data-label=\"de 30,01 kg \u00e0 60 kg\">\u20ac 15,00<\/td>\n\t\t\t<td data-label=\"de 60,01 kg \u00e0 90 kg\">\u20ac 22,00<\/td>\n\t\t\t<td data-label=\"de 90,01 kg \u00e0 300 kg\">\u20ac 46,00<\/td>\n\t\t\t<td data-label=\"de 300,01 kg \u00e0 450 kg\">\u20ac 53,00<\/td>\n\t\t\t<td data-label=\"de 450,01 kg \u00e0 750 kg\">\u20ac 70,00<\/td>\n\t\t\t<td data-label=\"de 750,01 kg \u00e0 1019 kg\">\u20ac 76,00<\/td>\n\t\t<\/tr>\n\t\t<tr>\n\t\t\t<th scope=\"row\">Abruzzo<\/th>\n\t\t\t<td data-label=\"de 0,1 kg \u00e0 5 kg\">\u20ac 9,00<\/td>\n\t\t\t<td data-label=\"de 5,01 kg \u00e0 30 kg\">\u20ac 13,00<\/td>\n\t\t\t<td data-label=\"de 30,01 kg \u00e0 60 kg\">\u20ac 15,00<\/td>\n\t\t\t<td data-label=\"de 60,01 kg \u00e0 90 kg\">\u20ac 22,00<\/td>\n\t\t\t<td data-label=\"de 90,01 kg \u00e0 300 kg\">\u20ac 48,00<\/td>\n\t\t\t<td data-label=\"de 300,01 kg \u00e0 450 kg\">\u20ac 57,00<\/td>\n\t\t\t<td data-label=\"de 450,01 kg \u00e0 750 kg\">\u20ac 75,00<\/td>\n\t\t\t<td data-label=\"de 750,01 kg \u00e0 1019 kg\">\u20ac 84,00<\/td>\n\t\t<\/tr>\n\t\t<tr>\n\t\t\t<th scope=\"row\">Basilicata<\/th>\n\t\t\t<td data-label=\"de 0,1 kg \u00e0 5 kg\">\u20ac 9,00<\/td>\n\t\t\t<td data-label=\"de 5,01 kg \u00e0 30 kg\">\u20ac 13,00<\/td>\n\t\t\t<td data-label=\"de 30,01 kg \u00e0 60 kg\">\u20ac 15,00<\/td>\n\t\t\t<td data-label=\"de 60,01 kg \u00e0 90 kg\">\u20ac 22,00<\/td>\n\t\t\t<td data-label=\"de 90,01 kg \u00e0 300 kg\">\u20ac 61,00<\/td>\n\t\t\t<td data-label=\"de 300,01 kg \u00e0 450 kg\">\u20ac 59,00<\/td>\n\t\t\t<td data-label=\"de 450,01 kg \u00e0 750 kg\">\u20ac 112,00<\/td>\n\t\t\t<td data-label=\"de 750,01 kg \u00e0 1019 kg\">\u20ac 125,00<\/td>\n\t\t<\/tr>\n\t\t<tr>\n\t\t\t<th scope=\"row\">Marche<\/th>\n\t\t\t<td data-label=\"de 0,1 kg \u00e0 5 kg\">\u20ac 9,00<\/td>\n\t\t\t<td data-label=\"de 5,01 kg \u00e0 30 kg\">\u20ac 13,00<\/td>\n\t\t\t<td data-label=\"de 30,01 kg \u00e0 60 kg\">\u20ac 15,00<\/td>\n\t\t\t<td data-label=\"de 60,01 kg \u00e0 90 kg\">\u20ac 22,00<\/td>\n\t\t\t<td data-label=\"de 90,01 kg \u00e0 300 kg\">\u20ac 56,00<\/td>\n\t\t\t<td data-label=\"de 300,01 kg \u00e0 450 kg\">\u20ac 53,00<\/td>\n\t\t\t<td data-label=\"de 450,01 kg \u00e0 750 kg\">\u20ac 66,00<\/td>\n\t\t\t<td data-label=\"de 750,01 kg \u00e0 1019 kg\">\u20ac 73,00<\/td>\n\t\t<\/tr>\n\t\t<tr>\n\t\t\t<th scope=\"row\">Umbria<\/th>\n\t\t\t<td data-label=\"de 0,1 kg \u00e0 5 kg\">\u20ac 9,00<\/td>\n\t\t\t<td data-label=\"de 5,01 kg \u00e0 30 kg\">\u20ac 13,00<\/td>\n\t\t\t<td data-label=\"de 30,01 kg \u00e0 60 kg\">\u20ac 15,00<\/td>\n\t\t\t<td data-label=\"de 60,01 kg \u00e0 90 kg\">\u20ac 22,00<\/td>\n\t\t\t<td data-label=\"de 90,01 kg \u00e0 300 kg\">\u20ac 46,00<\/td>\n\t\t\t<td data-label=\"de 300,01 kg \u00e0 450 kg\">\u20ac 53,00<\/td>\n\t\t\t<td data-label=\"de 450,01 kg \u00e0 750 kg\">\u20ac 69,00<\/td>\n\t\t\t<td data-label=\"de 750,01 kg \u00e0 1019 kg\">\u20ac 75,00<\/td>\n\t\t<\/tr>\n\t\t<tr>\n\t\t\t<th scope=\"row\">Friuli-Venezia Giulia<\/th>\n\t\t\t<td data-label=\"de 0,1 kg \u00e0 5 kg\">\u20ac 9,00<\/td>\n\t\t\t<td data-label=\"de 5,01 kg \u00e0 30 kg\">\u20ac 13,00<\/td>\n\t\t\t<td data-label=\"de 30,01 kg \u00e0 60 kg\">\u20ac 15,00<\/td>\n\t\t\t<td data-label=\"de 60,01 kg \u00e0 90 kg\">\u20ac 22,00<\/td>\n\t\t\t<td data-label=\"de 90,01 kg \u00e0 300 kg\">\u20ac 46,00<\/td>\n\t\t\t<td data-label=\"de 300,01 kg \u00e0 450 kg\">\u20ac 53,00<\/td>\n\t\t\t<td data-label=\"de 450,01 kg \u00e0 750 kg\">\u20ac 70,00<\/td>\n\t\t\t<td data-label=\"de 750,01 kg \u00e0 1019 kg\">\u20ac 76,00<\/td>\n\t\t<\/tr>\n\t\t<tr>\n\t\t\t<th scope=\"row\">Liguria<\/th>\n\t\t\t<td data-label=\"de 0,1 kg \u00e0 5 kg\">\u20ac 9,00<\/td>\n\t\t\t<td data-label=\"de 5,01 kg \u00e0 30 kg\">\u20ac 13,00<\/td>\n\t\t\t<td data-label=\"de 30,01 kg \u00e0 60 kg\">\u20ac 15,00<\/td>\n\t\t\t<td data-label=\"de 60,01 kg \u00e0 90 kg\">\u20ac 22,00<\/td>\n\t\t\t<td data-label=\"de 90,01 kg \u00e0 300 kg\">\u20ac 50,00<\/td>\n\t\t\t<td data-label=\"de 300,01 kg \u00e0 450 kg\">\u20ac 59,00<\/td>\n\t\t\t<td data-label=\"de 450,01 kg \u00e0 750 kg\">\u20ac 73,00<\/td>\n\t\t\t<td data-label=\"de 750,01 kg \u00e0 1019 kg\">\u20ac 83,00<\/td>\n\t\t<\/tr>\n\t\t<tr>\n\t\t\t<th scope=\"row\">Molise<\/th>\n\t\t\t<td data-label=\"de 0,1 kg \u00e0 5 kg\">\u20ac 9,00<\/td>\n\t\t\t<td data-label=\"de 5,01 kg \u00e0 30 kg\">\u20ac 13,00<\/td>\n\t\t\t<td data-label=\"de 30,01 kg \u00e0 60 kg\">\u20ac 15,00<\/td>\n\t\t\t<td data-label=\"de 60,01 kg \u00e0 90 kg\">\u20ac 22,00<\/td>\n\t\t\t<td data-label=\"de 90,01 kg \u00e0 300 kg\">\u20ac 55,00<\/td>\n\t\t\t<td data-label=\"de 300,01 kg \u00e0 450 kg\">\u20ac 78,00<\/td>\n\t\t\t<td data-label=\"de 450,01 kg \u00e0 750 kg\">\u20ac 96,00<\/td>\n\t\t\t<td data-label=\"de 750,01 kg \u00e0 1019 kg\">\u20ac 106,00<\/td>\n\t\t<\/tr>\n\t\t<tr>\n\t\t\t<th scope=\"row\">Valle d'Aosta<\/th>\n\t\t\t<td data-label=\"de 0,1 kg \u00e0 5 kg\">\u20ac 9,00<\/td>\n\t\t\t<td data-label=\"de 5,01 kg \u00e0 30 kg\">\u20ac 13,00<\/td>\n\t\t\t<td data-label=\"de 30,01 kg \u00e0 60 kg\">\u20ac 15,00<\/td>\n\t\t\t<td data-label=\"de 60,01 kg \u00e0 90 kg\">\u20ac 22,00<\/td>\n\t\t\t<td data-label=\"de 90,01 kg \u00e0 300 kg\">\u20ac 49,00<\/td>\n\t\t\t<td data-label=\"de 300,01 kg \u00e0 450 kg\">\u20ac 63,00<\/td>\n\t\t\t<td data-label=\"de 450,01 kg \u00e0 750 kg\">\u20ac 87,00<\/td>\n\t\t\t<td data-label=\"de 750,01 kg \u00e0 1019 kg\">\u20ac 96,00<\/td>\n\t\t<\/tr>\n\t<\/tbody>\n<\/table><\/div>\n\t\t\t\t<\/div>\n\t\t\t\t<\/div>\n\t\t\t\t<div class=\"elementor-element elementor-element-833014a elementor-widget elementor-widget-text-editor\" data-id=\"833014a\" data-element_type=\"widget\" data-e-type=\"widget\" data-widget_type=\"text-editor.default\">\n\t\t\t\t<div class=\"elementor-widget-container\">\n\t\t\t\t\t\t\t\t\t<p>Spedizioni gratuite per ordini sopra ai 200 euro. NB: I mangimi non concorrono alla soglia di spedizione gratuita. Per l\u2019acquisto di bancali di mangimi, inviare una mail a <a href=\"mailto:ordini@lineaunika.it\">ordini@lineaunika.it<\/a>.<\/p>\n\t\t\t\t\t\t\t\t<\/div>\n\t\t\t\t<\/div>\n\t\t\t\t<div class=\"elementor-element elementor-element-4258374 tabella-costi-spedizione elementor-widget elementor-widget-html\" data-id=\"4258374\" data-element_type=\"widget\" data-e-type=\"widget\" data-widget_type=\"html.default\">\n\t\t\t\t<div class=\"elementor-widget-container\">\n\t\t\t\t\t<div class=\"dcf-overflow-x-auto\" tabindex=\"0\">\n<table class=\"dcf-table-striped dcf-w-100%\">\n\t<thead>\n\t\t<tr>\n\t\t\t<th scope=\"col\">Pays<\/th>\n\t\t\t<th scope=\"col\">de 0,1 kg \u00e0 5 kg<\/th>\n\t\t\t<th scope=\"col\">de 5,01 kg \u00e0 29 kg<\/th>\n\t\t\t<th scope=\"col\">de 29,01 kg \u00e0 59 kg<\/th>\n\t\t\t<th scope=\"col\">Plus de 60 kg<\/th>\n\t\t<\/tr>\n\t<\/thead>\n\t<tbody>\n\t\t<tr>\n\t\t\t<th scope=\"row\"><span><ul style=\"list-style: none; padding-left: 0px;\">\n \t<li>Austria<\/li>\n \t<li>Belgio<\/li>\n \t<li>Lussemburgo<\/li>\n \t<li>Germania<\/li>\n \t<li>Olanda<\/li>\n<\/ul><\/span><\/th>\n\t\t\t<td data-label=\"de 0,1 kg \u00e0 5 kg\">\u20ac 9,00<\/td>\n\t\t\t<td data-label=\"de 5,01 kg \u00e0 29 kg\">\u20ac 18,00<\/td>\n\t\t\t<td data-label=\"de 29,01 kg \u00e0 59 kg\">\u20ac 34,00<\/td>\n\t\t\t<td data-label=\"Plus de 60 kg\"><span>Per ordini superiori ai 60kg ti chiediamo di inviare una mail a <a href=\"mailto:ordini@lineaunika.it\">ordini@lineaunika.it<\/a><\/span><\/td>\n\t\t<\/tr>\n\t\t<tr>\n\t\t\t<th scope=\"row\"><span><ul style=\"list-style: none; padding-left: 0px;\">\n \t<li>Danimarca<\/li>\n \t<li>Francia<\/li>\n<\/ul><\/span><\/th>\n\t\t\t<td data-label=\"de 0,1 kg \u00e0 5 kg\">\u20ac 11,00<\/td>\n\t\t\t<td data-label=\"de 5,01 kg \u00e0 29 kg\">\u20ac 18,00<\/td>\n\t\t\t<td data-label=\"de 29,01 kg \u00e0 59 kg\">\u20ac 38,00<\/td>\n\t\t\t<td data-label=\"Plus de 60 kg\"><span>Per ordini superiori ai 60kg ti chiediamo di inviare una mail a <a href=\"mailto:ordini@lineaunika.it\">ordini@lineaunika.it<\/a><\/span><\/td>\n\t\t<\/tr>\n\t\t<tr>\n\t\t\t<th scope=\"row\"><span><ul style=\"list-style: none; padding-left: 0px;\">\n \t<li>Croazia<\/li>\n \t<li>Polonia<\/li>\n \t<li>Repubblica ceca<\/li>\n \t<li>Slovenia<\/li>\n \t<li>Spagna<\/li>\n \t<li>Ungheria<\/li>\n<\/ul><\/span><\/th>\n\t\t\t<td data-label=\"de 0,1 kg \u00e0 5 kg\">\u20ac 13,00<\/td>\n\t\t\t<td data-label=\"de 5,01 kg \u00e0 29 kg\">\u20ac 20,00<\/td>\n\t\t\t<td data-label=\"de 29,01 kg \u00e0 59 kg\">\u20ac 44,00<\/td>\n\t\t\t<td data-label=\"Plus de 60 kg\"><span>Per ordini superiori ai 60kg ti chiediamo di inviare una mail a <a href=\"mailto:ordini@lineaunika.it\">ordini@lineaunika.it<\/a><\/span><\/td>\n\t\t<\/tr>\n\t\t<tr>\n\t\t\t<th scope=\"row\"><span><ul style=\"list-style: none; padding-left: 0px;\">\n \t<li>Bulgaria<\/li>\n \t<li>Estonia<\/li>\n \t<li>Irlanda del Sud<\/li>\n \t<li>Lettonia<\/li>\n \t<li>Lituania<\/li>\n \t<li>Portogallo<\/li>\n \t<li>Romania<\/li>\n \t<li>Slovacchia<\/li>\n \t<li>Svezia<\/li>\n<\/ul><\/span><\/th>\n\t\t\t<td data-label=\"de 0,1 kg \u00e0 5 kg\">\u20ac 15,00<\/td>\n\t\t\t<td data-label=\"de 5,01 kg \u00e0 29 kg\">\u20ac 23,00<\/td>\n\t\t\t<td data-label=\"de 29,01 kg \u00e0 59 kg\">\u20ac 62,00<\/td>\n\t\t\t<td data-label=\"Plus de 60 kg\"><span>Per ordini superiori ai 60kg ti chiediamo di inviare una mail a <a href=\"mailto:ordini@lineaunika.it\">ordini@lineaunika.it<\/a><\/span><\/td>\n\t\t<\/tr>\n\t<\/tbody>\n<\/table>\n<\/div>\t\t\t\t<\/div>\n\t\t\t\t<\/div>\n\t\t\t\t\t<\/div>\n\t\t<\/div>\n\t\t\t\t\t<\/div>\n\t\t<\/section>\n\t\t\t\t<section class=\"elementor-section elementor-top-section elementor-element elementor-element-b3c0e80 elementor-section-boxed elementor-section-height-default elementor-section-height-default\" data-id=\"b3c0e80\" data-element_type=\"section\" data-e-type=\"section\">\n\t\t\t\t\t\t<div class=\"elementor-container elementor-column-gap-default\">\n\t\t\t\t\t<div class=\"elementor-column elementor-col-100 elementor-top-column elementor-element elementor-element-9af5a58\" data-id=\"9af5a58\" data-element_type=\"column\" data-e-type=\"column\">\n\t\t\t<div class=\"elementor-widget-wrap elementor-element-populated\">\n\t\t\t\t\t\t<div class=\"elementor-element elementor-element-1bcdae6 elementor-widget elementor-widget-heading\" data-id=\"1bcdae6\" data-element_type=\"widget\" data-e-type=\"widget\" data-widget_type=\"heading.default\">\n\t\t\t\t<div class=\"elementor-widget-container\">\n\t\t\t\t\t<h2 class=\"elementor-heading-title elementor-size-default\">Extra Europa<\/h2>\t\t\t\t<\/div>\n\t\t\t\t<\/div>\n\t\t\t\t<div class=\"elementor-element elementor-element-f482f84 elementor-widget elementor-widget-text-editor\" data-id=\"f482f84\" data-element_type=\"widget\" data-e-type=\"widget\" data-widget_type=\"text-editor.default\">\n\t\t\t\t<div class=\"elementor-widget-container\">\n\t\t\t\t\t\t\t\t\t<p>Inviare una mail a <a href=\"mailto:ordini@lineaunika.it\">ordini@lineaunika.it<\/a> per ordini extra europa.<\/p>\n\t\t\t\t\t\t\t\t<\/div>\n\t\t\t\t<\/div>\n\t\t\t\t\t<\/div>\n\t\t<\/div>\n\t\t\t\t\t<\/div>\n\t\t<\/section>\n\t\t\t\t<\/div>\n\t\t","protected":false},"excerpt":{"rendered":"<p>Italia Livraison gratuite pour les commandes de plus de 200 euros. NB : Les flux et les produits conditionn\u00e9s en sacs de 25 kg ne sont pas \u00e9ligibles au seuil de livraison gratuit Europa R\u00e9gion de 0,1 kg \u00e0 5 kg de 5,01 kg \u00e0 30 kg de 30,01 kg \u00e0 60 kg de 60,01&#8230;<\/p>\n","protected":false},"author":8,"featured_media":0,"parent":0,"menu_order":0,"comment_status":"closed","ping_status":"closed","template":"","meta":{"_acf_changed":false,"_joinchat":[],"footnotes":""},"class_list":["post-10476","page","type-page","status-publish","hentry"],"acf":[],"_links":{"self":[{"href":"https:\/\/unika.sitointest.it\/fr\/wp-json\/wp\/v2\/pages\/10476","targetHints":{"allow":["GET"]}}],"collection":[{"href":"https:\/\/unika.sitointest.it\/fr\/wp-json\/wp\/v2\/pages"}],"about":[{"href":"https:\/\/unika.sitointest.it\/fr\/wp-json\/wp\/v2\/types\/page"}],"author":[{"embeddable":true,"href":"https:\/\/unika.sitointest.it\/fr\/wp-json\/wp\/v2\/users\/8"}],"replies":[{"embeddable":true,"href":"https:\/\/unika.sitointest.it\/fr\/wp-json\/wp\/v2\/comments?post=10476"}],"version-history":[{"count":25,"href":"https:\/\/unika.sitointest.it\/fr\/wp-json\/wp\/v2\/pages\/10476\/revisions"}],"predecessor-version":[{"id":16990,"href":"https:\/\/unika.sitointest.it\/fr\/wp-json\/wp\/v2\/pages\/10476\/revisions\/16990"}],"wp:attachment":[{"href":"https:\/\/unika.sitointest.it\/fr\/wp-json\/wp\/v2\/media?parent=10476"}],"curies":[{"name":"wp","href":"https:\/\/api.w.org\/{rel}","templated":true}]}}