{"id":9965,"date":"2022-11-10T15:42:57","date_gmt":"2022-11-10T14:42:57","guid":{"rendered":"https:\/\/lineaunika.jumpgroup.it\/shop\/unkategorisiert\/broncholipto\/"},"modified":"2026-02-16T18:08:37","modified_gmt":"2026-02-16T17:08:37","slug":"broncholipto","status":"publish","type":"product","link":"https:\/\/unika.sitointest.it\/de\/shop\/naehrstoffe-und-vitamine\/broncholipto\/","title":{"rendered":"Broncholipto"},"content":{"rendered":"<h4>Erg\u00e4nzungsfutter f\u00fcr Pferde<\/h4>\n<p>Broncholipto ist das fl\u00fcssige Erg\u00e4nzungsfutter zum Schutz der physiologischen Bedingungen des Atmungssystems. Broncholipto enth\u00e4lt Kr\u00e4uter und Pflanzenextrakte, die f\u00fcr ihre balsamischen Eigenschaften bekannt sind.<\/p>\n<h4>Wann es zu verwenden ist<\/h4>\n<p>Broncholipto kann bei Pferden eingesetzt werden, deren physiologische Bedingungen des Atmungssystems gesch\u00fctzt werden m\u00fcssen. Ideal w\u00e4hrend des Jahreszeitwechsels oder in Zeiten extremer K\u00e4lte, wenn die Atemwege des Pferdes empfindlicher sind.<\/p>\n<h4>Eigenschaften der Bestandteile<\/h4>\n<p>Broncholipto enth\u00e4lt Pflanzenextrakte aus Eukalyptus und Minze; au\u00dferdem enth\u00e4lt es Propolis. Eukalyptus und Minze sind in der Phytotherapie f\u00fcr ihre wohltuenden Eigenschaften f\u00fcr das Atmungssystem bekannt (84). Propolis wirkt sich ebenfalls positiv auf die Atemwege aus. Die Fachliteratur zeigt auch antivirale und antibakterielle Eigenschaften an (89).<\/p>\n<h4>Gebrauchsanweisung<\/h4>\n<p>5 cl (= 50 ml) Broncholipto pro Tag (erste Messkerbe) unter die t\u00e4gliche Ration mischen und vorzugsweise f\u00fcr einen Zeitraum von min. 25 Tagen in Folge verabreichen.<\/p>\n<p>Nettogewicht: 1,5kg<\/p>\n<p>(<em>Aufgrund der Spezifit\u00e4t jedes Organismus sollten neue Allein- und Erg\u00e4nzungsfutter zuerst getestet werden, indem man sie schrittweise in die Ern\u00e4hrung des Pferdes einf\u00fchrt).<\/em><\/p>\n<p><em><strong>Wir f\u00fchren eine Etiketten\u00fcberpr\u00fcfung durch. Wenn Sie das Etikett vor dem Verkauf erhalten m\u00f6chten, bitten wir Sie, uns eine E-Mail an die folgende Adresse zu senden: info@lineaunika.it . Wir entschuldigen uns f\u00fcr die vor\u00fcbergehenden Unannehmlichkeiten.<\/strong><\/em><\/p>\n","protected":false},"excerpt":{"rendered":"<p>\u2714\ufe0f Flasche mit integriertem Spender<br \/>\n\u2714\ufe0f Fl\u00fcssiges Produkt f\u00fcr Pferde, die keine Pulver m\u00f6gen<br \/>\n\u2714\ufe0f F\u00fcr das physiologische Wohlbefinden der Atemwege<\/p>\n","protected":false},"featured_media":20783,"template":"","meta":{"_acf_changed":false,"_joinchat":[]},"product_brand":[],"product_cat":[445],"product_tag":[683,537,671],"class_list":{"0":"post-9965","1":"product","2":"type-product","3":"status-publish","4":"has-post-thumbnail","6":"product_cat-naehrstoffe-und-vitamine","7":"product_tag-lungen","8":"product_tag-saisonwechsel","9":"product_tag-winter-de","11":"first","12":"instock","13":"taxable","14":"shipping-taxable","15":"purchasable","16":"product-type-simple"},"acf":[],"_links":{"self":[{"href":"https:\/\/unika.sitointest.it\/de\/wp-json\/wp\/v2\/product\/9965","targetHints":{"allow":["GET"]}}],"collection":[{"href":"https:\/\/unika.sitointest.it\/de\/wp-json\/wp\/v2\/product"}],"about":[{"href":"https:\/\/unika.sitointest.it\/de\/wp-json\/wp\/v2\/types\/product"}],"version-history":[{"count":4,"href":"https:\/\/unika.sitointest.it\/de\/wp-json\/wp\/v2\/product\/9965\/revisions"}],"predecessor-version":[{"id":27801,"href":"https:\/\/unika.sitointest.it\/de\/wp-json\/wp\/v2\/product\/9965\/revisions\/27801"}],"wp:featuredmedia":[{"embeddable":true,"href":"https:\/\/unika.sitointest.it\/de\/wp-json\/wp\/v2\/media\/20783"}],"wp:attachment":[{"href":"https:\/\/unika.sitointest.it\/de\/wp-json\/wp\/v2\/media?parent=9965"}],"wp:term":[{"taxonomy":"product_brand","embeddable":true,"href":"https:\/\/unika.sitointest.it\/de\/wp-json\/wp\/v2\/product_brand?post=9965"},{"taxonomy":"product_cat","embeddable":true,"href":"https:\/\/unika.sitointest.it\/de\/wp-json\/wp\/v2\/product_cat?post=9965"},{"taxonomy":"product_tag","embeddable":true,"href":"https:\/\/unika.sitointest.it\/de\/wp-json\/wp\/v2\/product_tag?post=9965"}],"curies":[{"name":"wp","href":"https:\/\/api.w.org\/{rel}","templated":true}]}}