{"id":9924,"date":"2022-11-10T15:20:50","date_gmt":"2022-11-10T15:20:50","guid":{"rendered":"https:\/\/lineaunika.jumpgroup.it\/shop\/unkategorisiert\/gastro-health\/"},"modified":"2023-06-16T12:23:02","modified_gmt":"2023-06-16T12:23:02","slug":"gastro-health","status":"publish","type":"product","link":"https:\/\/unika.sitointest.it\/de\/shop\/naehrstoffe-und-vitamine\/gastro-health\/","title":{"rendered":"Gastro Health"},"content":{"rendered":"<p>Gastro Health ist das Alleinfutter f\u00fcr alle Pferde, die eine magenschonende Grundern\u00e4hrung ben\u00f6tigen. Gastro Health, das mit edlen, hochverdaulichen Rohstoffen formuliert wurde, nutzt zudem die phytotherapeutischen Eigenschaften der Lakritze, um dem Pferd ein einzigartiges Futter zu bieten.<\/p>\n<h4>Wann es zu verwenden ist<\/h4>\n<p>Das Erg\u00e4nzungsfutter Gastro Health eignet sich f\u00fcr:<br \/>\n\u2013 Pferde, deren physiologische Magenbedingungen gesch\u00fctzt werden m\u00fcssen<br \/>\n\u2013 Pferde, bei denen die st\u00e4ndigen Transporte sich auf den Magen niederschlagen<br \/>\n\u2013 Pferde, deren Emotionen sich auf den Magen niederschlagen<\/p>\n<h4>Eigenschaften der Bestandteile<\/h4>\n<p>Lakritze und Pflanzenkohle sind das Geheimnis von Gastro Health. Ein Produkt, das die in diesen nat\u00fcrlichen Elementen enthaltenen Eigenschaften nutzt, um das Pferd bei der Aufrechterhaltung der physiologischen Magenbedingungen zu unterst\u00fctzen.<\/p>\n<h4>Gebrauchsanweisung<\/h4>\n<p>2 bis 4 kg Gastro Health pro Pferd und Tag verwenden.<br \/>\nDie Futterrationen h\u00e4ngen von vielen Faktoren ab (Alter des Tieres, Umfang der sportlichen Aktivit\u00e4t, Rasse etc.).<br \/>\nBitte kontaktieren Sie uns, um N\u00e4heres \u00fcber die richtige Tagesration f\u00fcr Ihr Pferd zu erfahren.<\/p>\n<p>Entdecken Sie alle Vorteile und das Versandmanagement unserer Futtermittel, klicken Sie auf diesen <a href=\"https:\/\/media.lineaunika.it\/unika\/uploads\/2023\/06\/UNIKA-FUTTERMITTEL-DE.pdf\">Link<\/a>!<\/p>\n<p>&nbsp;<\/p>\n<p><em>(Aufgrund der Spezifit\u00e4t jedes Organismus sollten neue Allein- und Erg\u00e4nzungsfutter zuerst getestet werden, indem man sie schrittweise in die Ern\u00e4hrung des Pferdes einf\u00fchrt).<\/em><\/p>\n<p><em><strong>Wir f\u00fchren eine Etiketten\u00fcberpr\u00fcfung durch. Wenn Sie das Etikett vor dem Verkauf erhalten m\u00f6chten, bitten wir Sie, uns eine E-Mail an die folgende Adresse zu senden: info@lineaunika.it . Wir entschuldigen uns f\u00fcr die vor\u00fcbergehenden Unannehmlichkeiten.<\/strong><\/em><\/p>\n","protected":false},"excerpt":{"rendered":"<p>\u2714\ufe0f 4 mm Pellets zum einfachen Kauen<br \/>\n\u2714\ufe0f Auch f\u00fcr warme Pferde geeignet<br \/>\n\u2714\ufe0f Unterst\u00fctzt das Wohlbefinden des Magens<\/p>\n","protected":false},"featured_media":21279,"template":"","meta":{"_acf_changed":false,"_joinchat":[]},"product_brand":[],"product_cat":[445],"product_tag":[579,595,611,493,855,599],"class_list":{"0":"post-9924","1":"product","2":"type-product","3":"status-publish","4":"has-post-thumbnail","6":"product_cat-naehrstoffe-und-vitamine","7":"product_tag-angst-und-stress","8":"product_tag-gastritis-de","9":"product_tag-kein-mais-und-getreide","10":"product_tag-magen-und-darm","11":"product_tag-mangimi-de","12":"product_tag-niedriger-glykaemischer-index","13":"product_shipping_class-mangimi","15":"first","16":"instock","17":"taxable","18":"shipping-taxable","19":"purchasable","20":"product-type-variable"},"acf":[],"_links":{"self":[{"href":"https:\/\/unika.sitointest.it\/de\/wp-json\/wp\/v2\/product\/9924","targetHints":{"allow":["GET"]}}],"collection":[{"href":"https:\/\/unika.sitointest.it\/de\/wp-json\/wp\/v2\/product"}],"about":[{"href":"https:\/\/unika.sitointest.it\/de\/wp-json\/wp\/v2\/types\/product"}],"version-history":[{"count":3,"href":"https:\/\/unika.sitointest.it\/de\/wp-json\/wp\/v2\/product\/9924\/revisions"}],"predecessor-version":[{"id":15591,"href":"https:\/\/unika.sitointest.it\/de\/wp-json\/wp\/v2\/product\/9924\/revisions\/15591"}],"wp:featuredmedia":[{"embeddable":true,"href":"https:\/\/unika.sitointest.it\/de\/wp-json\/wp\/v2\/media\/21279"}],"wp:attachment":[{"href":"https:\/\/unika.sitointest.it\/de\/wp-json\/wp\/v2\/media?parent=9924"}],"wp:term":[{"taxonomy":"product_brand","embeddable":true,"href":"https:\/\/unika.sitointest.it\/de\/wp-json\/wp\/v2\/product_brand?post=9924"},{"taxonomy":"product_cat","embeddable":true,"href":"https:\/\/unika.sitointest.it\/de\/wp-json\/wp\/v2\/product_cat?post=9924"},{"taxonomy":"product_tag","embeddable":true,"href":"https:\/\/unika.sitointest.it\/de\/wp-json\/wp\/v2\/product_tag?post=9924"}],"curies":[{"name":"wp","href":"https:\/\/api.w.org\/{rel}","templated":true}]}}