{"id":9889,"date":"2022-11-10T14:32:06","date_gmt":"2022-11-10T13:32:06","guid":{"rendered":"https:\/\/lineaunika.jumpgroup.it\/shop\/unkategorisiert\/unika-yeast\/"},"modified":"2026-02-16T18:09:28","modified_gmt":"2026-02-16T17:09:28","slug":"unika-yeast","status":"publish","type":"product","link":"https:\/\/unika.sitointest.it\/de\/shop\/naehrstoffe-und-vitamine\/unika-yeast\/","title":{"rendered":"Unika Yeast"},"content":{"rendered":"<h4>Erg\u00e4nzungsfutter f\u00fcr Pferde<\/h4>\n<p>Unika Yeast ist das Erg\u00e4nzungsfutter f\u00fcr Pferde, die in ihrer t\u00e4glichen Ern\u00e4hrung eine gr\u00f6\u00dfere Menge an edlen Hefequellen ben\u00f6tigen. Unika Yeast bietet nicht nur alle Vorteile der Hefe, sondern erg\u00e4nzt die Pferdenahrung mit wichtigen Vitaminen und Aminos\u00e4uren.<\/p>\n<h4>Wann es zu verwenden ist<\/h4>\n<p>Das Erg\u00e4nzungsfutter Unika Yeast eignet sich f\u00fcr:<\/p>\n<p>&#8211; die Erg\u00e4nzung der Pferdeern\u00e4hrung mit Vitaminen der Gruppe B<br \/>\n&#8211; die Erh\u00f6hung des Proteinanteils in der t\u00e4glichen Pferdenahrung<\/p>\n<h4>Gebrauchsanweisung<\/h4>\n<p>50-60 g Unika Hefe pro Tag unter die t\u00e4gliche Ration mischen.<\/p>\n<p><em>(Aufgrund der Spezifit\u00e4t jedes Organismus sollten neue Allein- und Erg\u00e4nzungsfutter zuerst getestet werden, indem man sie schrittweise in die Ern\u00e4hrung des Pferdes einf\u00fchrt).<\/em><\/p>\n<p><em><strong>Wir f\u00fchren eine Etiketten\u00fcberpr\u00fcfung durch. Wenn Sie das Etikett vor dem Verkauf erhalten m\u00f6chten, bitten wir Sie, uns eine E-Mail an die folgende Adresse zu senden: info@lineaunika.it . Wir entschuldigen uns f\u00fcr die vor\u00fcbergehenden Unannehmlichkeiten.<\/strong><\/em><\/p>\n","protected":false},"excerpt":{"rendered":"<p>\u2714\ufe0f Praktischer Messbecher in der Verpackung<br \/>\n\u2714\ufe0f Es unterst\u00fctzt das Wohlbefinden des Darms<br \/>\n\u2714\ufe0f Mit Pr\u00e4biotika und Vitaminen<\/p>\n","protected":false},"featured_media":21566,"template":"","meta":{"_acf_changed":false,"_joinchat":[]},"product_brand":[],"product_cat":[445],"product_tag":[493],"class_list":{"0":"post-9889","1":"product","2":"type-product","3":"status-publish","4":"has-post-thumbnail","6":"product_cat-naehrstoffe-und-vitamine","7":"product_tag-magen-und-darm","9":"first","10":"instock","11":"taxable","12":"shipping-taxable","13":"purchasable","14":"product-type-simple"},"acf":[],"_links":{"self":[{"href":"https:\/\/unika.sitointest.it\/de\/wp-json\/wp\/v2\/product\/9889","targetHints":{"allow":["GET"]}}],"collection":[{"href":"https:\/\/unika.sitointest.it\/de\/wp-json\/wp\/v2\/product"}],"about":[{"href":"https:\/\/unika.sitointest.it\/de\/wp-json\/wp\/v2\/types\/product"}],"version-history":[{"count":2,"href":"https:\/\/unika.sitointest.it\/de\/wp-json\/wp\/v2\/product\/9889\/revisions"}],"predecessor-version":[{"id":15774,"href":"https:\/\/unika.sitointest.it\/de\/wp-json\/wp\/v2\/product\/9889\/revisions\/15774"}],"wp:featuredmedia":[{"embeddable":true,"href":"https:\/\/unika.sitointest.it\/de\/wp-json\/wp\/v2\/media\/21566"}],"wp:attachment":[{"href":"https:\/\/unika.sitointest.it\/de\/wp-json\/wp\/v2\/media?parent=9889"}],"wp:term":[{"taxonomy":"product_brand","embeddable":true,"href":"https:\/\/unika.sitointest.it\/de\/wp-json\/wp\/v2\/product_brand?post=9889"},{"taxonomy":"product_cat","embeddable":true,"href":"https:\/\/unika.sitointest.it\/de\/wp-json\/wp\/v2\/product_cat?post=9889"},{"taxonomy":"product_tag","embeddable":true,"href":"https:\/\/unika.sitointest.it\/de\/wp-json\/wp\/v2\/product_tag?post=9889"}],"curies":[{"name":"wp","href":"https:\/\/api.w.org\/{rel}","templated":true}]}}